{"id":3594,"date":"2025-05-12T00:24:50","date_gmt":"2025-05-12T08:24:50","guid":{"rendered":"https:\/\/bavin.net.cn\/?page_id=3594"},"modified":"2025-05-12T00:25:44","modified_gmt":"2025-05-12T08:25:44","slug":"privacy-policy","status":"publish","type":"page","link":"https:\/\/bavin.net.cn\/de\/privacy-policy\/","title":{"rendered":"Datenschutzrichtlinie"},"content":{"rendered":"<div data-elementor-type=\"wp-page\" data-elementor-id=\"3594\" class=\"elementor elementor-3594\" data-elementor-post-type=\"page\">\n\t\t\t\t<div class=\"elementor-element elementor-element-2f8830b e-flex e-con-boxed e-con e-parent\" data-id=\"2f8830b\" data-element_type=\"container\" data-e-type=\"container\">\n\t\t\t\t\t<div class=\"e-con-inner\">\n\t\t\t\t<div class=\"elementor-element elementor-element-4e2c7a4 elementor-widget elementor-widget-text-editor\" data-id=\"4e2c7a4\" data-element_type=\"widget\" data-e-type=\"widget\" data-widget_type=\"text-editor.default\">\n\t\t\t\t<div class=\"elementor-widget-container\">\n\t\t\t\t\t\t\t\t\t<p style=\"--bdt-inverse: initial; color: rgb(57, 60, 65); font-family: Inter, sans-serif; font-size: 15px;\">Diese Datenschutzrichtlinie wurde erstellt, um denjenigen besser zu helfen, die sich Sorgen \u00fcber die Verwendung ihrer personenbezogenen Daten im Internet machen. PII, wie sie im US-amerikanischen Datenschutzrecht und in der Informationssicherheit verwendet werden, sind Informationen, die allein oder in Kombination mit anderen Informationen verwendet werden k\u00f6nnen, um eine einzelne Person zu identifizieren, zu kontaktieren, zu lokalisieren oder eine Person im Kontext zu identifizieren. Bitte lesen Sie unsere Datenschutzrichtlinie sorgf\u00e4ltig durch, um ein klares Verst\u00e4ndnis dar\u00fcber zu erhalten, wie wir Ihre personenbezogenen Daten im Rahmen unserer Website erheben, verwenden, sch\u00fctzen oder anderweitig verarbeiten.<\/p>\n<p style=\"--bdt-inverse: initial; color: rgb(57, 60, 65); font-family: Inter, sans-serif; font-size: 15px;\">Welche personenbezogenen Daten erheben wir von den Personen, die unseren Blog, unsere Website oder unsere App besuchen?<\/p>\n<p style=\"--bdt-inverse: initial; color: rgb(57, 60, 65); font-family: Inter, sans-serif; font-size: 15px;\">Bei der Bestellung oder Registrierung auf unserer Site werden Sie gegebenenfalls aufgefordert, Ihren Namen, Ihre E-Mail-Adresse, Postanschrift, Telefonnummer oder andere Details einzugeben, die Ihnen bei Ihrem Einkaufserlebnis helfen.<\/p>\n<p style=\"--bdt-inverse: initial; color: rgb(57, 60, 65); font-family: Inter, sans-serif; font-size: 15px;\">Wann erfassen wir Informationen?<\/p>\n<p style=\"--bdt-inverse: initial; color: rgb(57, 60, 65); font-family: Inter, sans-serif; font-size: 15px;\">Wir erfassen Informationen von Ihnen, wenn Sie sich auf unserer Site registrieren, eine Bestellung aufgeben, einen Newsletter abonnieren, an einer Umfrage teilnehmen, ein Formular ausf\u00fcllen oder Informationen auf unserer Site eingeben.<\/p>\n<p style=\"--bdt-inverse: initial; color: rgb(57, 60, 65); font-family: Inter, sans-serif; font-size: 15px;\">Geben Sie uns Feedback zu unseren Produkten oder Dienstleistungen<br style=\"--bdt-inverse: initial;\">Wie verwenden wir Ihre Informationen?<\/p>\n<p style=\"--bdt-inverse: initial; color: rgb(57, 60, 65); font-family: Inter, sans-serif; font-size: 15px;\">Wir k\u00f6nnen die Informationen, die wir von Ihnen erfassen, wenn Sie sich registrieren, einen Kauf t\u00e4tigen, sich f\u00fcr unseren Newsletter anmelden, auf eine Umfrage oder Marketingkommunikation antworten, auf der Website surfen oder bestimmte andere Website-Funktionen nutzen, auf folgende Weise verwenden:<\/p>\n<pre style=\"--bdt-inverse: initial; font-size: 15px; color: rgb(57, 60, 65);\"><code style=\"--bdt-inverse: initial; font-family: inherit; direction: ltr; display: block; overflow-wrap: break-word; text-align: initial;\">  \u2022 Um das Benutzererlebnis zu personalisieren und uns zu erm\u00f6glichen, Ihnen die Art von Inhalten und Produktangeboten bereitzustellen, an denen Sie am meisten interessiert sind. \u2022 Um unsere Website zu verbessern, um Ihnen besser dienen zu k\u00f6nnen. \u2022 Um Ihnen einen besseren Service bei der Beantwortung Ihrer Kundendienstanfragen zu bieten. \u2022 Um einen Wettbewerb, eine Werbeaktion, eine Umfrage oder andere Website-Funktionen zu verwalten. \u2022 Um Ihre Transaktionen schnell abzuwickeln. \u2022 Um nach Bewertungen und Rezensionen von Dienstleistungen oder Produkten zu fragen. \u2022 Um nach Korrespondenz (Live-Chat, E-Mail oder telefonische Anfragen) nachzufassen.<\/code><\/pre>\n<p style=\"--bdt-inverse: initial; color: rgb(57, 60, 65); font-family: Inter, sans-serif; font-size: 15px;\">Wie sch\u00fctzen wir Besucherinformationen?<\/p>\n<p style=\"--bdt-inverse: initial; color: rgb(57, 60, 65); font-family: Inter, sans-serif; font-size: 15px;\">Wir verwenden kein Schwachstellen-Scanning und\/oder Scanning nach PCI-Standards.<br style=\"--bdt-inverse: initial;\">Wir stellen nur Artikel und Informationen zur Verf\u00fcgung. Wir fragen niemals nach Kreditkartennummern.<br style=\"--bdt-inverse: initial;\">Wir verwenden kein Malware-Scanning.<\/p>\n<p style=\"--bdt-inverse: initial; color: rgb(57, 60, 65); font-family: Inter, sans-serif; font-size: 15px;\">Ihre personenbezogenen Daten werden in gesicherten Netzwerken gespeichert und sind nur einer begrenzten Anzahl von Personen zug\u00e4nglich, die \u00fcber spezielle Zugriffsrechte auf diese Systeme verf\u00fcgen und zur Geheimhaltung verpflichtet sind. Dar\u00fcber hinaus werden alle von Ihnen angegebenen sensiblen Daten und Kreditinformationen mittels Secure Socket Layer (SSL)-Technologie verschl\u00fcsselt.<\/p>\n<p style=\"--bdt-inverse: initial; color: rgb(57, 60, 65); font-family: Inter, sans-serif; font-size: 15px;\">Um die Sicherheit Ihrer pers\u00f6nlichen Daten zu gew\u00e4hrleisten, ergreifen wir eine Reihe von Sicherheitsma\u00dfnahmen, wenn ein Benutzer seine Daten eingibt, \u00fcbermittelt oder darauf zugreift.<\/p>\n<p style=\"--bdt-inverse: initial; color: rgb(57, 60, 65); font-family: Inter, sans-serif; font-size: 15px;\">Zu Ihrer Bequemlichkeit speichern wir Ihre Kreditkarteninformationen m\u00f6glicherweise l\u00e4nger als 60 Tage, um zuk\u00fcnftige Bestellungen zu beschleunigen und den Abrechnungsprozess zu automatisieren.<\/p>\n<p style=\"--bdt-inverse: initial; color: rgb(57, 60, 65); font-family: Inter, sans-serif; font-size: 15px;\">Verwenden wir \u201eCookies\u201c?<\/p>\n<p style=\"--bdt-inverse: initial; color: rgb(57, 60, 65); font-family: Inter, sans-serif; font-size: 15px;\">Ja. Cookies sind kleine Dateien, die eine Website oder ihr Dienstanbieter \u00fcber Ihren Webbrowser auf die Festplatte Ihres Computers \u00fcbertr\u00e4gt (sofern Sie dies zulassen). Dadurch k\u00f6nnen die Systeme der Website oder des Dienstanbieters Ihren Browser erkennen und bestimmte Informationen erfassen und speichern. Beispielsweise verwenden wir Cookies, um die Artikel in Ihrem Warenkorb zu speichern und zu verarbeiten. Sie helfen uns auch, Ihre Pr\u00e4ferenzen basierend auf fr\u00fcheren oder aktuellen Website-Aktivit\u00e4ten zu verstehen und Ihnen so verbesserte Dienste anbieten zu k\u00f6nnen. Wir verwenden Cookies auch, um aggregierte Daten \u00fcber den Website-Verkehr und die Website-Interaktion zu sammeln, damit wir Ihnen k\u00fcnftig bessere Website-Erlebnisse und Tools anbieten k\u00f6nnen.<\/p>\n<p style=\"--bdt-inverse: initial; color: rgb(57, 60, 65); font-family: Inter, sans-serif; font-size: 15px;\">Wir verwenden Cookies, um:<br style=\"--bdt-inverse: initial;\">\u2022 Helfen Sie dabei, sich die Artikel im Einkaufswagen zu merken und zu verarbeiten.<br style=\"--bdt-inverse: initial;\">\u2022 Benutzerpr\u00e4ferenzen f\u00fcr zuk\u00fcnftige Besuche verstehen und speichern.<br style=\"--bdt-inverse: initial;\">\u2022 Behalten Sie den \u00dcberblick \u00fcber Werbung.<br style=\"--bdt-inverse: initial;\">\u2022 Sammeln Sie aggregierte Daten \u00fcber den Website-Verkehr und die Website-Interaktionen, um k\u00fcnftig bessere Website-Erlebnisse und Tools anbieten zu k\u00f6nnen. Wir k\u00f6nnen auch vertrauensw\u00fcrdige Dienste von Drittanbietern nutzen, die diese Informationen in unserem Auftrag erfassen.<\/p>\n<p style=\"--bdt-inverse: initial; color: rgb(57, 60, 65); font-family: Inter, sans-serif; font-size: 15px;\">Sie k\u00f6nnen Ihren Computer so einstellen, dass er Sie jedes Mal warnt, wenn ein Cookie gesendet wird, oder Sie k\u00f6nnen alle Cookies deaktivieren. Dies k\u00f6nnen Sie \u00fcber die Einstellungen Ihres Browsers (z. B. Internet Explorer) tun. Jeder Browser ist etwas anders. Schauen Sie daher im Hilfemen\u00fc Ihres Browsers nach, wie Sie Ihre Cookies richtig \u00e4ndern k\u00f6nnen.<\/p>\n<p style=\"--bdt-inverse: initial; color: rgb(57, 60, 65); font-family: Inter, sans-serif; font-size: 15px;\">Wenn Sie Cookies deaktivieren, werden einige Funktionen deaktiviert. Dies hat keinen Einfluss auf die Benutzererfahrung, macht Ihre Site-Erfahrung effizienter und einige unserer Dienste funktionieren nicht richtig.<\/p>\n<p style=\"--bdt-inverse: initial; color: rgb(57, 60, 65); font-family: Inter, sans-serif; font-size: 15px;\">Sie k\u00f6nnen jedoch weiterhin Bestellungen aufgeben.<\/p>\n<p style=\"--bdt-inverse: initial; color: rgb(57, 60, 65); font-family: Inter, sans-serif; font-size: 15px;\">Offenlegung gegen\u00fcber Dritten<\/p>\n<p style=\"--bdt-inverse: initial; color: rgb(57, 60, 65); font-family: Inter, sans-serif; font-size: 15px;\">Wir verkaufen, handeln oder geben Ihre personenbezogenen Daten nicht an Dritte weiter, es sei denn, wir informieren die Nutzer im Voraus dar\u00fcber. Ausgenommen hiervon sind Website-Hosting-Partner und andere Parteien, die uns beim Betrieb unserer Website, unserer Gesch\u00e4ftst\u00e4tigkeit oder der Betreuung unserer Nutzer unterst\u00fctzen, sofern diese Parteien sich zur Vertraulichkeit dieser Informationen verpflichten. Wir k\u00f6nnen Informationen auch dann weitergeben, wenn dies erforderlich ist, um Gesetze einzuhalten, unsere Website-Richtlinien durchzusetzen oder unsere Rechte, unser Eigentum oder unsere Sicherheit oder die anderer zu sch\u00fctzen.<\/p>\n<p style=\"--bdt-inverse: initial; color: rgb(57, 60, 65); font-family: Inter, sans-serif; font-size: 15px;\">Allerdings k\u00f6nnen nicht pers\u00f6nlich identifizierbare Besucherinformationen zu Marketing-, Werbe- oder anderen Zwecken an Dritte weitergegeben werden.<\/p>\n<p style=\"--bdt-inverse: initial; color: rgb(57, 60, 65); font-family: Inter, sans-serif; font-size: 15px;\">Links von Drittanbietern<\/p>\n<p style=\"--bdt-inverse: initial; color: rgb(57, 60, 65); font-family: Inter, sans-serif; font-size: 15px;\">Gelegentlich k\u00f6nnen wir nach eigenem Ermessen Produkte oder Dienstleistungen Dritter auf unserer Website anbieten. Diese Websites Dritter haben separate und unabh\u00e4ngige Datenschutzrichtlinien. Wir \u00fcbernehmen daher keine Verantwortung oder Haftung f\u00fcr den Inhalt und die Aktivit\u00e4ten dieser verlinkten Websites. Wir sind jedoch bestrebt, die Integrit\u00e4t unserer Website zu sch\u00fctzen und freuen uns \u00fcber Feedback zu diesen Websites.<\/p>\n<p style=\"--bdt-inverse: initial; color: rgb(57, 60, 65); font-family: Inter, sans-serif; font-size: 15px;\">Google<\/p>\n<p style=\"--bdt-inverse: initial; color: rgb(57, 60, 65); font-family: Inter, sans-serif; font-size: 15px;\">Die Werbeanforderungen von Google lassen sich in den Werbegrunds\u00e4tzen von Google zusammenfassen. Sie dienen dazu, den Nutzern ein positives Erlebnis zu bieten. https:\/\/support.google.com\/adwordspolicy\/answer\/1316548?hl=de<\/p>\n<p style=\"--bdt-inverse: initial; color: rgb(57, 60, 65); font-family: Inter, sans-serif; font-size: 15px;\">Wir verwenden Google AdSense-Werbung auf unserer Website.<\/p>\n<p style=\"--bdt-inverse: initial; color: rgb(57, 60, 65); font-family: Inter, sans-serif; font-size: 15px;\">Google als Drittanbieter verwendet Cookies, um Anzeigen auf unserer Website zu schalten. Durch die Verwendung des DART-Cookies kann Google unseren Nutzern Anzeigen basierend auf fr\u00fcheren Besuchen unserer Website und anderer Websites im Internet pr\u00e4sentieren. Nutzer k\u00f6nnen die Verwendung des DART-Cookies in den Datenschutzbestimmungen des Google-Anzeigen- und Content-Netzwerks deaktivieren.<\/p>\n<p style=\"--bdt-inverse: initial; color: rgb(57, 60, 65); font-family: Inter, sans-serif; font-size: 15px;\">Wir haben Folgendes implementiert:<br style=\"--bdt-inverse: initial;\">\u2022 Remarketing mit Google AdSense<br style=\"--bdt-inverse: initial;\">\u2022 Impression-Berichte zum Google Display-Netzwerk<br style=\"--bdt-inverse: initial;\">\u2022 Demografie- und Interessenberichte<br style=\"--bdt-inverse: initial;\">\u2022 DoubleClick-Plattformintegration<\/p>\n<p style=\"--bdt-inverse: initial; color: rgb(57, 60, 65); font-family: Inter, sans-serif; font-size: 15px;\">Wir und Drittanbieter wie Google verwenden Erstanbieter-Cookies (wie etwa Google Analytics-Cookies) und Drittanbieter-Cookies (wie etwa das DoubleClick-Cookie) oder andere Drittanbieter-Kennungen, um Daten zu Benutzerinteraktionen mit Anzeigenimpressionen und anderen Anzeigendienstfunktionen in Bezug auf unsere Website zu sammeln.<\/p>\n<p style=\"--bdt-inverse: initial; color: rgb(57, 60, 65); font-family: Inter, sans-serif; font-size: 15px;\">Abmeldung:<br style=\"--bdt-inverse: initial;\">Nutzer k\u00f6nnen auf der Seite \u201eGoogle-Anzeigeneinstellungen\u201c festlegen, wie Google Werbung f\u00fcr sie gestalten m\u00f6chte. Alternativ k\u00f6nnen Sie sich \u00fcber die Deaktivierungsseite der Network Advertising Initiative abmelden oder das Browser-Add-on zur Deaktivierung von Google Analytics dauerhaft nutzen.<\/p>\n<p style=\"--bdt-inverse: initial; color: rgb(57, 60, 65); font-family: Inter, sans-serif; font-size: 15px;\">Unsere Richtlinien: Wir stehen auf der richtigen Seite des Kinderschutzgesetzes<\/p>\n<p style=\"--bdt-inverse: initial; color: rgb(57, 60, 65); font-family: Inter, sans-serif; font-size: 15px;\">Lassen Sie Kinder unter 13 Jahren nicht unbeaufsichtigt mit diesem Produkt. Wir erfassen keine personenbezogenen Daten von Kindern, es sei denn, wir erhalten die nachweisbare Zustimmung der Eltern.<\/p>\n<p style=\"--bdt-inverse: initial; color: rgb(57, 60, 65); font-family: Inter, sans-serif; font-size: 15px;\">Wir sind uns unserer Verpflichtung bewusst, personenbezogene Daten von kleinen Kindern zu sch\u00fctzen. Die Dienste richten sich nicht an Kinder unter 13 Jahren und wir erfassen wissentlich keine personenbezogenen Daten von solchen Kindern. Wenn wir personenbezogene Daten (wie im Children&#039;s Online Privacy Protection Act (\u201eCOPPA\u201c) definiert, der vom US-Kongress zum Schutz der Online-Privatsph\u00e4re von Kindern erlassen wurde) von Kindern unter 13 Jahren erfassen, werden wir entweder (1) die Anforderungen des COPPA erf\u00fcllen und zuvor eine \u00fcberpr\u00fcfbare Zustimmung der Eltern einholen oder die Eltern direkt \u00fcber Art und beabsichtigte Verwendung derartiger Daten informieren, einschlie\u00dflich der M\u00f6glichkeit f\u00fcr die Eltern, die Verwendung der Daten und die Teilnahme an der Aktivit\u00e4t zu verhindern; oder (2) derartige Daten umgehend aus unseren Dateien und Aufzeichnungen l\u00f6schen. Weitere Informationen \u00fcber COPPA und die Rechte von Kindern auf Online-Datenschutz finden Sie im Abschnitt \u201eDatenschutz f\u00fcr Kinder\u201c auf der Website der Federal Trade Commission unter http:\/\/www.business.ftc.gov\/privacy-and-security\/childrens-privacy.<\/p>\n<p style=\"--bdt-inverse: initial; color: rgb(57, 60, 65); font-family: Inter, sans-serif; font-size: 15px;\">Kinderschutzgesetz:<\/p>\n<p style=\"--bdt-inverse: initial; color: rgb(57, 60, 65); font-family: Inter, sans-serif; font-size: 15px;\">Der Children&#039;s Online Privacy Protection Act (COPPA) verbietet die Erhebung, Verwendung oder Weitergabe personenbezogener Daten von Kindern unter 13 Jahren, es sei denn, Sie haben dies angek\u00fcndigt und die Zustimmung der Eltern eingeholt. Die Zustimmung der Eltern muss nachpr\u00fcfbar sein (z. B. durch Ausf\u00fcllen eines Einverst\u00e4ndnisformulars durch die Eltern oder durch \u00dcberpr\u00fcfung des amtlichen Ausweises der Eltern).<\/p>\n<p style=\"--bdt-inverse: initial; color: rgb(57, 60, 65); font-family: Inter, sans-serif; font-size: 15px;\">Kalifornisches Gesetz zum Schutz der Online-Privatsph\u00e4re<\/p>\n<p style=\"--bdt-inverse: initial; color: rgb(57, 60, 65); font-family: Inter, sans-serif; font-size: 15px;\">CalOPPA ist das erste staatliche Gesetz der USA, das kommerzielle Websites und Online-Dienste zur Ver\u00f6ffentlichung einer Datenschutzrichtlinie verpflichtet. Die Reichweite des Gesetzes geht weit \u00fcber Kalifornien hinaus und verpflichtet Personen oder Unternehmen in den USA (und m\u00f6glicherweise weltweit), die Websites betreiben, die personenbezogene Daten von kalifornischen Verbrauchern sammeln, dazu, eine gut sichtbare Datenschutzrichtlinie auf ihrer Website zu ver\u00f6ffentlichen, die genau angibt, welche Informationen gesammelt und mit wem sie geteilt werden, und diese Richtlinie einzuhalten. \u2013 Weitere Informationen finden Sie unter: http:\/\/consumercal.org\/california-online-privacy-protection-act-caloppa\/#sthash.0FdRbT51.dpuf<\/p>\n<p style=\"--bdt-inverse: initial; color: rgb(57, 60, 65); font-family: Inter, sans-serif; font-size: 15px;\">Gem\u00e4\u00df CalOPPA stimmen wir Folgendem zu:<br style=\"--bdt-inverse: initial;\">Benutzer k\u00f6nnen unsere Site anonym besuchen.<br style=\"--bdt-inverse: initial;\">Sobald diese Datenschutzrichtlinie erstellt ist, f\u00fcgen wir auf unserer Homepage oder zumindest auf der ersten wichtigen Seite nach dem Aufrufen unserer Website einen Link dazu hinzu.<br style=\"--bdt-inverse: initial;\">Der Link zu unserer Datenschutzrichtlinie enth\u00e4lt das Wort \u201eDatenschutz\u201c und kann leicht auf der oben angegebenen Seite gefunden werden.<\/p>\n<p style=\"--bdt-inverse: initial; color: rgb(57, 60, 65); font-family: Inter, sans-serif; font-size: 15px;\">Benutzer werden \u00fcber alle \u00c4nderungen der Datenschutzrichtlinien benachrichtigt:<br style=\"--bdt-inverse: initial;\">\u2022 Auf unserer Datenschutzseite<br style=\"--bdt-inverse: initial;\">Benutzer k\u00f6nnen ihre pers\u00f6nlichen Daten \u00e4ndern:<br style=\"--bdt-inverse: initial;\">\u2022 Indem Sie uns eine E-Mail senden<br style=\"--bdt-inverse: initial;\">\u2022 Indem sie sich bei ihrem Konto anmelden<\/p>\n<p style=\"--bdt-inverse: initial; color: rgb(57, 60, 65); font-family: Inter, sans-serif; font-size: 15px;\">Wie geht unsere Site mit \u201eDo Not Track\u201c-Signalen um?<br style=\"--bdt-inverse: initial;\">Wir respektieren \u201eDo Not Track\u201c-Signale und f\u00fchren kein Tracking durch, platzieren keine Cookies und verwenden keine Werbung, wenn ein \u201eDo Not Track\u201c-Browsermechanismus (DNT) vorhanden ist.<\/p>\n<p style=\"--bdt-inverse: initial; color: rgb(57, 60, 65); font-family: Inter, sans-serif; font-size: 15px;\">Erlaubt unsere Site Verhaltensverfolgung durch Dritte?<br style=\"--bdt-inverse: initial;\">Es ist auch wichtig zu beachten, dass wir Verhaltensverfolgung durch Dritte zulassen<\/p>\n<p style=\"--bdt-inverse: initial; color: rgb(57, 60, 65); font-family: Inter, sans-serif; font-size: 15px;\">COPPA (Children Online Privacy Protection Act \u2013 Gesetz zum Schutz der Privatsph\u00e4re von Kindern im Internet)<\/p>\n<p style=\"--bdt-inverse: initial; color: rgb(57, 60, 65); font-family: Inter, sans-serif; font-size: 15px;\">Wenn es um die Erhebung personenbezogener Daten von Kindern unter 13 Jahren geht, gibt der Children&#039;s Online Privacy Protection Act (COPPA) den Eltern die Kontrolle. Die Federal Trade Commission, die Verbraucherschutzbeh\u00f6rde des Landes, setzt die COPPA-Regelung durch. Sie legt fest, was Betreiber von Websites und Online-Diensten tun m\u00fcssen, um die Privatsph\u00e4re und Sicherheit von Kindern im Internet zu sch\u00fctzen.<\/p>\n<p style=\"--bdt-inverse: initial; color: rgb(57, 60, 65); font-family: Inter, sans-serif; font-size: 15px;\">Wir vermarkten nicht gezielt an Kinder unter 13 Jahren.<\/p>\n<p style=\"--bdt-inverse: initial; color: rgb(57, 60, 65); font-family: Inter, sans-serif; font-size: 15px;\">Faire Informationspraktiken<\/p>\n<p style=\"--bdt-inverse: initial; color: rgb(57, 60, 65); font-family: Inter, sans-serif; font-size: 15px;\">Die Grunds\u00e4tze der Fair Information Practice bilden das R\u00fcckgrat des US-amerikanischen Datenschutzrechts. Die darin enthaltenen Konzepte haben ma\u00dfgeblich zur Entwicklung globaler Datenschutzgesetze beigetragen. Das Verst\u00e4ndnis der Grunds\u00e4tze der Fair Information Practice und ihrer Umsetzung ist entscheidend f\u00fcr die Einhaltung der verschiedenen Datenschutzgesetze zum Schutz personenbezogener Daten.<\/p>\n<p style=\"--bdt-inverse: initial; color: rgb(57, 60, 65); font-family: Inter, sans-serif; font-size: 15px;\">Um den Fair Information Practices zu entsprechen, ergreifen wir im Falle einer Datenverletzung die folgenden Ma\u00dfnahmen:<br style=\"--bdt-inverse: initial;\">Wir werden die Benutzer per E-Mail benachrichtigen<br style=\"--bdt-inverse: initial;\">\u2022 Innerhalb von 7 Werktagen<br style=\"--bdt-inverse: initial;\">Wir werden die Benutzer per In-Site-Benachrichtigung benachrichtigen<br style=\"--bdt-inverse: initial;\">\u2022 Innerhalb von 7 Werktagen<\/p>\n<p style=\"--bdt-inverse: initial; color: rgb(57, 60, 65); font-family: Inter, sans-serif; font-size: 15px;\">Wir stimmen auch dem Grundsatz der individuellen Rechtsbehelfe zu. Dieser besagt, dass Einzelpersonen das Recht haben, rechtlich durchsetzbare Rechte gegen\u00fcber Datensammlern und -verarbeitern geltend zu machen, die sich nicht an das Gesetz halten. Dieser Grundsatz erfordert nicht nur, dass Einzelpersonen durchsetzbare Rechte gegen\u00fcber Datennutzern haben, sondern auch, dass sie sich an Gerichte oder Beh\u00f6rden wenden k\u00f6nnen, um Verst\u00f6\u00dfe von Datenverarbeitern zu untersuchen und\/oder strafrechtlich zu verfolgen.<\/p>\n<p style=\"--bdt-inverse: initial; color: rgb(57, 60, 65); font-family: Inter, sans-serif; font-size: 15px;\">CAN-SPAM-Gesetz<\/p>\n<p style=\"--bdt-inverse: initial; color: rgb(57, 60, 65); font-family: Inter, sans-serif; font-size: 15px;\">Der CAN-SPAM Act ist ein Gesetz, das die Regeln f\u00fcr kommerzielle E-Mails festlegt, Anforderungen f\u00fcr kommerzielle Nachrichten festlegt, den Empf\u00e4ngern das Recht gibt, den Versand von E-Mails an sie zu unterbinden, und strenge Strafen f\u00fcr Verst\u00f6\u00dfe vorsieht.<\/p>\n<p style=\"--bdt-inverse: initial; color: rgb(57, 60, 65); font-family: Inter, sans-serif; font-size: 15px;\">Wir erfassen Ihre E-Mail-Adresse, um:<br style=\"--bdt-inverse: initial;\">\u2022 Senden Sie Informationen, beantworten Sie Anfragen und\/oder andere W\u00fcnsche oder Fragen.<br style=\"--bdt-inverse: initial;\">\u2022 Bestellungen bearbeiten und Informationen und Aktualisierungen zu Bestellungen senden.<br style=\"--bdt-inverse: initial;\">\u2022 Wir k\u00f6nnen Ihnen auch zus\u00e4tzliche Informationen zu Ihrem Produkt und\/oder Ihrer Dienstleistung senden.<br style=\"--bdt-inverse: initial;\">\u2022 Vermarkten Sie unsere Mailingliste oder senden Sie unseren Kunden weiterhin E-Mails, nachdem die urspr\u00fcngliche Transaktion stattgefunden hat.<\/p>\n<p style=\"--bdt-inverse: initial; color: rgb(57, 60, 65); font-family: Inter, sans-serif; font-size: 15px;\">Um den CANSPAM-Bestimmungen zu entsprechen, stimmen wir Folgendem zu:<\/p>\n<p style=\"--bdt-inverse: initial; color: rgb(57, 60, 65); font-family: Inter, sans-serif; font-size: 15px;\">Wenn Sie den Erhalt zuk\u00fcnftiger E-Mails jederzeit abbestellen m\u00f6chten, k\u00f6nnen Sie uns eine E-Mail an<br style=\"--bdt-inverse: initial;\">und wir werden Sie umgehend aus ALLEN Korrespondenzen entfernen.<\/p>\n<p style=\"--bdt-inverse: initial; color: rgb(57, 60, 65); font-family: Inter, sans-serif; font-size: 15px;\">Kontakt<\/p>\n<p style=\"--bdt-inverse: initial; color: rgb(57, 60, 65); font-family: Inter, sans-serif; font-size: 15px;\">Wenn Sie Fragen zu dieser Datenschutzrichtlinie haben, k\u00f6nnen Sie uns \u00fcber die unten stehenden Informationen kontaktieren.<\/p><p style=\"--bdt-inverse: initial;\"><font color=\"#393c41\" face=\"Inter, sans-serif\"><span style=\"font-size: 15px;\">BAVIN-Team:https:\/\/bavin.net.cn\/<\/span><\/font><\/p>\t\t\t\t\t\t\t\t<\/div>\n\t\t\t\t<\/div>\n\t\t\t\t\t<\/div>\n\t\t\t\t<\/div>\n\t\t\t\t<\/div>","protected":false},"excerpt":{"rendered":"<p>This privacy policy has been compiled to better serve those who are concerned with how their \u2018Personally identifiable information\u2019 (PII) is being used online. PII, as used in US privacy law and information security, is information that can be used on its own or with other information to identify, contact, or locate a single person, [&hellip;]<\/p>","protected":false},"author":1,"featured_media":0,"parent":0,"menu_order":0,"comment_status":"closed","ping_status":"closed","template":"","meta":{"_acf_changed":false,"_seopress_robots_primary_cat":"","_seopress_titles_title":"","_seopress_titles_desc":"","_seopress_robots_index":"","footnotes":""},"class_list":["post-3594","page","type-page","status-publish","hentry"],"acf":[],"_links":{"self":[{"href":"https:\/\/bavin.net.cn\/de\/wp-json\/wp\/v2\/pages\/3594","targetHints":{"allow":["GET"]}}],"collection":[{"href":"https:\/\/bavin.net.cn\/de\/wp-json\/wp\/v2\/pages"}],"about":[{"href":"https:\/\/bavin.net.cn\/de\/wp-json\/wp\/v2\/types\/page"}],"author":[{"embeddable":true,"href":"https:\/\/bavin.net.cn\/de\/wp-json\/wp\/v2\/users\/1"}],"replies":[{"embeddable":true,"href":"https:\/\/bavin.net.cn\/de\/wp-json\/wp\/v2\/comments?post=3594"}],"version-history":[{"count":5,"href":"https:\/\/bavin.net.cn\/de\/wp-json\/wp\/v2\/pages\/3594\/revisions"}],"predecessor-version":[{"id":3601,"href":"https:\/\/bavin.net.cn\/de\/wp-json\/wp\/v2\/pages\/3594\/revisions\/3601"}],"wp:attachment":[{"href":"https:\/\/bavin.net.cn\/de\/wp-json\/wp\/v2\/media?parent=3594"}],"curies":[{"name":"wp","href":"https:\/\/api.w.org\/{rel}","templated":true}]}}