{"id":3594,"date":"2025-05-12T00:24:50","date_gmt":"2025-05-12T08:24:50","guid":{"rendered":"https:\/\/bavin.net.cn\/?page_id=3594"},"modified":"2025-05-12T00:25:44","modified_gmt":"2025-05-12T08:25:44","slug":"privacy-policy","status":"publish","type":"page","link":"https:\/\/bavin.net.cn\/es\/privacy-policy\/","title":{"rendered":"pol\u00edtica de privacidad"},"content":{"rendered":"<div data-elementor-type=\"wp-page\" data-elementor-id=\"3594\" class=\"elementor elementor-3594\" data-elementor-post-type=\"page\">\n\t\t\t\t<div class=\"elementor-element elementor-element-2f8830b e-flex e-con-boxed e-con e-parent\" data-id=\"2f8830b\" data-element_type=\"container\" data-e-type=\"container\">\n\t\t\t\t\t<div class=\"e-con-inner\">\n\t\t\t\t<div class=\"elementor-element elementor-element-4e2c7a4 elementor-widget elementor-widget-text-editor\" data-id=\"4e2c7a4\" data-element_type=\"widget\" data-e-type=\"widget\" data-widget_type=\"text-editor.default\">\n\t\t\t\t<div class=\"elementor-widget-container\">\n\t\t\t\t\t\t\t\t\t<p style=\"--bdt-inverse: initial; color: rgb(57, 60, 65); font-family: Inter, sans-serif; font-size: 15px;\">Esta pol\u00edtica de privacidad se ha elaborado para servir mejor a quienes se preocupan por el uso de su informaci\u00f3n personal identificable (PII) en l\u00ednea. La PII, tal como se utiliza en la legislaci\u00f3n estadounidense sobre privacidad y seguridad de la informaci\u00f3n, es informaci\u00f3n que puede utilizarse, por s\u00ed sola o en combinaci\u00f3n con otra informaci\u00f3n, para identificar, contactar o localizar a una persona, o para identificar a un individuo en contexto. Lea atentamente nuestra pol\u00edtica de privacidad para comprender c\u00f3mo recopilamos, usamos, protegemos y gestionamos su informaci\u00f3n personal identificable de acuerdo con nuestro sitio web.<\/p>\n<p style=\"--bdt-inverse: initial; color: rgb(57, 60, 65); font-family: Inter, sans-serif; font-size: 15px;\">\u00bfQu\u00e9 informaci\u00f3n personal recopilamos de las personas que visitan nuestro blog, sitio web o aplicaci\u00f3n?<\/p>\n<p style=\"--bdt-inverse: initial; color: rgb(57, 60, 65); font-family: Inter, sans-serif; font-size: 15px;\">Al realizar un pedido o registrarse en nuestro sitio, seg\u00fan corresponda, se le puede solicitar que ingrese su nombre, direcci\u00f3n de correo electr\u00f3nico, direcci\u00f3n postal, n\u00famero de tel\u00e9fono u otros detalles para ayudarlo con su experiencia.<\/p>\n<p style=\"--bdt-inverse: initial; color: rgb(57, 60, 65); font-family: Inter, sans-serif; font-size: 15px;\">\u00bfCu\u00e1ndo recopilamos informaci\u00f3n?<\/p>\n<p style=\"--bdt-inverse: initial; color: rgb(57, 60, 65); font-family: Inter, sans-serif; font-size: 15px;\">Recopilamos informaci\u00f3n suya cuando se registra en nuestro sitio, realiza un pedido, se suscribe a un bolet\u00edn informativo, responde a una encuesta, completa un formulario o ingresa informaci\u00f3n en nuestro sitio.<\/p>\n<p style=\"--bdt-inverse: initial; color: rgb(57, 60, 65); font-family: Inter, sans-serif; font-size: 15px;\">Proporci\u00f3nanos comentarios sobre nuestros productos o servicios.<br style=\"--bdt-inverse: initial;\">\u00bfC\u00f3mo utilizamos su informaci\u00f3n?<\/p>\n<p style=\"--bdt-inverse: initial; color: rgb(57, 60, 65); font-family: Inter, sans-serif; font-size: 15px;\">Podemos utilizar la informaci\u00f3n que recopilamos de usted cuando se registra, realiza una compra, se suscribe a nuestro bolet\u00edn informativo, responde a una encuesta o comunicaci\u00f3n de marketing, navega por el sitio web o utiliza otras funciones del sitio de las siguientes maneras:<\/p>\n<pre style=\"--bdt-inverse: initial; font-size: 15px; color: rgb(57, 60, 65);\"><code style=\"--bdt-inverse: initial; font-family: inherit; direction: ltr; display: block; overflow-wrap: break-word; text-align: initial;\">  \u2022 Para personalizar la experiencia del usuario y ofrecerle el tipo de contenido y productos que m\u00e1s le interesan. \u2022 Para mejorar nuestro sitio web y ofrecerle un mejor servicio. \u2022 Para brindarle un mejor servicio al responder a sus solicitudes de atenci\u00f3n al cliente. \u2022 Para administrar un concurso, una promoci\u00f3n, una encuesta u otra funci\u00f3n del sitio. \u2022 Para procesar r\u00e1pidamente sus transacciones. \u2022 Para solicitar calificaciones y rese\u00f1as de servicios o productos. \u2022 Para hacer seguimiento despu\u00e9s de la correspondencia (chat en vivo, correo electr\u00f3nico o consultas telef\u00f3nicas).<\/code><\/pre>\n<p style=\"--bdt-inverse: initial; color: rgb(57, 60, 65); font-family: Inter, sans-serif; font-size: 15px;\">\u00bfC\u00f3mo protegemos la informaci\u00f3n de los visitantes?<\/p>\n<p style=\"--bdt-inverse: initial; color: rgb(57, 60, 65); font-family: Inter, sans-serif; font-size: 15px;\">No utilizamos escaneo de vulnerabilidades y\/o escaneo seg\u00fan est\u00e1ndares PCI.<br style=\"--bdt-inverse: initial;\">Solo proporcionamos art\u00edculos e informaci\u00f3n. Nunca solicitamos n\u00fameros de tarjeta de cr\u00e9dito.<br style=\"--bdt-inverse: initial;\">No utilizamos escaneo de malware.<\/p>\n<p style=\"--bdt-inverse: initial; color: rgb(57, 60, 65); font-family: Inter, sans-serif; font-size: 15px;\">Su informaci\u00f3n personal se almacena en redes seguras y solo es accesible para un n\u00famero limitado de personas con derechos especiales de acceso a dichos sistemas y obligadas a mantener la confidencialidad de la informaci\u00f3n. Adem\u00e1s, toda la informaci\u00f3n sensible o crediticia que proporcione se cifra mediante tecnolog\u00eda Secure Socket Layer (SSL).<\/p>\n<p style=\"--bdt-inverse: initial; color: rgb(57, 60, 65); font-family: Inter, sans-serif; font-size: 15px;\">Implementamos una variedad de medidas de seguridad cuando un usuario ingresa, env\u00eda o accede a su informaci\u00f3n para mantener la seguridad de su informaci\u00f3n personal.<\/p>\n<p style=\"--bdt-inverse: initial; color: rgb(57, 60, 65); font-family: Inter, sans-serif; font-size: 15px;\">Para su comodidad, podemos almacenar la informaci\u00f3n de su tarjeta de cr\u00e9dito durante m\u00e1s de 60 d\u00edas para agilizar futuros pedidos y automatizar el proceso de facturaci\u00f3n.<\/p>\n<p style=\"--bdt-inverse: initial; color: rgb(57, 60, 65); font-family: Inter, sans-serif; font-size: 15px;\">\u00bfUtilizamos &#039;cookies&#039;?<\/p>\n<p style=\"--bdt-inverse: initial; color: rgb(57, 60, 65); font-family: Inter, sans-serif; font-size: 15px;\">S\u00ed. Las cookies son peque\u00f1os archivos que un sitio web o su proveedor de servicios transfiere al disco duro de su ordenador a trav\u00e9s de su navegador web (si usted lo permite). Esto permite que los sistemas del sitio web o del proveedor de servicios reconozcan su navegador y capturen y recuerden cierta informaci\u00f3n. Por ejemplo, utilizamos cookies para recordar y procesar los art\u00edculos de su carrito de compra. Tambi\u00e9n nos ayudan a comprender sus preferencias en funci\u00f3n de su actividad anterior o actual en el sitio, lo que nos permite ofrecerle mejores servicios. Tambi\u00e9n utilizamos cookies para recopilar datos agregados sobre el tr\u00e1fico y la interacci\u00f3n en el sitio web, de modo que podamos ofrecerle mejores experiencias y herramientas en el futuro.<\/p>\n<p style=\"--bdt-inverse: initial; color: rgb(57, 60, 65); font-family: Inter, sans-serif; font-size: 15px;\">Utilizamos cookies para:<br style=\"--bdt-inverse: initial;\">\u2022 Ayuda a recordar y procesar los art\u00edculos en el carrito de compras.<br style=\"--bdt-inverse: initial;\">\u2022 Comprender y guardar las preferencias del usuario para futuras visitas.<br style=\"--bdt-inverse: initial;\">\u2022 Realizar un seguimiento de los anuncios.<br style=\"--bdt-inverse: initial;\">\u2022 Recopilar datos agregados sobre el tr\u00e1fico y las interacciones del sitio para ofrecer mejores experiencias y herramientas en el futuro. Tambi\u00e9n podemos utilizar servicios externos de confianza que rastrean esta informaci\u00f3n en nuestro nombre.<\/p>\n<p style=\"--bdt-inverse: initial; color: rgb(57, 60, 65); font-family: Inter, sans-serif; font-size: 15px;\">Puede configurar su ordenador para que le avise cada vez que se env\u00eda una cookie o desactivar todas las cookies. Puede hacerlo a trav\u00e9s de la configuraci\u00f3n de su navegador (como Internet Explorer). Cada navegador es un poco diferente, as\u00ed que consulte el men\u00fa de Ayuda de su navegador para saber c\u00f3mo modificar las cookies correctamente.<\/p>\n<p style=\"--bdt-inverse: initial; color: rgb(57, 60, 65); font-family: Inter, sans-serif; font-size: 15px;\">Si desactiva las cookies, algunas funciones se desactivar\u00e1n. Esto no afectar\u00e1 la experiencia del usuario, lo que har\u00e1 que su experiencia en el sitio sea m\u00e1s eficiente y algunos de nuestros servicios no funcionar\u00e1n correctamente.<\/p>\n<p style=\"--bdt-inverse: initial; color: rgb(57, 60, 65); font-family: Inter, sans-serif; font-size: 15px;\">Sin embargo, todav\u00eda puedes realizar pedidos.<\/p>\n<p style=\"--bdt-inverse: initial; color: rgb(57, 60, 65); font-family: Inter, sans-serif; font-size: 15px;\">Divulgaci\u00f3n a terceros<\/p>\n<p style=\"--bdt-inverse: initial; color: rgb(57, 60, 65); font-family: Inter, sans-serif; font-size: 15px;\">No vendemos, intercambiamos ni transferimos de ning\u00fan modo su informaci\u00f3n personal a terceros a menos que notifiquemos a los usuarios con antelaci\u00f3n. Esto no incluye a nuestros socios de alojamiento web ni a otras partes que nos ayudan a operar nuestro sitio web, gestionar nuestro negocio o atender a nuestros usuarios, siempre que dichas partes se comprometan a mantener la confidencialidad de esta informaci\u00f3n. Tambi\u00e9n podemos divulgar informaci\u00f3n cuando sea necesario para cumplir con la ley, aplicar las pol\u00edticas de nuestro sitio o proteger nuestros derechos, propiedad o seguridad, o los de terceros.<\/p>\n<p style=\"--bdt-inverse: initial; color: rgb(57, 60, 65); font-family: Inter, sans-serif; font-size: 15px;\">Sin embargo, la informaci\u00f3n de los visitantes no personalmente identificable puede ser proporcionada a otras partes para fines de marketing, publicidad u otros usos.<\/p>\n<p style=\"--bdt-inverse: initial; color: rgb(57, 60, 65); font-family: Inter, sans-serif; font-size: 15px;\">Enlaces de terceros<\/p>\n<p style=\"--bdt-inverse: initial; color: rgb(57, 60, 65); font-family: Inter, sans-serif; font-size: 15px;\">Ocasionalmente, a nuestra discreci\u00f3n, podemos incluir u ofrecer productos o servicios de terceros en nuestro sitio web. Estos sitios de terceros tienen pol\u00edticas de privacidad independientes. Por lo tanto, no asumimos ninguna responsabilidad por el contenido ni las actividades de estos sitios enlazados. No obstante, nos esforzamos por proteger la integridad de nuestro sitio y agradecemos cualquier comentario sobre ellos.<\/p>\n<p style=\"--bdt-inverse: initial; color: rgb(57, 60, 65); font-family: Inter, sans-serif; font-size: 15px;\">Google<\/p>\n<p style=\"--bdt-inverse: initial; color: rgb(57, 60, 65); font-family: Inter, sans-serif; font-size: 15px;\">Los requisitos publicitarios de Google se resumen en los Principios Publicitarios de Google. Su objetivo es ofrecer una experiencia positiva a los usuarios. https:\/\/support.google.com\/adwordspolicy\/answer\/1316548?hl=es<\/p>\n<p style=\"--bdt-inverse: initial; color: rgb(57, 60, 65); font-family: Inter, sans-serif; font-size: 15px;\">Utilizamos publicidad de Google AdSense en nuestro sitio web.<\/p>\n<p style=\"--bdt-inverse: initial; color: rgb(57, 60, 65); font-family: Inter, sans-serif; font-size: 15px;\">Google, como proveedor externo, utiliza cookies para mostrar anuncios en nuestro sitio. El uso de la cookie de DART por parte de Google le permite mostrar anuncios a nuestros usuarios basados en visitas anteriores a nuestro sitio y a otros sitios web. Los usuarios pueden desactivar el uso de la cookie de DART consultando la pol\u00edtica de privacidad de la Red de contenido y anuncios de Google.<\/p>\n<p style=\"--bdt-inverse: initial; color: rgb(57, 60, 65); font-family: Inter, sans-serif; font-size: 15px;\">Hemos implementado lo siguiente:<br style=\"--bdt-inverse: initial;\">\u2022 Remarketing con Google AdSense<br style=\"--bdt-inverse: initial;\">\u2022 Informes de impresiones de la Red de Display de Google<br style=\"--bdt-inverse: initial;\">\u2022 Informes de demograf\u00eda e intereses<br style=\"--bdt-inverse: initial;\">\u2022 Integraci\u00f3n de la plataforma DoubleClick<\/p>\n<p style=\"--bdt-inverse: initial; color: rgb(57, 60, 65); font-family: Inter, sans-serif; font-size: 15px;\">Nosotros, junto con proveedores externos, como Google, utilizamos cookies propias (como las cookies de Google Analytics) y cookies de terceros (como la cookie de DoubleClick) u otros identificadores de terceros juntos para recopilar datos sobre las interacciones de los usuarios con las impresiones de anuncios y otras funciones del servicio de anuncios relacionadas con nuestro sitio web.<\/p>\n<p style=\"--bdt-inverse: initial; color: rgb(57, 60, 65); font-family: Inter, sans-serif; font-size: 15px;\">Darse de baja:<br style=\"--bdt-inverse: initial;\">Los usuarios pueden configurar sus preferencias sobre c\u00f3mo Google les muestra anuncios mediante la p\u00e1gina de Configuraci\u00f3n de anuncios de Google. Tambi\u00e9n pueden inhabilitar la publicidad en la p\u00e1gina de inhabilitaci\u00f3n de la iniciativa de Publicidad en Red o usar permanentemente el complemento de inhabilitaci\u00f3n para navegadores de Google Analytics.<\/p>\n<p style=\"--bdt-inverse: initial; color: rgb(57, 60, 65); font-family: Inter, sans-serif; font-size: 15px;\">Nuestras pol\u00edticas: estar del lado correcto de la Ley de Protecci\u00f3n Infantil<\/p>\n<p style=\"--bdt-inverse: initial; color: rgb(57, 60, 65); font-family: Inter, sans-serif; font-size: 15px;\">No deje a un ni\u00f1o menor de 13 a\u00f1os solo usando este producto. No recopilaremos informaci\u00f3n personal identificable de menores a menos que obtengamos el consentimiento parental verificable.<\/p>\n<p style=\"--bdt-inverse: initial; color: rgb(57, 60, 65); font-family: Inter, sans-serif; font-size: 15px;\">Entendemos la obligaci\u00f3n de proteger la Informaci\u00f3n Personal obtenida de ni\u00f1os peque\u00f1os. Los Servicios no est\u00e1n dirigidos a ni\u00f1os menores de 13 a\u00f1os y no recopilamos intencionalmente Informaci\u00f3n Personal de estos ni\u00f1os. Si recopilamos informaci\u00f3n personal (seg\u00fan se define en la Ley de Protecci\u00f3n de la Privacidad Infantil en L\u00ednea (\u201cCOPPA\u201d), establecida por el Congreso de los Estados Unidos para proteger la privacidad infantil en l\u00ednea) de ni\u00f1os menores de 13 a\u00f1os, (1) cumpliremos con los requisitos de la COPPA y obtendremos el consentimiento parental verificable previo o la notificaci\u00f3n directa a los padres sobre la naturaleza y el uso previsto de dicha informaci\u00f3n, lo que incluir\u00e1 una oportunidad para que los padres impidan el uso de la informaci\u00f3n y la participaci\u00f3n en la actividad; o (2) eliminaremos r\u00e1pidamente dicha informaci\u00f3n de nuestros archivos y registros. Para obtener m\u00e1s informaci\u00f3n sobre la COPPA y los derechos de los ni\u00f1os a la privacidad en l\u00ednea, visite la secci\u00f3n de Privacidad Infantil del sitio web de la Comisi\u00f3n Federal de Comercio en http:\/\/www.business.ftc.gov\/privacy-and-security\/childrens-privacy.<\/p>\n<p style=\"--bdt-inverse: initial; color: rgb(57, 60, 65); font-family: Inter, sans-serif; font-size: 15px;\">Ley de Protecci\u00f3n Infantil:<\/p>\n<p style=\"--bdt-inverse: initial; color: rgb(57, 60, 65); font-family: Inter, sans-serif; font-size: 15px;\">La Ley de Protecci\u00f3n de la Privacidad Infantil en L\u00ednea (COPPA) proh\u00edbe la recopilaci\u00f3n, el uso y la divulgaci\u00f3n de informaci\u00f3n personal de menores de 13 a\u00f1os, a menos que se les haya notificado y obtenido el consentimiento de sus padres. El consentimiento de los padres debe ser verificable (por ejemplo, mediante la solicitud de un formulario de consentimiento o la verificaci\u00f3n de su identificaci\u00f3n oficial).<\/p>\n<p style=\"--bdt-inverse: initial; color: rgb(57, 60, 65); font-family: Inter, sans-serif; font-size: 15px;\">Ley de Protecci\u00f3n de la Privacidad en L\u00ednea de California<\/p>\n<p style=\"--bdt-inverse: initial; color: rgb(57, 60, 65); font-family: Inter, sans-serif; font-size: 15px;\">CalOPPA es la primera ley estatal del pa\u00eds que exige que los sitios web comerciales y los servicios en l\u00ednea publiquen una pol\u00edtica de privacidad. El alcance de esta ley trasciende California y exige que cualquier persona o empresa en Estados Unidos (y posiblemente en todo el mundo) que opere sitios web que recopilen informaci\u00f3n personal identificable de los consumidores californianos publique una pol\u00edtica de privacidad visible en su sitio web que indique con exactitud la informaci\u00f3n recopilada y con qui\u00e9n se comparte, y que cumpla con esta pol\u00edtica. \u2013 Para m\u00e1s informaci\u00f3n, visite: http:\/\/consumercal.org\/california-online-privacy-protection-act-caloppa\/#sthash.0FdRbT51.dpuf<\/p>\n<p style=\"--bdt-inverse: initial; color: rgb(57, 60, 65); font-family: Inter, sans-serif; font-size: 15px;\">De acuerdo con CalOPPA aceptamos lo siguiente:<br style=\"--bdt-inverse: initial;\">Los usuarios pueden visitar nuestro sitio de forma an\u00f3nima.<br style=\"--bdt-inverse: initial;\">Una vez creada esta pol\u00edtica de privacidad, agregaremos un enlace a ella en nuestra p\u00e1gina de inicio o, como m\u00ednimo, en la primera p\u00e1gina importante despu\u00e9s de ingresar a nuestro sitio web.<br style=\"--bdt-inverse: initial;\">Nuestro enlace de Pol\u00edtica de Privacidad incluye la palabra \u201cPrivacidad\u201d y se puede encontrar f\u00e1cilmente en la p\u00e1gina especificada anteriormente.<\/p>\n<p style=\"--bdt-inverse: initial; color: rgb(57, 60, 65); font-family: Inter, sans-serif; font-size: 15px;\">Se notificar\u00e1 a los usuarios sobre cualquier cambio en la pol\u00edtica de privacidad:<br style=\"--bdt-inverse: initial;\">\u2022 En nuestra p\u00e1gina de Pol\u00edtica de Privacidad<br style=\"--bdt-inverse: initial;\">Los usuarios pueden cambiar su informaci\u00f3n personal:<br style=\"--bdt-inverse: initial;\">\u2022 Envi\u00e1ndonos un correo electr\u00f3nico<br style=\"--bdt-inverse: initial;\">\u2022 Iniciando sesi\u00f3n en su cuenta<\/p>\n<p style=\"--bdt-inverse: initial; color: rgb(57, 60, 65); font-family: Inter, sans-serif; font-size: 15px;\">\u00bfC\u00f3mo maneja nuestro sitio las se\u00f1ales de no seguimiento?<br style=\"--bdt-inverse: initial;\">Respetamos las se\u00f1ales de no rastrear y no rastreamos, colocamos cookies ni utilizamos publicidad cuando est\u00e1 activado el mecanismo de navegador No rastrear (DNT).<\/p>\n<p style=\"--bdt-inverse: initial; color: rgb(57, 60, 65); font-family: Inter, sans-serif; font-size: 15px;\">\u00bfNuestro sitio permite el seguimiento del comportamiento de terceros?<br style=\"--bdt-inverse: initial;\">Tambi\u00e9n es importante tener en cuenta que permitimos el seguimiento del comportamiento de terceros.<\/p>\n<p style=\"--bdt-inverse: initial; color: rgb(57, 60, 65); font-family: Inter, sans-serif; font-size: 15px;\">COPPA (Ley de Protecci\u00f3n de la Privacidad Infantil en Internet)<\/p>\n<p style=\"--bdt-inverse: initial; color: rgb(57, 60, 65); font-family: Inter, sans-serif; font-size: 15px;\">En lo que respecta a la recopilaci\u00f3n de informaci\u00f3n personal de menores de 13 a\u00f1os, la Ley de Protecci\u00f3n de la Privacidad Infantil en L\u00ednea (COPPA) otorga a los padres el control. La Comisi\u00f3n Federal de Comercio, la agencia nacional de protecci\u00f3n al consumidor, aplica la Norma COPPA, que detalla las medidas que deben tomar los operadores de sitios web y servicios en l\u00ednea para proteger la privacidad y seguridad de los ni\u00f1os en l\u00ednea.<\/p>\n<p style=\"--bdt-inverse: initial; color: rgb(57, 60, 65); font-family: Inter, sans-serif; font-size: 15px;\">No comercializamos espec\u00edficamente con ni\u00f1os menores de 13 a\u00f1os.<\/p>\n<p style=\"--bdt-inverse: initial; color: rgb(57, 60, 65); font-family: Inter, sans-serif; font-size: 15px;\">Pr\u00e1cticas justas de informaci\u00f3n<\/p>\n<p style=\"--bdt-inverse: initial; color: rgb(57, 60, 65); font-family: Inter, sans-serif; font-size: 15px;\">Los Principios de Pr\u00e1cticas Justas de Informaci\u00f3n constituyen la base de la legislaci\u00f3n sobre privacidad en Estados Unidos y los conceptos que incluyen han desempe\u00f1ado un papel fundamental en el desarrollo de las leyes de protecci\u00f3n de datos a nivel mundial. Comprender los Principios de Pr\u00e1cticas Justas de Informaci\u00f3n y c\u00f3mo deben implementarse es fundamental para cumplir con las diversas leyes de privacidad que protegen la informaci\u00f3n personal.<\/p>\n<p style=\"--bdt-inverse: initial; color: rgb(57, 60, 65); font-family: Inter, sans-serif; font-size: 15px;\">Para estar en l\u00ednea con las Pr\u00e1cticas Justas de Informaci\u00f3n, tomaremos las siguientes medidas de respuesta, en caso de que ocurra una violaci\u00f3n de datos:<br style=\"--bdt-inverse: initial;\">Notificaremos a los usuarios por correo electr\u00f3nico.<br style=\"--bdt-inverse: initial;\">\u2022 Dentro de 7 d\u00edas h\u00e1biles<br style=\"--bdt-inverse: initial;\">Notificaremos a los usuarios mediante una notificaci\u00f3n en el sitio.<br style=\"--bdt-inverse: initial;\">\u2022 Dentro de 7 d\u00edas h\u00e1biles<\/p>\n<p style=\"--bdt-inverse: initial; color: rgb(57, 60, 65); font-family: Inter, sans-serif; font-size: 15px;\">Tambi\u00e9n aceptamos el Principio de Reparaci\u00f3n Individual, que exige que las personas tengan derecho a ejercer derechos legalmente exigibles contra los recopiladores y procesadores de datos que incumplan la ley. Este principio exige no solo que las personas tengan derechos exigibles contra los usuarios de datos, sino tambi\u00e9n que puedan recurrir a tribunales o agencias gubernamentales para investigar y\/o perseguir penalmente el incumplimiento de los procesadores de datos.<\/p>\n<p style=\"--bdt-inverse: initial; color: rgb(57, 60, 65); font-family: Inter, sans-serif; font-size: 15px;\">Ley CAN SPAM<\/p>\n<p style=\"--bdt-inverse: initial; color: rgb(57, 60, 65); font-family: Inter, sans-serif; font-size: 15px;\">La Ley CAN-SPAM es una ley que establece las reglas para el correo electr\u00f3nico comercial, fija los requisitos para los mensajes comerciales, otorga a los destinatarios el derecho a que se les impida enviar correos electr\u00f3nicos y detalla duras sanciones por las infracciones.<\/p>\n<p style=\"--bdt-inverse: initial; color: rgb(57, 60, 65); font-family: Inter, sans-serif; font-size: 15px;\">Recopilamos su direcci\u00f3n de correo electr\u00f3nico para:<br style=\"--bdt-inverse: initial;\">\u2022 Enviar informaci\u00f3n, responder consultas y\/o otras solicitudes o preguntas.<br style=\"--bdt-inverse: initial;\">\u2022 Procesar pedidos y enviar informaci\u00f3n y actualizaciones relativas a los pedidos.<br style=\"--bdt-inverse: initial;\">\u2022 Tambi\u00e9n podremos enviarle informaci\u00f3n adicional relacionada con su producto y\/o servicio.<br style=\"--bdt-inverse: initial;\">\u2022 Comercializar a nuestra lista de correo o continuar enviando correos electr\u00f3nicos a nuestros clientes despu\u00e9s de que se haya realizado la transacci\u00f3n original.<\/p>\n<p style=\"--bdt-inverse: initial; color: rgb(57, 60, 65); font-family: Inter, sans-serif; font-size: 15px;\">Para estar en conformidad con CANSPAM aceptamos lo siguiente:<\/p>\n<p style=\"--bdt-inverse: initial; color: rgb(57, 60, 65); font-family: Inter, sans-serif; font-size: 15px;\">Si en alg\u00fan momento desea cancelar su suscripci\u00f3n para dejar de recibir correos electr\u00f3nicos futuros, puede enviarnos un correo electr\u00f3nico a<br style=\"--bdt-inverse: initial;\">y lo eliminaremos de inmediato de TODA la correspondencia.<\/p>\n<p style=\"--bdt-inverse: initial; color: rgb(57, 60, 65); font-family: Inter, sans-serif; font-size: 15px;\">Cont\u00e1ctenos<\/p>\n<p style=\"--bdt-inverse: initial; color: rgb(57, 60, 65); font-family: Inter, sans-serif; font-size: 15px;\">Si tiene alguna pregunta respecto a esta pol\u00edtica de privacidad, puede contactarnos utilizando la siguiente informaci\u00f3n.<\/p><p style=\"--bdt-inverse: initial;\"><font color=\"#393c41\" face=\"Inter, sans-serif\"><span style=\"font-size: 15px;\">Equipo BAVIN:https:\/\/bavin.net.cn\/<\/span><\/font><\/p>\t\t\t\t\t\t\t\t<\/div>\n\t\t\t\t<\/div>\n\t\t\t\t\t<\/div>\n\t\t\t\t<\/div>\n\t\t\t\t<\/div>","protected":false},"excerpt":{"rendered":"<p>This privacy policy has been compiled to better serve those who are concerned with how their \u2018Personally identifiable information\u2019 (PII) is being used online. PII, as used in US privacy law and information security, is information that can be used on its own or with other information to identify, contact, or locate a single person, [&hellip;]<\/p>","protected":false},"author":1,"featured_media":0,"parent":0,"menu_order":0,"comment_status":"closed","ping_status":"closed","template":"","meta":{"_acf_changed":false,"_seopress_robots_primary_cat":"","_seopress_titles_title":"","_seopress_titles_desc":"","_seopress_robots_index":"","footnotes":""},"class_list":["post-3594","page","type-page","status-publish","hentry"],"acf":[],"_links":{"self":[{"href":"https:\/\/bavin.net.cn\/es\/wp-json\/wp\/v2\/pages\/3594","targetHints":{"allow":["GET"]}}],"collection":[{"href":"https:\/\/bavin.net.cn\/es\/wp-json\/wp\/v2\/pages"}],"about":[{"href":"https:\/\/bavin.net.cn\/es\/wp-json\/wp\/v2\/types\/page"}],"author":[{"embeddable":true,"href":"https:\/\/bavin.net.cn\/es\/wp-json\/wp\/v2\/users\/1"}],"replies":[{"embeddable":true,"href":"https:\/\/bavin.net.cn\/es\/wp-json\/wp\/v2\/comments?post=3594"}],"version-history":[{"count":5,"href":"https:\/\/bavin.net.cn\/es\/wp-json\/wp\/v2\/pages\/3594\/revisions"}],"predecessor-version":[{"id":3601,"href":"https:\/\/bavin.net.cn\/es\/wp-json\/wp\/v2\/pages\/3594\/revisions\/3601"}],"wp:attachment":[{"href":"https:\/\/bavin.net.cn\/es\/wp-json\/wp\/v2\/media?parent=3594"}],"curies":[{"name":"wp","href":"https:\/\/api.w.org\/{rel}","templated":true}]}}