{"id":2569,"date":"2025-01-08T23:53:13","date_gmt":"2025-01-09T07:53:13","guid":{"rendered":"https:\/\/bavin.net.cn\/?post_type=product&#038;p=2569"},"modified":"2025-01-09T00:35:35","modified_gmt":"2025-01-09T08:35:35","slug":"ps23","status":"publish","type":"product","link":"https:\/\/bavin.net.cn\/es\/producto\/ps23\/","title":{"rendered":"PS23"},"content":{"rendered":"<p><strong>\u00b7<\/strong> La adsorci\u00f3n por vac\u00edo firme no caer\u00e1.<\/p>\n<p><strong>\u00b7<\/strong> Soporte para coche extremadamente seguro.<\/p>\n<p><strong>\u00b7<\/strong> F\u00e1cil de instalar y quitar.<\/p>\n<p><strong>\u00b7<\/strong> Adecuado para tel\u00e9fonos m\u00f3viles de 6,9 pulgadas.<\/p>","protected":false},"excerpt":{"rendered":"<p>SOPORTE PARA COCHE<\/p>","protected":false},"featured_media":2571,"template":"","meta":{"_acf_changed":false,"_seopress_robots_primary_cat":"none","_seopress_titles_title":"PS23 - BAVIN","_seopress_titles_desc":"Adsorption by vacuum firm will not fall, Car mount that is extremely secure., Easy to instal and remove, Suitable for 6.9 inches mobile phone","_seopress_robots_index":""},"product_cat":[53,54],"product_tag":[],"class_list":{"0":"post-2569","1":"product","2":"type-product","3":"status-publish","4":"has-post-thumbnail","6":"product_cat-others","7":"product_cat-holder-others","8":"pa_color-black","10":"first","11":"instock","12":"shipping-taxable","13":"purchasable","14":"product-type-variable"},"acf":[],"_links":{"self":[{"href":"https:\/\/bavin.net.cn\/es\/wp-json\/wp\/v2\/product\/2569","targetHints":{"allow":["GET"]}}],"collection":[{"href":"https:\/\/bavin.net.cn\/es\/wp-json\/wp\/v2\/product"}],"about":[{"href":"https:\/\/bavin.net.cn\/es\/wp-json\/wp\/v2\/types\/product"}],"wp:featuredmedia":[{"embeddable":true,"href":"https:\/\/bavin.net.cn\/es\/wp-json\/wp\/v2\/media\/2571"}],"wp:attachment":[{"href":"https:\/\/bavin.net.cn\/es\/wp-json\/wp\/v2\/media?parent=2569"}],"wp:term":[{"taxonomy":"product_cat","embeddable":true,"href":"https:\/\/bavin.net.cn\/es\/wp-json\/wp\/v2\/product_cat?post=2569"},{"taxonomy":"product_tag","embeddable":true,"href":"https:\/\/bavin.net.cn\/es\/wp-json\/wp\/v2\/product_tag?post=2569"}],"curies":[{"name":"wp","href":"https:\/\/api.w.org\/{rel}","templated":true}]}}