{"id":4300,"date":"2025-09-03T00:32:49","date_gmt":"2025-09-03T08:32:49","guid":{"rendered":"https:\/\/bavin.net.cn\/?post_type=product&#038;p=4300"},"modified":"2026-02-03T00:09:29","modified_gmt":"2026-02-03T08:09:29","slug":"pc1158s","status":"publish","type":"product","link":"https:\/\/bavin.net.cn\/es\/producto\/pc1158s\/","title":{"rendered":"PC1158S"},"content":{"rendered":"<p><strong>\u00b7<\/strong> Estaci\u00f3n de aire port\u00e1til de 90 W<\/p>\n<p><strong>\u00b7<\/strong> Inflado r\u00e1pido de 150 PSl<\/p>\n<p><strong>\u00b7<\/strong> 4500 mAh de potencia<\/p>\n<p><strong>\u00b7<\/strong> 5 ajustes preestablecidos r\u00e1pidos<\/p>","protected":false},"excerpt":{"rendered":"<p>Banco de energ\u00eda port\u00e1til para estaci\u00f3n de aire<\/p>","protected":false},"featured_media":4302,"template":"","meta":{"_acf_changed":false,"_seopress_robots_primary_cat":"none","_seopress_titles_title":"PC1158S - BAVIN","_seopress_titles_desc":"90W Portable air station, 150 PSl Fast-Inflate, 4500 mAh power, 5 quick presets","_seopress_robots_index":""},"product_cat":[85,35],"product_tag":[],"class_list":{"0":"post-4300","1":"product","2":"type-product","3":"status-publish","4":"has-post-thumbnail","6":"product_cat-power-bank","7":"product_cat-power-supply","8":"pa_color-black","10":"first","11":"instock","12":"shipping-taxable","13":"purchasable","14":"product-type-variable"},"acf":[],"_links":{"self":[{"href":"https:\/\/bavin.net.cn\/es\/wp-json\/wp\/v2\/product\/4300","targetHints":{"allow":["GET"]}}],"collection":[{"href":"https:\/\/bavin.net.cn\/es\/wp-json\/wp\/v2\/product"}],"about":[{"href":"https:\/\/bavin.net.cn\/es\/wp-json\/wp\/v2\/types\/product"}],"wp:featuredmedia":[{"embeddable":true,"href":"https:\/\/bavin.net.cn\/es\/wp-json\/wp\/v2\/media\/4302"}],"wp:attachment":[{"href":"https:\/\/bavin.net.cn\/es\/wp-json\/wp\/v2\/media?parent=4300"}],"wp:term":[{"taxonomy":"product_cat","embeddable":true,"href":"https:\/\/bavin.net.cn\/es\/wp-json\/wp\/v2\/product_cat?post=4300"},{"taxonomy":"product_tag","embeddable":true,"href":"https:\/\/bavin.net.cn\/es\/wp-json\/wp\/v2\/product_tag?post=4300"}],"curies":[{"name":"wp","href":"https:\/\/api.w.org\/{rel}","templated":true}]}}