{"id":5045,"date":"2025-09-13T00:31:32","date_gmt":"2025-09-13T08:31:32","guid":{"rendered":"https:\/\/bavin.net.cn\/?post_type=product&#038;p=5045"},"modified":"2025-09-13T00:45:16","modified_gmt":"2025-09-13T08:45:16","slug":"pc916","status":"publish","type":"product","link":"https:\/\/bavin.net.cn\/es\/producto\/pc916\/","title":{"rendered":"PC916"},"content":{"rendered":"<p><strong>\u00b7<\/strong> Carga r\u00e1pida de PC de 30 W<\/p>\n<p><strong>\u00b7<\/strong> Carga r\u00e1pida para port\u00e1tiles, tabletas, tel\u00e9fonos y m\u00e1s.<\/p>\n<p><strong>\u00b7<\/strong> 110 V-240 V Vers\u00e1til a nivel mundial<\/p>\n<p><strong>\u00b7<\/strong> Cargar 80% en 30 minutos<\/p>","protected":false},"excerpt":{"rendered":"<p>CARGA DE PARED<\/p>","protected":false},"featured_media":5054,"template":"","meta":{"_acf_changed":false,"_seopress_robots_primary_cat":"none","_seopress_titles_title":"PC916 - BAVIN","_seopress_titles_desc":"PC 30W Fast charging, Fast charge for laptops,tablets,phones,and more, 110V-240V Globally Versatile, Charge 80% in 30 minutes","_seopress_robots_index":""},"product_cat":[26,27],"product_tag":[],"class_list":{"0":"post-5045","1":"product","2":"type-product","3":"status-publish","4":"has-post-thumbnail","6":"product_cat-charger","7":"product_cat-wall-charger","8":"pa_color-black","9":"pa_color-white","11":"first","12":"instock","13":"shipping-taxable","14":"purchasable","15":"product-type-variable"},"acf":[],"_links":{"self":[{"href":"https:\/\/bavin.net.cn\/es\/wp-json\/wp\/v2\/product\/5045","targetHints":{"allow":["GET"]}}],"collection":[{"href":"https:\/\/bavin.net.cn\/es\/wp-json\/wp\/v2\/product"}],"about":[{"href":"https:\/\/bavin.net.cn\/es\/wp-json\/wp\/v2\/types\/product"}],"wp:featuredmedia":[{"embeddable":true,"href":"https:\/\/bavin.net.cn\/es\/wp-json\/wp\/v2\/media\/5054"}],"wp:attachment":[{"href":"https:\/\/bavin.net.cn\/es\/wp-json\/wp\/v2\/media?parent=5045"}],"wp:term":[{"taxonomy":"product_cat","embeddable":true,"href":"https:\/\/bavin.net.cn\/es\/wp-json\/wp\/v2\/product_cat?post=5045"},{"taxonomy":"product_tag","embeddable":true,"href":"https:\/\/bavin.net.cn\/es\/wp-json\/wp\/v2\/product_tag?post=5045"}],"curies":[{"name":"wp","href":"https:\/\/api.w.org\/{rel}","templated":true}]}}