{"id":5398,"date":"2025-10-16T01:48:43","date_gmt":"2025-10-16T09:48:43","guid":{"rendered":"https:\/\/bavin.net.cn\/?post_type=product&#038;p=5398"},"modified":"2025-10-16T19:15:34","modified_gmt":"2025-10-17T03:15:34","slug":"pc993","status":"publish","type":"product","link":"https:\/\/bavin.net.cn\/es\/producto\/pc993\/","title":{"rendered":"PC993"},"content":{"rendered":"<p><strong>\u00b7<\/strong> Carga r\u00e1pida de 35 W<\/p>\n<p><strong>\u00b7<\/strong> Carga r\u00e1pida para port\u00e1tiles, tabletas, tel\u00e9fonos y m\u00e1s;<\/p>\n<p><strong>\u00b7<\/strong> Dos puertos tipo C con 35 W m\u00e1x. por puerto<\/p>\n<p><strong>\u00b7<\/strong> Carga dos dispositivos a la vez.<\/p>","protected":false},"excerpt":{"rendered":"<p>CARGA DE PARED<\/p>","protected":false},"featured_media":5436,"template":"","meta":{"_acf_changed":false,"_seopress_robots_primary_cat":"none","_seopress_titles_title":"PC993 - BAVIN","_seopress_titles_desc":"35W Fast charging, Fast charge for laptops,tabletsphones,and more;, Dual Type-C ports with 35W max per port, Charges two devices at once","_seopress_robots_index":""},"product_cat":[26,27],"product_tag":[],"class_list":{"0":"post-5398","1":"product","2":"type-product","3":"status-publish","4":"has-post-thumbnail","6":"product_cat-charger","7":"product_cat-wall-charger","8":"pa_color-black","10":"first","11":"instock","12":"shipping-taxable","13":"purchasable","14":"product-type-variable"},"acf":[],"_links":{"self":[{"href":"https:\/\/bavin.net.cn\/es\/wp-json\/wp\/v2\/product\/5398","targetHints":{"allow":["GET"]}}],"collection":[{"href":"https:\/\/bavin.net.cn\/es\/wp-json\/wp\/v2\/product"}],"about":[{"href":"https:\/\/bavin.net.cn\/es\/wp-json\/wp\/v2\/types\/product"}],"wp:featuredmedia":[{"embeddable":true,"href":"https:\/\/bavin.net.cn\/es\/wp-json\/wp\/v2\/media\/5436"}],"wp:attachment":[{"href":"https:\/\/bavin.net.cn\/es\/wp-json\/wp\/v2\/media?parent=5398"}],"wp:term":[{"taxonomy":"product_cat","embeddable":true,"href":"https:\/\/bavin.net.cn\/es\/wp-json\/wp\/v2\/product_cat?post=5398"},{"taxonomy":"product_tag","embeddable":true,"href":"https:\/\/bavin.net.cn\/es\/wp-json\/wp\/v2\/product_tag?post=5398"}],"curies":[{"name":"wp","href":"https:\/\/api.w.org\/{rel}","templated":true}]}}