{"id":94,"date":"2024-11-28T23:44:47","date_gmt":"2024-11-29T07:44:47","guid":{"rendered":"https:\/\/bavin.net.cn\/?page_id=94"},"modified":"2025-05-11T23:49:05","modified_gmt":"2025-05-12T07:49:05","slug":"about-us","status":"publish","type":"page","link":"https:\/\/bavin.net.cn\/fr\/about-us\/","title":{"rendered":"\u00c0 propos de nous"},"content":{"rendered":"<h1>\u00e0 propos de nous<\/h1>\n<p>\t\t\t\t\t\t\t\t\t\t\t\t\t<img loading=\"lazy\" decoding=\"async\" width=\"676\" height=\"408\" src=\"https:\/\/bavin.net.cn\/wp-content\/uploads\/2024\/11\/About-bavin.webp\" alt=\"\" srcset=\"https:\/\/bavin.net.cn\/wp-content\/uploads\/2024\/11\/About-bavin.webp 676w, https:\/\/bavin.net.cn\/wp-content\/uploads\/2024\/11\/About-bavin-300x181.webp 300w\" sizes=\"auto, (max-width: 676px) 100vw, 676px\" \/>\t\t\t\t\t\t\t\t\t\t\t\t\t<\/p>\n<h2>\u00c0 propos de bavin<\/h2>\n<p>Fond\u00e9e en 2013, bavin se consacre \u00e0 l&#039;innovation dans l&#039;\u00e9lectronique grand public.<\/p>\n<p>La gamme de produits diversifi\u00e9e comprend une large gamme de p\u00e9riph\u00e9riques num\u00e9riques, des c\u00e2bles de donn\u00e9es et des chargeurs \u00e0 l&#039;alimentation mobile, aux accessoires de voiture et aux appareils domestiques intelligents.<\/p>\n<p>L&#039;engagement ind\u00e9fectible consiste \u00e0 fournir des produits \u00e9lectroniques \u00e0 la fois de haute qualit\u00e9 et pratiques pour r\u00e9pondre aux besoins des consommateurs du monde entier.<\/p>\n<p>\t\t\t\t<svg aria-hidden=\"true\" viewbox=\"0 0 448 512\" xmlns=\"https:\/\/www.w3.org\/2000\/svg\"><path d=\"M128 148v-40c0-6.6 5.4-12 12-12h40c6.6 0 12 5.4 12 12v40c0 6.6-5.4 12-12 12h-40c-6.6 0-12-5.4-12-12zm140 12h40c6.6 0 12-5.4 12-12v-40c0-6.6-5.4-12-12-12h-40c-6.6 0-12 5.4-12 12v40c0 6.6 5.4 12 12 12zm-128 96h40c6.6 0 12-5.4 12-12v-40c0-6.6-5.4-12-12-12h-40c-6.6 0-12 5.4-12 12v40c0 6.6 5.4 12 12 12zm128 0h40c6.6 0 12-5.4 12-12v-40c0-6.6-5.4-12-12-12h-40c-6.6 0-12 5.4-12 12v40c0 6.6 5.4 12 12 12zm-76 84v-40c0-6.6-5.4-12-12-12h-40c-6.6 0-12 5.4-12 12v40c0 6.6 5.4 12 12 12h40c6.6 0 12-5.4 12-12zm76 12h40c6.6 0 12-5.4 12-12v-40c0-6.6-5.4-12-12-12h-40c-6.6 0-12 5.4-12 12v40c0 6.6 5.4 12 12 12zm180 124v36H0v-36c0-6.6 5.4-12 12-12h19.5V24c0-13.3 10.7-24 24-24h337c13.3 0 24 10.7 24 24v440H436c6.6 0 12 5.4 12 12zM79.5 463H192v-67c0-6.6 5.4-12 12-12h40c6.6 0 12 5.4 12 12v67h112.5V49L80 48l-.5 415z\"><\/path><\/svg>\t\t\t\t<\/p>\n<h3>\n\t\t\t\t\t\t\t2345+<br \/>\n\t\t\t\t\t<\/h3>\n<p>\n\t\t\t\t\t\tVentes mondiales\t\t\t\t\t<\/p>\n<p>\t\t\t\t<svg aria-hidden=\"true\" viewbox=\"0 0 496 512\" xmlns=\"https:\/\/www.w3.org\/2000\/svg\"><path d=\"M248 104c-53 0-96 43-96 96s43 96 96 96 96-43 96-96-43-96-96-96zm0 144c-26.5 0-48-21.5-48-48s21.5-48 48-48 48 21.5 48 48-21.5 48-48 48zm0-240C111 8 0 119 0 256s111 248 248 248 248-111 248-248S385 8 248 8zm0 448c-49.7 0-95.1-18.3-130.1-48.4 14.9-23 40.4-38.6 69.6-39.5 20.8 6.4 40.6 9.6 60.5 9.6s39.7-3.1 60.5-9.6c29.2 1 54.7 16.5 69.6 39.5-35 30.1-80.4 48.4-130.1 48.4zm162.7-84.1c-24.4-31.4-62.1-51.9-105.1-51.9-10.2 0-26 9.6-57.6 9.6-31.5 0-47.4-9.6-57.6-9.6-42.9 0-80.6 20.5-105.1 51.9C61.9 339.2 48 299.2 48 256c0-110.3 89.7-200 200-200s200 89.7 200 200c0 43.2-13.9 83.2-37.3 115.9z\"><\/path><\/svg>\t\t\t\t<\/p>\n<h3>\n\t\t\t\t\t\t\t126+<br \/>\n\t\t\t\t\t<\/h3>\n<p>\n\t\t\t\t\t\tVentes mondiales\t\t\t\t\t<\/p>\n<p>\t\t\t\t<svg aria-hidden=\"true\" viewbox=\"0 0 576 512\" xmlns=\"https:\/\/www.w3.org\/2000\/svg\"><path d=\"M464 0H112c-4 0-7.8 2-10 5.4L2 152.6c-2.9 4.4-2.6 10.2.7 14.2l276 340.8c4.8 5.9 13.8 5.9 18.6 0l276-340.8c3.3-4.1 3.6-9.8.7-14.2L474.1 5.4C471.8 2 468.1 0 464 0zm-19.3 48l63.3 96h-68.4l-51.7-96h56.8zm-202.1 0h90.7l51.7 96H191l51.6-96zm-111.3 0h56.8l-51.7 96H68l63.3-96zm-43 144h51.4L208 352 88.3 192zm102.9 0h193.6L288 435.3 191.2 192zM368 352l68.2-160h51.4L368 352z\"><\/path><\/svg>\t\t\t\t<\/p>\n<h3>\n\t\t\t\t\t\t\t2345+<br \/>\n\t\t\t\t\t<\/h3>\n<p>\n\t\t\t\t\t\tVentes mondiales\t\t\t\t\t<\/p>\n<p>\t\t\t\t<svg aria-hidden=\"true\" viewbox=\"0 0 512 512\" xmlns=\"https:\/\/www.w3.org\/2000\/svg\"><path d=\"M440 6.5L24 246.4c-34.4 19.9-31.1 70.8 5.7 85.9L144 379.6V464c0 46.4 59.2 65.5 86.6 28.6l43.8-59.1 111.9 46.2c5.9 2.4 12.1 3.6 18.3 3.6 8.2 0 16.3-2.1 23.6-6.2 12.8-7.2 21.6-20 23.9-34.5l59.4-387.2c6.1-40.1-36.9-68.8-71.5-48.9zM192 464v-64.6l36.6 15.1L192 464zm212.6-28.7l-153.8-63.5L391 169.5c10.7-15.5-9.5-33.5-23.7-21.2L155.8 332.6 48 288 464 48l-59.4 387.3z\"><\/path><\/svg>\t\t\t\t<\/p>\n<h3>\n\t\t\t\t\t\t\t2345+<br \/>\n\t\t\t\t\t<\/h3>\n<p>\n\t\t\t\t\t\tVentes mondiales\t\t\t\t\t<\/p>\n<h2>\u00c0 propos de bavin<\/h2>\n<p>Fond\u00e9e en 2013, bavin se consacre \u00e0 l&#039;innovation dans l&#039;\u00e9lectronique grand public.<\/p>\n<p>La gamme de produits diversifi\u00e9e comprend une large gamme de p\u00e9riph\u00e9riques num\u00e9riques, des c\u00e2bles de donn\u00e9es et des chargeurs \u00e0 l&#039;alimentation mobile, aux accessoires de voiture et aux appareils domestiques intelligents.<\/p>\n<p>L&#039;engagement ind\u00e9fectible consiste \u00e0 fournir des produits \u00e9lectroniques \u00e0 la fois de haute qualit\u00e9 et pratiques pour r\u00e9pondre aux besoins des consommateurs du monde entier.<\/p>\n<p>\t\t\t\t\t\t\t\t\t\t\t\t\t<img loading=\"lazy\" decoding=\"async\" width=\"676\" height=\"408\" src=\"https:\/\/bavin.net.cn\/wp-content\/uploads\/2024\/11\/About-bavin2.webp\" alt=\"\" srcset=\"https:\/\/bavin.net.cn\/wp-content\/uploads\/2024\/11\/About-bavin2.webp 676w, https:\/\/bavin.net.cn\/wp-content\/uploads\/2024\/11\/About-bavin2-300x181.webp 300w\" sizes=\"auto, (max-width: 676px) 100vw, 676px\" \/><br \/>\n\t\t\t\t\t\t\t\t\t\t\t\t\t<img loading=\"lazy\" decoding=\"async\" width=\"676\" height=\"408\" src=\"https:\/\/bavin.net.cn\/wp-content\/uploads\/2024\/12\/About-bavin3.webp\" alt=\"\" srcset=\"https:\/\/bavin.net.cn\/wp-content\/uploads\/2024\/12\/About-bavin3.webp 676w, https:\/\/bavin.net.cn\/wp-content\/uploads\/2024\/12\/About-bavin3-300x181.webp 300w, https:\/\/bavin.net.cn\/wp-content\/uploads\/2024\/12\/About-bavin3-600x362.webp 600w\" sizes=\"auto, (max-width: 676px) 100vw, 676px\" \/>\t\t\t\t\t\t\t\t\t\t\t\t\t<\/p>\n<h2>\u00c0 propos de bavin<\/h2>\n<p>Fond\u00e9e en 2013, bavin se consacre \u00e0 l&#039;innovation dans l&#039;\u00e9lectronique grand public.<\/p>\n<p>La gamme de produits diversifi\u00e9e comprend une large gamme de p\u00e9riph\u00e9riques num\u00e9riques, des c\u00e2bles de donn\u00e9es et des chargeurs \u00e0 l&#039;alimentation mobile, aux accessoires de voiture et aux appareils domestiques intelligents.<\/p>\n<p>L&#039;engagement ind\u00e9fectible consiste \u00e0 fournir des produits \u00e9lectroniques \u00e0 la fois de haute qualit\u00e9 et pratiques pour r\u00e9pondre aux besoins des consommateurs du monde entier.<\/p>\n<h2>\u00c0 propos de bavin<\/h2>\n<p>Fond\u00e9e en 2013, bavin se consacre \u00e0 l&#039;innovation dans l&#039;\u00e9lectronique grand public.<\/p>\n<p>La gamme de produits diversifi\u00e9e comprend une large gamme de p\u00e9riph\u00e9riques num\u00e9riques, des c\u00e2bles de donn\u00e9es et des chargeurs \u00e0 l&#039;alimentation mobile, aux accessoires de voiture et aux appareils domestiques intelligents.<\/p>\n<p>L&#039;engagement ind\u00e9fectible consiste \u00e0 fournir des produits \u00e9lectroniques \u00e0 la fois de haute qualit\u00e9 et pratiques pour r\u00e9pondre aux besoins des consommateurs du monde entier.<\/p>\n<p>\t\t\t\t\t\t\t\t\t\t\t\t\t<img loading=\"lazy\" decoding=\"async\" width=\"676\" height=\"408\" src=\"https:\/\/bavin.net.cn\/wp-content\/uploads\/2024\/11\/About-bavin4.webp\" alt=\"\" srcset=\"https:\/\/bavin.net.cn\/wp-content\/uploads\/2024\/11\/About-bavin4.webp 676w, https:\/\/bavin.net.cn\/wp-content\/uploads\/2024\/11\/About-bavin4-300x181.webp 300w\" sizes=\"auto, (max-width: 676px) 100vw, 676px\" \/><br \/>\n\t\t\t\t\t\t\t\t\t\t\t\t\t<img loading=\"lazy\" decoding=\"async\" width=\"676\" height=\"408\" src=\"https:\/\/bavin.net.cn\/wp-content\/uploads\/2024\/11\/About-bavin5.webp\" alt=\"\" srcset=\"https:\/\/bavin.net.cn\/wp-content\/uploads\/2024\/11\/About-bavin5.webp 676w, https:\/\/bavin.net.cn\/wp-content\/uploads\/2024\/11\/About-bavin5-300x181.webp 300w\" sizes=\"auto, (max-width: 676px) 100vw, 676px\" \/>\t\t\t\t\t\t\t\t\t\t\t\t\t<\/p>\n<h2>\u00c0 propos de bavin<\/h2>\n<p>Fond\u00e9e en 2013, bavin se consacre \u00e0 l&#039;innovation dans l&#039;\u00e9lectronique grand public.<\/p>\n<p>La gamme de produits diversifi\u00e9e comprend une large gamme de p\u00e9riph\u00e9riques num\u00e9riques, des c\u00e2bles de donn\u00e9es et des chargeurs \u00e0 l&#039;alimentation mobile, aux accessoires de voiture et aux appareils domestiques intelligents.<\/p>\n<p>L&#039;engagement ind\u00e9fectible consiste \u00e0 fournir des produits \u00e9lectroniques \u00e0 la fois de haute qualit\u00e9 et pratiques pour r\u00e9pondre aux besoins des consommateurs du monde entier.<\/p>\n<h2>Prix de design que nous avons gagn\u00e9s<\/h2>\n<p>\t\t\t\t\t\t\t\t\t\t\t\t\t<img loading=\"lazy\" decoding=\"async\" width=\"87\" height=\"24\" src=\"https:\/\/bavin.net.cn\/wp-content\/uploads\/2024\/12\/logo-img.webp\" alt=\"\" \/><br \/>\n\t\t\t\t\t\t\t\t\t\t\t\t\t<img loading=\"lazy\" decoding=\"async\" width=\"87\" height=\"24\" src=\"https:\/\/bavin.net.cn\/wp-content\/uploads\/2024\/12\/logo-img.webp\" alt=\"\" \/><br \/>\n\t\t\t\t\t\t\t\t\t\t\t\t\t<img loading=\"lazy\" decoding=\"async\" width=\"87\" height=\"24\" src=\"https:\/\/bavin.net.cn\/wp-content\/uploads\/2024\/12\/logo-img.webp\" alt=\"\" \/><br \/>\n\t\t\t\t\t\t\t\t\t\t\t\t\t<img loading=\"lazy\" decoding=\"async\" width=\"87\" height=\"24\" src=\"https:\/\/bavin.net.cn\/wp-content\/uploads\/2024\/12\/logo-img.webp\" alt=\"\" \/><br \/>\n\t\t\t\t\t\t\t\t\t\t\t\t\t<img loading=\"lazy\" decoding=\"async\" width=\"87\" height=\"24\" src=\"https:\/\/bavin.net.cn\/wp-content\/uploads\/2024\/12\/logo-img.webp\" alt=\"\" \/>\t\t\t\t\t\t\t\t\t\t\t\t\t<\/p>\n<h2>Partenariat et certifi\u00e9 par<\/h2>\n<p>\t\t\t\t\t\t\t\t\t\t\t\t\t<img loading=\"lazy\" decoding=\"async\" width=\"87\" height=\"24\" src=\"https:\/\/bavin.net.cn\/wp-content\/uploads\/2024\/12\/logo-img.webp\" alt=\"\" \/><br \/>\n\t\t\t\t\t\t\t\t\t\t\t\t\t<img loading=\"lazy\" decoding=\"async\" width=\"87\" height=\"24\" src=\"https:\/\/bavin.net.cn\/wp-content\/uploads\/2024\/12\/logo-img.webp\" alt=\"\" \/><br \/>\n\t\t\t\t\t\t\t\t\t\t\t\t\t<img loading=\"lazy\" decoding=\"async\" width=\"87\" height=\"24\" src=\"https:\/\/bavin.net.cn\/wp-content\/uploads\/2024\/12\/logo-img.webp\" alt=\"\" \/><br \/>\n\t\t\t\t\t\t\t\t\t\t\t\t\t<img loading=\"lazy\" decoding=\"async\" width=\"87\" height=\"24\" src=\"https:\/\/bavin.net.cn\/wp-content\/uploads\/2024\/12\/logo-img.webp\" alt=\"\" \/><br \/>\n\t\t\t\t\t\t\t\t\t\t\t\t\t<img loading=\"lazy\" decoding=\"async\" width=\"87\" height=\"24\" src=\"https:\/\/bavin.net.cn\/wp-content\/uploads\/2024\/12\/logo-img.webp\" alt=\"\" \/><br \/>\n\t\t\t\t\t\t\t\t\t\t\t\t\t<img loading=\"lazy\" decoding=\"async\" width=\"87\" height=\"24\" src=\"https:\/\/bavin.net.cn\/wp-content\/uploads\/2024\/12\/logo-img.webp\" alt=\"\" \/>\t\t\t\t\t\t\t\t\t\t\t\t\t<\/p>\n<h2>Nos brevets<\/h2>\n<figure><img decoding=\"async\" src=\"https:\/\/bavin.net.cn\/wp-content\/uploads\/2024\/11\/Snipaste_2024-11-07_17-35-24.webp\" alt=\"Snipaste_2024-11-07_17-35-24\" \/><\/figure>\n<figure><img decoding=\"async\" src=\"https:\/\/bavin.net.cn\/wp-content\/uploads\/2024\/11\/Snipaste_2024-11-07_17-34-46.webp\" alt=\"Snipaste_2024-11-07_17-34-46\" \/><\/figure>\n<figure><img decoding=\"async\" src=\"https:\/\/bavin.net.cn\/wp-content\/uploads\/2024\/11\/Snipaste_2024-11-07_17-32-04.webp\" alt=\"Snipaste_2024-11-07_17-32-04\" \/><\/figure>\n<figure><img decoding=\"async\" src=\"https:\/\/bavin.net.cn\/wp-content\/uploads\/2024\/11\/Snipaste_2024-11-07_17-30-09.webp\" alt=\"Snipaste_2024-11-07_17-30-09\" \/><\/figure>\n<figure><img decoding=\"async\" src=\"https:\/\/bavin.net.cn\/wp-content\/uploads\/2024\/11\/20240815182405.webp\" alt=\"20240815182405\" \/><\/figure>\n<figure><img decoding=\"async\" src=\"https:\/\/bavin.net.cn\/wp-content\/uploads\/2024\/11\/20240628184110.webp\" alt=\"20240628184110\" \/><\/figure>\n<figure><img decoding=\"async\" src=\"https:\/\/bavin.net.cn\/wp-content\/uploads\/2024\/11\/20240628184047.webp\" alt=\"20240628184047\" \/><\/figure>\n<p>\t\t\t\t\t\t<svg aria-hidden=\"true\" viewbox=\"0 0 1000 1000\" xmlns=\"https:\/\/www.w3.org\/2000\/svg\"><path d=\"M646 125C629 125 613 133 604 142L308 442C296 454 292 471 292 487 292 504 296 521 308 533L604 854C617 867 629 875 646 875 663 875 679 871 692 858 704 846 713 829 713 812 713 796 708 779 692 767L438 487 692 225C700 217 708 204 708 187 708 171 704 154 692 142 675 129 663 125 646 125Z\"><\/path><\/svg><br \/>\n\t\t\t\t\t\t<svg aria-hidden=\"true\" viewbox=\"0 0 1000 1000\" xmlns=\"https:\/\/www.w3.org\/2000\/svg\"><path d=\"M696 533C708 521 713 504 713 487 713 471 708 454 696 446L400 146C388 133 375 125 354 125 338 125 325 129 313 142 300 154 292 171 292 187 292 204 296 221 308 233L563 492 304 771C292 783 288 800 288 817 288 833 296 850 308 863 321 871 338 875 354 875 371 875 388 867 400 854L696 533Z\"><\/path><\/svg><\/p><p><\/p>","protected":false},"excerpt":{"rendered":"<p>about US About bavin Founded in 2013, bavin is dedicated to driving innovation in consumer electronics. The diverse product lineup includes a wide range of digital peripherals, from data cables and chargers to mobile power, car accessories and smart home devices. The unwavering commitment lies in providing electronic products that are both high quality and [&hellip;]<\/p>","protected":false},"author":1,"featured_media":0,"parent":0,"menu_order":0,"comment_status":"closed","ping_status":"closed","template":"","meta":{"_acf_changed":false,"_seopress_robots_primary_cat":"","_seopress_titles_title":"","_seopress_titles_desc":"","_seopress_robots_index":"","footnotes":""},"class_list":["post-94","page","type-page","status-publish","hentry"],"acf":[],"_links":{"self":[{"href":"https:\/\/bavin.net.cn\/fr\/wp-json\/wp\/v2\/pages\/94","targetHints":{"allow":["GET"]}}],"collection":[{"href":"https:\/\/bavin.net.cn\/fr\/wp-json\/wp\/v2\/pages"}],"about":[{"href":"https:\/\/bavin.net.cn\/fr\/wp-json\/wp\/v2\/types\/page"}],"author":[{"embeddable":true,"href":"https:\/\/bavin.net.cn\/fr\/wp-json\/wp\/v2\/users\/1"}],"replies":[{"embeddable":true,"href":"https:\/\/bavin.net.cn\/fr\/wp-json\/wp\/v2\/comments?post=94"}],"version-history":[{"count":53,"href":"https:\/\/bavin.net.cn\/fr\/wp-json\/wp\/v2\/pages\/94\/revisions"}],"predecessor-version":[{"id":3593,"href":"https:\/\/bavin.net.cn\/fr\/wp-json\/wp\/v2\/pages\/94\/revisions\/3593"}],"wp:attachment":[{"href":"https:\/\/bavin.net.cn\/fr\/wp-json\/wp\/v2\/media?parent=94"}],"curies":[{"name":"wp","href":"https:\/\/api.w.org\/{rel}","templated":true}]}}