{"id":1398,"date":"2024-12-20T18:36:36","date_gmt":"2024-12-21T02:36:36","guid":{"rendered":"https:\/\/bavin.net.cn\/?post_type=product&#038;p=1398"},"modified":"2025-01-20T22:44:30","modified_gmt":"2025-01-21T06:44:30","slug":"cb367","status":"publish","type":"product","link":"https:\/\/bavin.net.cn\/fr\/produit\/cb367\/","title":{"rendered":"CB367"},"content":{"rendered":"<p><strong>\u00b7<\/strong> Convient pour l&#039;iPhone 15, charge s\u00fbre et rapide<\/p>\n<p><strong>\u00b7<\/strong> Le noyau en cuivre \u00e9tam\u00e9 acc\u00e9l\u00e8re et stabilise<\/p>\n<p><strong>\u00b7<\/strong> Chargement et transfert 2 en 1<\/p>\n<p><strong>\u00b7<\/strong> Test de d\u00e9branchement<\/p>","protected":false},"excerpt":{"rendered":"<p>c\u00e2ble de donn\u00e9es de charge<\/p>","protected":false},"featured_media":1407,"template":"","meta":{"_acf_changed":false,"_seopress_robots_primary_cat":"none","_seopress_titles_title":"CB367 - BAVIN","_seopress_titles_desc":"12W 18W 30W 60W fast charging suitable for iph 15 series","_seopress_robots_index":""},"product_cat":[30],"product_tag":[],"class_list":{"0":"post-1398","1":"product","2":"type-product","3":"status-publish","4":"has-post-thumbnail","6":"product_cat-cable","7":"pa_color-black","9":"first","10":"instock","11":"shipping-taxable","12":"purchasable","13":"product-type-variable"},"acf":[],"_links":{"self":[{"href":"https:\/\/bavin.net.cn\/fr\/wp-json\/wp\/v2\/product\/1398","targetHints":{"allow":["GET"]}}],"collection":[{"href":"https:\/\/bavin.net.cn\/fr\/wp-json\/wp\/v2\/product"}],"about":[{"href":"https:\/\/bavin.net.cn\/fr\/wp-json\/wp\/v2\/types\/product"}],"wp:featuredmedia":[{"embeddable":true,"href":"https:\/\/bavin.net.cn\/fr\/wp-json\/wp\/v2\/media\/1407"}],"wp:attachment":[{"href":"https:\/\/bavin.net.cn\/fr\/wp-json\/wp\/v2\/media?parent=1398"}],"wp:term":[{"taxonomy":"product_cat","embeddable":true,"href":"https:\/\/bavin.net.cn\/fr\/wp-json\/wp\/v2\/product_cat?post=1398"},{"taxonomy":"product_tag","embeddable":true,"href":"https:\/\/bavin.net.cn\/fr\/wp-json\/wp\/v2\/product_tag?post=1398"}],"curies":[{"name":"wp","href":"https:\/\/api.w.org\/{rel}","templated":true}]}}