{"id":2418,"date":"2025-01-07T23:29:40","date_gmt":"2025-01-08T07:29:40","guid":{"rendered":"https:\/\/bavin.net.cn\/?post_type=product&#038;p=2418"},"modified":"2025-09-04T23:40:43","modified_gmt":"2025-09-05T07:40:43","slug":"ps72","status":"publish","type":"product","link":"https:\/\/bavin.net.cn\/fr\/produit\/ps72\/","title":{"rendered":"PS72"},"content":{"rendered":"<p><strong>\u00b7<\/strong> Chargement sans fil 15 W<\/p>\n<p><strong>\u00b7<\/strong> Rotation \u00e0 360\u00b0<\/p>\n<p><strong>\u00b7<\/strong> Magn\u00e9tisme puissant<\/p>\n<p><strong>\u00b7<\/strong> Levier souple en m\u00e9tal \u00e0 m\u00e9moire de forme<\/p>","protected":false},"excerpt":{"rendered":"<p>SUPPORTS DE VOITURE<\/p>","protected":false},"featured_media":2425,"template":"","meta":{"_acf_changed":false,"_seopress_robots_primary_cat":"none","_seopress_titles_title":"PS72 - BAVIN","_seopress_titles_desc":"15W wireless charging, 360\u00b0 rotation, Powerful Magnetism, Memory metal soft lever","_seopress_robots_index":""},"product_cat":[53,54],"product_tag":[],"class_list":{"0":"post-2418","1":"product","2":"type-product","3":"status-publish","4":"has-post-thumbnail","6":"product_cat-others","7":"product_cat-holder-others","8":"pa_color-black","10":"first","11":"instock","12":"shipping-taxable","13":"purchasable","14":"product-type-variable"},"acf":[],"_links":{"self":[{"href":"https:\/\/bavin.net.cn\/fr\/wp-json\/wp\/v2\/product\/2418","targetHints":{"allow":["GET"]}}],"collection":[{"href":"https:\/\/bavin.net.cn\/fr\/wp-json\/wp\/v2\/product"}],"about":[{"href":"https:\/\/bavin.net.cn\/fr\/wp-json\/wp\/v2\/types\/product"}],"wp:featuredmedia":[{"embeddable":true,"href":"https:\/\/bavin.net.cn\/fr\/wp-json\/wp\/v2\/media\/2425"}],"wp:attachment":[{"href":"https:\/\/bavin.net.cn\/fr\/wp-json\/wp\/v2\/media?parent=2418"}],"wp:term":[{"taxonomy":"product_cat","embeddable":true,"href":"https:\/\/bavin.net.cn\/fr\/wp-json\/wp\/v2\/product_cat?post=2418"},{"taxonomy":"product_tag","embeddable":true,"href":"https:\/\/bavin.net.cn\/fr\/wp-json\/wp\/v2\/product_tag?post=2418"}],"curies":[{"name":"wp","href":"https:\/\/api.w.org\/{rel}","templated":true}]}}