{"id":2791,"date":"2025-01-09T23:47:42","date_gmt":"2025-01-10T07:47:42","guid":{"rendered":"https:\/\/bavin.net.cn\/?post_type=product&#038;p=2791"},"modified":"2025-02-19T22:29:52","modified_gmt":"2025-02-20T06:29:52","slug":"cb359","status":"publish","type":"product","link":"https:\/\/bavin.net.cn\/fr\/produit\/cb359\/","title":{"rendered":"CB359"},"content":{"rendered":"<p><strong>\u00b7<\/strong> Charge rapide 120 W pour t\u00e9l\u00e9phone Xiaomi<\/p>\n<p><strong>\u00b7<\/strong> Le noyau en cuivre \u00e9tam\u00e9 acc\u00e9l\u00e8re et stabilise<\/p>\n<p><strong>\u00b7<\/strong> Chargement et transfert 2 en 1<\/p>\n<p><strong>\u00b7<\/strong> Jouer tout en chargeant sans surchauffe<\/p>","protected":false},"excerpt":{"rendered":"<p>c\u00e2ble de donn\u00e9es de charge<\/p>","protected":false},"featured_media":2797,"template":"","meta":{"_acf_changed":false,"_seopress_robots_primary_cat":"none","_seopress_titles_title":"CB359 - BAVIN","_seopress_titles_desc":"120W fast charging for xiaomi phone, Tin-plated copper core speeds up and stabilize, Gaming while charging no overheating","_seopress_robots_index":""},"product_cat":[30,32],"product_tag":[],"class_list":{"0":"post-2791","1":"product","2":"type-product","3":"status-publish","4":"has-post-thumbnail","6":"product_cat-cable","7":"product_cat-type-c","8":"pa_color-white","10":"first","11":"instock","12":"shipping-taxable","13":"purchasable","14":"product-type-variable"},"acf":[],"_links":{"self":[{"href":"https:\/\/bavin.net.cn\/fr\/wp-json\/wp\/v2\/product\/2791","targetHints":{"allow":["GET"]}}],"collection":[{"href":"https:\/\/bavin.net.cn\/fr\/wp-json\/wp\/v2\/product"}],"about":[{"href":"https:\/\/bavin.net.cn\/fr\/wp-json\/wp\/v2\/types\/product"}],"wp:featuredmedia":[{"embeddable":true,"href":"https:\/\/bavin.net.cn\/fr\/wp-json\/wp\/v2\/media\/2797"}],"wp:attachment":[{"href":"https:\/\/bavin.net.cn\/fr\/wp-json\/wp\/v2\/media?parent=2791"}],"wp:term":[{"taxonomy":"product_cat","embeddable":true,"href":"https:\/\/bavin.net.cn\/fr\/wp-json\/wp\/v2\/product_cat?post=2791"},{"taxonomy":"product_tag","embeddable":true,"href":"https:\/\/bavin.net.cn\/fr\/wp-json\/wp\/v2\/product_tag?post=2791"}],"curies":[{"name":"wp","href":"https:\/\/api.w.org\/{rel}","templated":true}]}}