{"id":2893,"date":"2025-01-11T00:30:23","date_gmt":"2025-01-11T08:30:23","guid":{"rendered":"https:\/\/bavin.net.cn\/?post_type=product&#038;p=2893"},"modified":"2025-01-21T03:33:00","modified_gmt":"2025-01-21T11:33:00","slug":"cb300","status":"publish","type":"product","link":"https:\/\/bavin.net.cn\/fr\/produit\/cb300\/","title":{"rendered":"CB300"},"content":{"rendered":"<p><strong>\u00b7 <\/strong>Port de charge rapide 4 en 1<\/p>\n<p><strong>\u00b7<\/strong> Un fil tress\u00e9 vaut dix<\/p>\n<p><strong>\u00b7<\/strong> Porter 3 t\u00e9l\u00e9phones portables ne les cassera pas<\/p>\n<p><strong>\u00b7<\/strong> Le noyau en cuivre \u00e9tam\u00e9 acc\u00e9l\u00e8re et stabilise<\/p>","protected":false},"excerpt":{"rendered":"<p>c\u00e2ble de donn\u00e9es de charge<\/p>","protected":false},"featured_media":2899,"template":"","meta":{"_acf_changed":false,"_seopress_robots_primary_cat":"none","_seopress_titles_title":"CB300 - BAVIN","_seopress_titles_desc":"4 in 1 fast charging port, Braided wire one is worth ten, Bearing 3 mobile phones will not break, Tin-plated copper core speeds up and stabilize","_seopress_robots_index":""},"product_cat":[30,31,32],"product_tag":[],"class_list":{"0":"post-2893","1":"product","2":"type-product","3":"status-publish","4":"has-post-thumbnail","6":"product_cat-cable","7":"product_cat-lightning","8":"product_cat-type-c","9":"pa_color-black","10":"pa_color-white","12":"first","13":"instock","14":"shipping-taxable","15":"purchasable","16":"product-type-variable"},"acf":[],"_links":{"self":[{"href":"https:\/\/bavin.net.cn\/fr\/wp-json\/wp\/v2\/product\/2893","targetHints":{"allow":["GET"]}}],"collection":[{"href":"https:\/\/bavin.net.cn\/fr\/wp-json\/wp\/v2\/product"}],"about":[{"href":"https:\/\/bavin.net.cn\/fr\/wp-json\/wp\/v2\/types\/product"}],"wp:featuredmedia":[{"embeddable":true,"href":"https:\/\/bavin.net.cn\/fr\/wp-json\/wp\/v2\/media\/2899"}],"wp:attachment":[{"href":"https:\/\/bavin.net.cn\/fr\/wp-json\/wp\/v2\/media?parent=2893"}],"wp:term":[{"taxonomy":"product_cat","embeddable":true,"href":"https:\/\/bavin.net.cn\/fr\/wp-json\/wp\/v2\/product_cat?post=2893"},{"taxonomy":"product_tag","embeddable":true,"href":"https:\/\/bavin.net.cn\/fr\/wp-json\/wp\/v2\/product_tag?post=2893"}],"curies":[{"name":"wp","href":"https:\/\/api.w.org\/{rel}","templated":true}]}}