{"id":4082,"date":"2025-06-15T23:26:50","date_gmt":"2025-06-16T07:26:50","guid":{"rendered":"https:\/\/bavin.net.cn\/?post_type=product&#038;p=4082"},"modified":"2025-09-05T01:18:20","modified_gmt":"2025-09-05T09:18:20","slug":"pc1037s","status":"publish","type":"product","link":"https:\/\/bavin.net.cn\/fr\/produit\/pc1037s\/","title":{"rendered":"PC1037S"},"content":{"rendered":"<p><strong>\u00b7<\/strong> C\u00e2bles int\u00e9gr\u00e9s (15 W Type-C + 12 W iPhone)<\/p>\n<p><strong>\u00b7<\/strong> Support rabattable \u2013 tout est r\u00e9gl\u00e9.<\/p>\n<p><strong>\u00b7<\/strong> Charge rapide PD 20 W<\/p>\n<p><strong>\u00b7<\/strong> Charge rapide 15 W<\/p>","protected":false},"excerpt":{"rendered":"<p>BANQUE D&#039;ALIMENTATION 5000 mAh<\/p>","protected":false},"featured_media":4086,"template":"","meta":{"_acf_changed":false,"_seopress_robots_primary_cat":"none","_seopress_titles_title":"PC1037S - BAVIN","_seopress_titles_desc":"Built-in cables (15W Type-C+ 12W iPhone), Flick-out stand - all sorted, PD 20W speedy charge, 15W fast charging","_seopress_robots_index":""},"product_cat":[35,37],"product_tag":[],"class_list":{"0":"post-4082","1":"product","2":"type-product","3":"status-publish","4":"has-post-thumbnail","6":"product_cat-power-supply","7":"product_cat-wireless-power-bank","8":"pa_color-black","9":"pa_color-white","11":"first","12":"instock","13":"shipping-taxable","14":"purchasable","15":"product-type-variable"},"acf":[],"_links":{"self":[{"href":"https:\/\/bavin.net.cn\/fr\/wp-json\/wp\/v2\/product\/4082","targetHints":{"allow":["GET"]}}],"collection":[{"href":"https:\/\/bavin.net.cn\/fr\/wp-json\/wp\/v2\/product"}],"about":[{"href":"https:\/\/bavin.net.cn\/fr\/wp-json\/wp\/v2\/types\/product"}],"wp:featuredmedia":[{"embeddable":true,"href":"https:\/\/bavin.net.cn\/fr\/wp-json\/wp\/v2\/media\/4086"}],"wp:attachment":[{"href":"https:\/\/bavin.net.cn\/fr\/wp-json\/wp\/v2\/media?parent=4082"}],"wp:term":[{"taxonomy":"product_cat","embeddable":true,"href":"https:\/\/bavin.net.cn\/fr\/wp-json\/wp\/v2\/product_cat?post=4082"},{"taxonomy":"product_tag","embeddable":true,"href":"https:\/\/bavin.net.cn\/fr\/wp-json\/wp\/v2\/product_tag?post=4082"}],"curies":[{"name":"wp","href":"https:\/\/api.w.org\/{rel}","templated":true}]}}