{"id":4827,"date":"2025-09-12T19:59:19","date_gmt":"2025-09-13T03:59:19","guid":{"rendered":"https:\/\/bavin.net.cn\/?post_type=product&#038;p=4827"},"modified":"2025-09-12T20:10:46","modified_gmt":"2025-09-13T04:10:46","slug":"pc1181","status":"publish","type":"product","link":"https:\/\/bavin.net.cn\/fr\/produit\/pc1181\/","title":{"rendered":"PC1181"},"content":{"rendered":"<p><strong>\u00b7<\/strong> Chargement sans fil 15 W<\/p>\n<p><strong>\u00b7<\/strong> t\u00e9l\u00e9phones, \u00e9couteurs, montre 3 en 1<\/p>\n<p><strong>\u00b7<\/strong> Forte attraction magn\u00e9tique<\/p>\n<p><strong>\u00b7<\/strong> R\u00e9glable et pliable<\/p>","protected":false},"excerpt":{"rendered":"<p>CHARGE SANS FIL<\/p>","protected":false},"featured_media":4834,"template":"","meta":{"_acf_changed":false,"_seopress_robots_primary_cat":"none","_seopress_titles_title":"PC1181 - BAVIN","_seopress_titles_desc":"15W Wireless charging, phones, earphone , watch 3 in 1, Strong Magnetic Attraction, Adjustable Foldable","_seopress_robots_index":""},"product_cat":[26,28],"product_tag":[],"class_list":{"0":"post-4827","1":"product","2":"type-product","3":"status-publish","4":"has-post-thumbnail","6":"product_cat-charger","7":"product_cat-wireless-charger","8":"pa_color-black","9":"pa_color-white","11":"first","12":"instock","13":"shipping-taxable","14":"purchasable","15":"product-type-variable"},"acf":[],"_links":{"self":[{"href":"https:\/\/bavin.net.cn\/fr\/wp-json\/wp\/v2\/product\/4827","targetHints":{"allow":["GET"]}}],"collection":[{"href":"https:\/\/bavin.net.cn\/fr\/wp-json\/wp\/v2\/product"}],"about":[{"href":"https:\/\/bavin.net.cn\/fr\/wp-json\/wp\/v2\/types\/product"}],"wp:featuredmedia":[{"embeddable":true,"href":"https:\/\/bavin.net.cn\/fr\/wp-json\/wp\/v2\/media\/4834"}],"wp:attachment":[{"href":"https:\/\/bavin.net.cn\/fr\/wp-json\/wp\/v2\/media?parent=4827"}],"wp:term":[{"taxonomy":"product_cat","embeddable":true,"href":"https:\/\/bavin.net.cn\/fr\/wp-json\/wp\/v2\/product_cat?post=4827"},{"taxonomy":"product_tag","embeddable":true,"href":"https:\/\/bavin.net.cn\/fr\/wp-json\/wp\/v2\/product_tag?post=4827"}],"curies":[{"name":"wp","href":"https:\/\/api.w.org\/{rel}","templated":true}]}}