{"id":5774,"date":"2025-12-05T00:36:07","date_gmt":"2025-12-05T08:36:07","guid":{"rendered":"https:\/\/bavin.net.cn\/?post_type=product&#038;p=5774"},"modified":"2025-12-05T01:49:53","modified_gmt":"2025-12-05T09:49:53","slug":"cb399","status":"publish","type":"product","link":"https:\/\/bavin.net.cn\/fr\/produit\/cb399\/","title":{"rendered":"CB399"},"content":{"rendered":"<p><strong>\u00b7<\/strong> Charge rapide PD 60W<\/p>\n<p><strong>\u00b7<\/strong> Puce intelligente pour une recharge plus s\u00fbre<\/p>\n<p><strong>\u00b7<\/strong> C\u00e2ble tress\u00e9 r\u00e9sistant<\/p>\n<p><strong>\u00b7<\/strong> Lumi\u00e8re LED \u00e0 flux<\/p>","protected":false},"excerpt":{"rendered":"<p>c\u00e2ble de donn\u00e9es de charge<\/p>","protected":false},"featured_media":5779,"template":"","meta":{"_acf_changed":false,"_seopress_robots_primary_cat":"none","_seopress_titles_title":"CB399 - BAVIN","_seopress_titles_desc":"PD 60W fast charging, Smart chip safer charging, Tough braided cable, LED flow light","_seopress_robots_index":""},"product_cat":[30,31,32],"product_tag":[],"class_list":{"0":"post-5774","1":"product","2":"type-product","3":"status-publish","4":"has-post-thumbnail","6":"product_cat-cable","7":"product_cat-lightning","8":"product_cat-type-c","9":"pa_color-beige","10":"pa_color-black","12":"first","13":"instock","14":"shipping-taxable","15":"purchasable","16":"product-type-variable"},"acf":[],"_links":{"self":[{"href":"https:\/\/bavin.net.cn\/fr\/wp-json\/wp\/v2\/product\/5774","targetHints":{"allow":["GET"]}}],"collection":[{"href":"https:\/\/bavin.net.cn\/fr\/wp-json\/wp\/v2\/product"}],"about":[{"href":"https:\/\/bavin.net.cn\/fr\/wp-json\/wp\/v2\/types\/product"}],"wp:featuredmedia":[{"embeddable":true,"href":"https:\/\/bavin.net.cn\/fr\/wp-json\/wp\/v2\/media\/5779"}],"wp:attachment":[{"href":"https:\/\/bavin.net.cn\/fr\/wp-json\/wp\/v2\/media?parent=5774"}],"wp:term":[{"taxonomy":"product_cat","embeddable":true,"href":"https:\/\/bavin.net.cn\/fr\/wp-json\/wp\/v2\/product_cat?post=5774"},{"taxonomy":"product_tag","embeddable":true,"href":"https:\/\/bavin.net.cn\/fr\/wp-json\/wp\/v2\/product_tag?post=5774"}],"curies":[{"name":"wp","href":"https:\/\/api.w.org\/{rel}","templated":true}]}}