{"id":5801,"date":"2025-12-05T02:20:43","date_gmt":"2025-12-05T10:20:43","guid":{"rendered":"https:\/\/bavin.net.cn\/?post_type=product&#038;p=5801"},"modified":"2025-12-08T01:25:30","modified_gmt":"2025-12-08T09:25:30","slug":"cb396","status":"publish","type":"product","link":"https:\/\/bavin.net.cn\/fr\/produit\/cb396\/","title":{"rendered":"CB396"},"content":{"rendered":"<p><strong>\u00b7<\/strong> Charge rapide PD 60W<\/p>\n<p><strong>\u00b7<\/strong> Compact pour voyager<\/p>\n<p><strong>\u00b7<\/strong> Lani\u00e8re \u00e0 acc\u00e8s rapide<\/p>\n<p><strong>\u00b7<\/strong> Rangez avec des batteries externes<\/p>","protected":false},"excerpt":{"rendered":"<p>c\u00e2ble de chargement<\/p>","protected":false},"featured_media":5805,"template":"","meta":{"_acf_changed":false,"_seopress_robots_primary_cat":"none","_seopress_titles_title":"CB396 - BAVIN","_seopress_titles_desc":"PD 60W fast charging, Compact for travelling, Quick-access lanyard, Tidy with power banks","_seopress_robots_index":""},"product_cat":[30,31,32],"product_tag":[],"class_list":{"0":"post-5801","1":"product","2":"type-product","3":"status-publish","4":"has-post-thumbnail","6":"product_cat-cable","7":"product_cat-lightning","8":"product_cat-type-c","10":"first","11":"instock","12":"shipping-taxable","13":"purchasable","14":"product-type-variable"},"acf":[],"_links":{"self":[{"href":"https:\/\/bavin.net.cn\/fr\/wp-json\/wp\/v2\/product\/5801","targetHints":{"allow":["GET"]}}],"collection":[{"href":"https:\/\/bavin.net.cn\/fr\/wp-json\/wp\/v2\/product"}],"about":[{"href":"https:\/\/bavin.net.cn\/fr\/wp-json\/wp\/v2\/types\/product"}],"wp:featuredmedia":[{"embeddable":true,"href":"https:\/\/bavin.net.cn\/fr\/wp-json\/wp\/v2\/media\/5805"}],"wp:attachment":[{"href":"https:\/\/bavin.net.cn\/fr\/wp-json\/wp\/v2\/media?parent=5801"}],"wp:term":[{"taxonomy":"product_cat","embeddable":true,"href":"https:\/\/bavin.net.cn\/fr\/wp-json\/wp\/v2\/product_cat?post=5801"},{"taxonomy":"product_tag","embeddable":true,"href":"https:\/\/bavin.net.cn\/fr\/wp-json\/wp\/v2\/product_tag?post=5801"}],"curies":[{"name":"wp","href":"https:\/\/api.w.org\/{rel}","templated":true}]}}