{"id":3594,"date":"2025-05-12T00:24:50","date_gmt":"2025-05-12T08:24:50","guid":{"rendered":"https:\/\/bavin.net.cn\/?page_id=3594"},"modified":"2025-05-12T00:25:44","modified_gmt":"2025-05-12T08:25:44","slug":"privacy-policy","status":"publish","type":"page","link":"https:\/\/bavin.net.cn\/pt\/privacy-policy\/","title":{"rendered":"pol\u00edtica de Privacidade"},"content":{"rendered":"<div data-elementor-type=\"wp-page\" data-elementor-id=\"3594\" class=\"elementor elementor-3594\" data-elementor-post-type=\"page\">\n\t\t\t\t<div class=\"elementor-element elementor-element-2f8830b e-flex e-con-boxed e-con e-parent\" data-id=\"2f8830b\" data-element_type=\"container\" data-e-type=\"container\">\n\t\t\t\t\t<div class=\"e-con-inner\">\n\t\t\t\t<div class=\"elementor-element elementor-element-4e2c7a4 elementor-widget elementor-widget-text-editor\" data-id=\"4e2c7a4\" data-element_type=\"widget\" data-e-type=\"widget\" data-widget_type=\"text-editor.default\">\n\t\t\t\t<div class=\"elementor-widget-container\">\n\t\t\t\t\t\t\t\t\t<p style=\"--bdt-inverse: initial; color: rgb(57, 60, 65); font-family: Inter, sans-serif; font-size: 15px;\">Esta pol\u00edtica de privacidade foi elaborada para melhor atender aqueles que se preocupam com a forma como suas &quot;Informa\u00e7\u00f5es Pessoais Identific\u00e1veis&quot; (PII) est\u00e3o sendo usadas online. PII, conforme utilizado na legisla\u00e7\u00e3o de privacidade e seguran\u00e7a da informa\u00e7\u00e3o dos EUA, s\u00e3o informa\u00e7\u00f5es que podem ser usadas isoladamente ou em conjunto com outras informa\u00e7\u00f5es para identificar, contatar ou localizar uma pessoa, ou para identificar um indiv\u00edduo em contexto. Leia nossa pol\u00edtica de privacidade com aten\u00e7\u00e3o para entender claramente como coletamos, usamos, protegemos ou tratamos suas Informa\u00e7\u00f5es Pessoais Identific\u00e1veis de acordo com nosso site.<\/p>\n<p style=\"--bdt-inverse: initial; color: rgb(57, 60, 65); font-family: Inter, sans-serif; font-size: 15px;\">Quais informa\u00e7\u00f5es pessoais coletamos das pessoas que visitam nosso blog, site ou aplicativo?<\/p>\n<p style=\"--bdt-inverse: initial; color: rgb(57, 60, 65); font-family: Inter, sans-serif; font-size: 15px;\">Ao fazer um pedido ou se registrar em nosso site, conforme apropriado, voc\u00ea poder\u00e1 ser solicitado a inserir seu nome, endere\u00e7o de e-mail, endere\u00e7o para correspond\u00eancia, n\u00famero de telefone ou outros detalhes para ajudar em sua experi\u00eancia.<\/p>\n<p style=\"--bdt-inverse: initial; color: rgb(57, 60, 65); font-family: Inter, sans-serif; font-size: 15px;\">Quando coletamos informa\u00e7\u00f5es?<\/p>\n<p style=\"--bdt-inverse: initial; color: rgb(57, 60, 65); font-family: Inter, sans-serif; font-size: 15px;\">Coletamos informa\u00e7\u00f5es suas quando voc\u00ea se registra em nosso site, faz um pedido, assina um boletim informativo, responde a uma pesquisa, preenche um formul\u00e1rio ou insere informa\u00e7\u00f5es em nosso site.<\/p>\n<p style=\"--bdt-inverse: initial; color: rgb(57, 60, 65); font-family: Inter, sans-serif; font-size: 15px;\">Forne\u00e7a-nos feedback sobre nossos produtos ou servi\u00e7os<br style=\"--bdt-inverse: initial;\">Como usamos suas informa\u00e7\u00f5es?<\/p>\n<p style=\"--bdt-inverse: initial; color: rgb(57, 60, 65); font-family: Inter, sans-serif; font-size: 15px;\">Podemos usar as informa\u00e7\u00f5es que coletamos de voc\u00ea quando voc\u00ea se registra, faz uma compra, se inscreve em nossa newsletter, responde a uma pesquisa ou comunica\u00e7\u00e3o de marketing, navega no site ou usa determinados outros recursos do site das seguintes maneiras:<\/p>\n<pre style=\"--bdt-inverse: initial; font-size: 15px; color: rgb(57, 60, 65);\"><code style=\"--bdt-inverse: initial; font-family: inherit; direction: ltr; display: block; overflow-wrap: break-word; text-align: initial;\">  \u2022 Para personalizar a experi\u00eancia do usu\u00e1rio e nos permitir entregar o tipo de conte\u00fado e ofertas de produtos nos quais voc\u00ea est\u00e1 mais interessado. \u2022 Para melhorar nosso site para melhor atend\u00ea-lo. \u2022 Para nos permitir melhor atend\u00ea-lo em resposta \u00e0s suas solicita\u00e7\u00f5es de atendimento ao cliente. \u2022 Para administrar um concurso, promo\u00e7\u00e3o, pesquisa ou outro recurso do site. \u2022 Para processar rapidamente suas transa\u00e7\u00f5es. \u2022 Para solicitar classifica\u00e7\u00f5es e avalia\u00e7\u00f5es de servi\u00e7os ou produtos. \u2022 Para fazer o acompanhamento ap\u00f3s a correspond\u00eancia (chat ao vivo, e-mail ou consultas por telefone).<\/code><\/pre>\n<p style=\"--bdt-inverse: initial; color: rgb(57, 60, 65); font-family: Inter, sans-serif; font-size: 15px;\">Como protegemos as informa\u00e7\u00f5es dos visitantes?<\/p>\n<p style=\"--bdt-inverse: initial; color: rgb(57, 60, 65); font-family: Inter, sans-serif; font-size: 15px;\">N\u00e3o utilizamos varredura de vulnerabilidades e\/ou varredura de acordo com os padr\u00f5es PCI.<br style=\"--bdt-inverse: initial;\">Fornecemos apenas artigos e informa\u00e7\u00f5es. Nunca solicitamos n\u00fameros de cart\u00e3o de cr\u00e9dito.<br style=\"--bdt-inverse: initial;\">N\u00e3o utilizamos verifica\u00e7\u00e3o de malware.<\/p>\n<p style=\"--bdt-inverse: initial; color: rgb(57, 60, 65); font-family: Inter, sans-serif; font-size: 15px;\">Suas informa\u00e7\u00f5es pessoais est\u00e3o armazenadas em redes seguras e s\u00e3o acess\u00edveis apenas por um n\u00famero limitado de pessoas que possuem direitos especiais de acesso a tais sistemas e s\u00e3o obrigadas a manter a confidencialidade das informa\u00e7\u00f5es. Al\u00e9m disso, todas as informa\u00e7\u00f5es confidenciais\/de cr\u00e9dito que voc\u00ea fornecer s\u00e3o criptografadas por meio da tecnologia Secure Socket Layer (SSL).<\/p>\n<p style=\"--bdt-inverse: initial; color: rgb(57, 60, 65); font-family: Inter, sans-serif; font-size: 15px;\">Implementamos uma variedade de medidas de seguran\u00e7a quando um usu\u00e1rio insere, envia ou acessa suas informa\u00e7\u00f5es para manter a seguran\u00e7a de suas informa\u00e7\u00f5es pessoais.<\/p>\n<p style=\"--bdt-inverse: initial; color: rgb(57, 60, 65); font-family: Inter, sans-serif; font-size: 15px;\">Para sua conveni\u00eancia, podemos armazenar as informa\u00e7\u00f5es do seu cart\u00e3o de cr\u00e9dito por mais de 60 dias para agilizar pedidos futuros e automatizar o processo de cobran\u00e7a.<\/p>\n<p style=\"--bdt-inverse: initial; color: rgb(57, 60, 65); font-family: Inter, sans-serif; font-size: 15px;\">Utilizamos &#039;cookies&#039;?<\/p>\n<p style=\"--bdt-inverse: initial; color: rgb(57, 60, 65); font-family: Inter, sans-serif; font-size: 15px;\">Sim. Cookies s\u00e3o pequenos arquivos que um site ou seu provedor de servi\u00e7os transfere para o disco r\u00edgido do seu computador por meio do seu navegador (se voc\u00ea permitir), permitindo que os sistemas do site ou do provedor de servi\u00e7os reconhe\u00e7am seu navegador e capturem e memorizem determinadas informa\u00e7\u00f5es. Por exemplo, usamos cookies para nos ajudar a lembrar e processar os itens no seu carrinho de compras. Eles tamb\u00e9m s\u00e3o usados para nos ajudar a entender suas prefer\u00eancias com base na atividade anterior ou atual do site, o que nos permite fornecer servi\u00e7os aprimorados. Tamb\u00e9m usamos cookies para nos ajudar a compilar dados agregados sobre o tr\u00e1fego e a intera\u00e7\u00e3o no site, para que possamos oferecer melhores experi\u00eancias e ferramentas no futuro.<\/p>\n<p style=\"--bdt-inverse: initial; color: rgb(57, 60, 65); font-family: Inter, sans-serif; font-size: 15px;\">Utilizamos cookies para:<br style=\"--bdt-inverse: initial;\">\u2022 Ajude a lembrar e processar os itens no carrinho de compras.<br style=\"--bdt-inverse: initial;\">\u2022 Entender e salvar as prefer\u00eancias do usu\u00e1rio para futuras visitas.<br style=\"--bdt-inverse: initial;\">\u2022 Acompanhe os an\u00fancios.<br style=\"--bdt-inverse: initial;\">\u2022 Compilar dados agregados sobre o tr\u00e1fego e as intera\u00e7\u00f5es no site para oferecer melhores experi\u00eancias e ferramentas no futuro. Tamb\u00e9m podemos usar servi\u00e7os de terceiros confi\u00e1veis que rastreiam essas informa\u00e7\u00f5es em nosso nome.<\/p>\n<p style=\"--bdt-inverse: initial; color: rgb(57, 60, 65); font-family: Inter, sans-serif; font-size: 15px;\">Voc\u00ea pode optar por deixar seu computador alert\u00e1-lo sempre que um cookie for enviado ou desativar todos os cookies. Isso pode ser feito nas configura\u00e7\u00f5es do seu navegador (como o Internet Explorer). Cada navegador \u00e9 um pouco diferente, portanto, consulte o menu Ajuda do seu navegador para saber a maneira correta de modificar seus cookies.<\/p>\n<p style=\"--bdt-inverse: initial; color: rgb(57, 60, 65); font-family: Inter, sans-serif; font-size: 15px;\">Se voc\u00ea desabilitar os cookies, alguns recursos ser\u00e3o desabilitados. Isso n\u00e3o afetar\u00e1 a experi\u00eancia do usu\u00e1rio, o que tornar\u00e1 sua experi\u00eancia no site mais eficiente e alguns de nossos servi\u00e7os n\u00e3o funcionar\u00e3o corretamente.<\/p>\n<p style=\"--bdt-inverse: initial; color: rgb(57, 60, 65); font-family: Inter, sans-serif; font-size: 15px;\">No entanto, voc\u00ea ainda pode fazer pedidos.<\/p>\n<p style=\"--bdt-inverse: initial; color: rgb(57, 60, 65); font-family: Inter, sans-serif; font-size: 15px;\">Divulga\u00e7\u00e3o de terceiros<\/p>\n<p style=\"--bdt-inverse: initial; color: rgb(57, 60, 65); font-family: Inter, sans-serif; font-size: 15px;\">N\u00e3o vendemos, comercializamos ou transferimos suas informa\u00e7\u00f5es de identifica\u00e7\u00e3o pessoal a terceiros, a menos que notifiquemos os usu\u00e1rios com anteced\u00eancia. Isso n\u00e3o inclui parceiros de hospedagem de sites e outras partes que nos auxiliam na opera\u00e7\u00e3o do nosso site, na condu\u00e7\u00e3o dos nossos neg\u00f3cios ou no atendimento aos nossos usu\u00e1rios, desde que essas partes concordem em manter essas informa\u00e7\u00f5es confidenciais. Tamb\u00e9m podemos divulgar informa\u00e7\u00f5es quando for apropriado para cumprir a lei, aplicar as pol\u00edticas do nosso site ou proteger nossos direitos, propriedade ou seguran\u00e7a, nossos ou de terceiros.<\/p>\n<p style=\"--bdt-inverse: initial; color: rgb(57, 60, 65); font-family: Inter, sans-serif; font-size: 15px;\">No entanto, informa\u00e7\u00f5es de visitantes n\u00e3o pessoalmente identific\u00e1veis podem ser fornecidas a outras partes para marketing, publicidade ou outros usos.<\/p>\n<p style=\"--bdt-inverse: initial; color: rgb(57, 60, 65); font-family: Inter, sans-serif; font-size: 15px;\">Links de terceiros<\/p>\n<p style=\"--bdt-inverse: initial; color: rgb(57, 60, 65); font-family: Inter, sans-serif; font-size: 15px;\">Ocasionalmente, a nosso crit\u00e9rio, podemos incluir ou oferecer produtos ou servi\u00e7os de terceiros em nosso site. Esses sites de terceiros possuem pol\u00edticas de privacidade distintas e independentes. Portanto, n\u00e3o temos qualquer responsabilidade pelo conte\u00fado e atividades desses sites vinculados. No entanto, buscamos proteger a integridade do nosso site e agradecemos qualquer feedback sobre eles.<\/p>\n<p style=\"--bdt-inverse: initial; color: rgb(57, 60, 65); font-family: Inter, sans-serif; font-size: 15px;\">Google<\/p>\n<p style=\"--bdt-inverse: initial; color: rgb(57, 60, 65); font-family: Inter, sans-serif; font-size: 15px;\">Os requisitos de publicidade do Google podem ser resumidos nos Princ\u00edpios de Publicidade do Google. Eles s\u00e3o implementados para proporcionar uma experi\u00eancia positiva aos usu\u00e1rios. https:\/\/support.google.com\/adwordspolicy\/answer\/1316548?hl=pt-BR<\/p>\n<p style=\"--bdt-inverse: initial; color: rgb(57, 60, 65); font-family: Inter, sans-serif; font-size: 15px;\">Usamos publicidade do Google AdSense em nosso site.<\/p>\n<p style=\"--bdt-inverse: initial; color: rgb(57, 60, 65); font-family: Inter, sans-serif; font-size: 15px;\">O Google, como fornecedor terceirizado, utiliza cookies para veicular an\u00fancios em nosso site. O uso do cookie DART pelo Google permite que ele veicule an\u00fancios aos nossos usu\u00e1rios com base em visitas anteriores ao nosso site e a outros sites na internet. Os usu\u00e1rios podem optar por n\u00e3o usar o cookie DART acessando a Pol\u00edtica de Privacidade de An\u00fancios e da Rede de Conte\u00fado do Google.<\/p>\n<p style=\"--bdt-inverse: initial; color: rgb(57, 60, 65); font-family: Inter, sans-serif; font-size: 15px;\">Implementamos o seguinte:<br style=\"--bdt-inverse: initial;\">\u2022 Remarketing com Google AdSense<br style=\"--bdt-inverse: initial;\">\u2022 Relat\u00f3rio de impress\u00f5es da Rede de Display do Google<br style=\"--bdt-inverse: initial;\">\u2022 Relat\u00f3rios de dados demogr\u00e1ficos e interesses<br style=\"--bdt-inverse: initial;\">\u2022 Integra\u00e7\u00e3o da plataforma DoubleClick<\/p>\n<p style=\"--bdt-inverse: initial; color: rgb(57, 60, 65); font-family: Inter, sans-serif; font-size: 15px;\">N\u00f3s, juntamente com fornecedores terceirizados, como o Google, usamos cookies prim\u00e1rios (como os cookies do Google Analytics) e cookies de terceiros (como o cookie DoubleClick) ou outros identificadores de terceiros em conjunto para compilar dados sobre as intera\u00e7\u00f5es do usu\u00e1rio com impress\u00f5es de an\u00fancios e outras fun\u00e7\u00f5es de servi\u00e7os de an\u00fancios relacionadas ao nosso site.<\/p>\n<p style=\"--bdt-inverse: initial; color: rgb(57, 60, 65); font-family: Inter, sans-serif; font-size: 15px;\">Optar por n\u00e3o participar:<br style=\"--bdt-inverse: initial;\">Os usu\u00e1rios podem definir suas prefer\u00eancias sobre como o Google envia an\u00fancios para voc\u00ea usando a p\u00e1gina Configura\u00e7\u00f5es de An\u00fancios do Google. Como alternativa, voc\u00ea pode optar por n\u00e3o participar acessando a p\u00e1gina de desativa\u00e7\u00e3o da Network Advertising Initiative ou usando permanentemente o complemento do navegador para desativa\u00e7\u00e3o do Google Analytics.<\/p>\n<p style=\"--bdt-inverse: initial; color: rgb(57, 60, 65); font-family: Inter, sans-serif; font-size: 15px;\">Nossas Pol\u00edticas: esteja do lado certo da Lei de Prote\u00e7\u00e3o \u00e0 Crian\u00e7a<\/p>\n<p style=\"--bdt-inverse: initial; color: rgb(57, 60, 65); font-family: Inter, sans-serif; font-size: 15px;\">N\u00e3o deixe uma crian\u00e7a menor de 13 anos sozinha usando este produto. N\u00e3o coletaremos nenhuma Informa\u00e7\u00e3o Pessoal Identific\u00e1vel relacionada a crian\u00e7as, a menos que tenhamos consentimento parental verific\u00e1vel.<\/p>\n<p style=\"--bdt-inverse: initial; color: rgb(57, 60, 65); font-family: Inter, sans-serif; font-size: 15px;\">Compreendemos a obriga\u00e7\u00e3o de proteger as Informa\u00e7\u00f5es Pessoais obtidas de crian\u00e7as pequenas. Os Servi\u00e7os n\u00e3o s\u00e3o direcionados a crian\u00e7as menores de 13 anos e n\u00e3o coletamos intencionalmente quaisquer Informa\u00e7\u00f5es Pessoais dessas crian\u00e7as. Se coletarmos quaisquer informa\u00e7\u00f5es pessoais (conforme definido na Lei de Prote\u00e7\u00e3o \u00e0 Privacidade Online de Crian\u00e7as (\u201cCOPPA\u201d), que foi estabelecida pelo Congresso dos EUA para proteger a privacidade online de crian\u00e7as) de crian\u00e7as menores de 13 anos, n\u00f3s (1) cumpriremos os requisitos da COPPA e obteremos consentimento parental pr\u00e9vio verific\u00e1vel ou notifica\u00e7\u00e3o direta dos pais sobre a natureza e o uso pretendido de tais informa\u00e7\u00f5es, o que incluir\u00e1 uma oportunidade para o pai impedir o uso das informa\u00e7\u00f5es e a participa\u00e7\u00e3o na atividade; ou (2) excluiremos prontamente tais informa\u00e7\u00f5es de nossos arquivos e registros. Para obter mais informa\u00e7\u00f5es sobre a COPPA e os direitos das crian\u00e7as \u00e0 privacidade online, visite a se\u00e7\u00e3o Privacidade Infantil do site da Comiss\u00e3o Federal de Com\u00e9rcio em http:\/\/www.business.ftc.gov\/privacy-and-security\/childrens-privacy.<\/p>\n<p style=\"--bdt-inverse: initial; color: rgb(57, 60, 65); font-family: Inter, sans-serif; font-size: 15px;\">Lei de Prote\u00e7\u00e3o \u00e0 Crian\u00e7a:<\/p>\n<p style=\"--bdt-inverse: initial; color: rgb(57, 60, 65); font-family: Inter, sans-serif; font-size: 15px;\">A Lei de Prote\u00e7\u00e3o \u00e0 Privacidade Online de Crian\u00e7as (COPPA) pro\u00edbe a coleta, o uso ou a divulga\u00e7\u00e3o de informa\u00e7\u00f5es pessoais de crian\u00e7as menores de 13 anos, a menos que voc\u00ea tenha fornecido um aviso e recebido o consentimento dos pais. O consentimento dos pais deve ser verific\u00e1vel (por exemplo, solicitando que os pais preencham um formul\u00e1rio de consentimento ou verificando o documento de identidade emitido pelo governo).<\/p>\n<p style=\"--bdt-inverse: initial; color: rgb(57, 60, 65); font-family: Inter, sans-serif; font-size: 15px;\">Lei de Prote\u00e7\u00e3o \u00e0 Privacidade Online da Calif\u00f3rnia<\/p>\n<p style=\"--bdt-inverse: initial; color: rgb(57, 60, 65); font-family: Inter, sans-serif; font-size: 15px;\">A CalOPPA \u00e9 a primeira lei estadual do pa\u00eds a exigir que sites comerciais e servi\u00e7os online publiquem uma pol\u00edtica de privacidade. O alcance da lei vai muito al\u00e9m da Calif\u00f3rnia, exigindo que uma pessoa ou empresa nos Estados Unidos (e possivelmente no mundo) que opere sites que coletem informa\u00e7\u00f5es de identifica\u00e7\u00e3o pessoal de consumidores da Calif\u00f3rnia publique uma pol\u00edtica de privacidade vis\u00edvel em seu site, declarando exatamente as informa\u00e7\u00f5es coletadas e os indiv\u00edduos com quem elas est\u00e3o sendo compartilhadas, e que cumpra essa pol\u00edtica. \u2013 Saiba mais em: http:\/\/consumercal.org\/california-online-privacy-protection-act-caloppa\/#sthash.0FdRbT51.dpuf<\/p>\n<p style=\"--bdt-inverse: initial; color: rgb(57, 60, 65); font-family: Inter, sans-serif; font-size: 15px;\">De acordo com a CalOPPA, concordamos com o seguinte:<br style=\"--bdt-inverse: initial;\">Os usu\u00e1rios podem visitar nosso site anonimamente.<br style=\"--bdt-inverse: initial;\">Depois que esta pol\u00edtica de privacidade for criada, adicionaremos um link para ela em nossa p\u00e1gina inicial ou, no m\u00ednimo, na primeira p\u00e1gina significativa ap\u00f3s entrar em nosso site.<br style=\"--bdt-inverse: initial;\">Nosso link da Pol\u00edtica de Privacidade inclui a palavra &quot;Privacidade&quot; e pode ser facilmente encontrado na p\u00e1gina especificada acima.<\/p>\n<p style=\"--bdt-inverse: initial; color: rgb(57, 60, 65); font-family: Inter, sans-serif; font-size: 15px;\">Os usu\u00e1rios ser\u00e3o notificados sobre quaisquer altera\u00e7\u00f5es na pol\u00edtica de privacidade:<br style=\"--bdt-inverse: initial;\">\u2022 Em nossa p\u00e1gina de Pol\u00edtica de Privacidade<br style=\"--bdt-inverse: initial;\">Os usu\u00e1rios podem alterar suas informa\u00e7\u00f5es pessoais:<br style=\"--bdt-inverse: initial;\">\u2022 Enviando-nos um e-mail<br style=\"--bdt-inverse: initial;\">\u2022 Ao fazer login na sua conta<\/p>\n<p style=\"--bdt-inverse: initial; color: rgb(57, 60, 65); font-family: Inter, sans-serif; font-size: 15px;\">Como nosso site lida com sinais de &quot;n\u00e3o rastrear&quot;?<br style=\"--bdt-inverse: initial;\">Respeitamos os sinais de &quot;n\u00e3o rastrear&quot; e n\u00e3o rastreamos, plantamos cookies ou usamos publicidade quando um mecanismo de navegador &quot;N\u00e3o Rastrear&quot; (DNT) est\u00e1 em vigor.<\/p>\n<p style=\"--bdt-inverse: initial; color: rgb(57, 60, 65); font-family: Inter, sans-serif; font-size: 15px;\">Nosso site permite rastreamento comportamental de terceiros?<br style=\"--bdt-inverse: initial;\">Tamb\u00e9m \u00e9 importante observar que permitimos o rastreamento comportamental de terceiros<\/p>\n<p style=\"--bdt-inverse: initial; color: rgb(57, 60, 65); font-family: Inter, sans-serif; font-size: 15px;\">COPPA (Lei de Prote\u00e7\u00e3o \u00e0 Privacidade Online de Crian\u00e7as)<\/p>\n<p style=\"--bdt-inverse: initial; color: rgb(57, 60, 65); font-family: Inter, sans-serif; font-size: 15px;\">Quando se trata da coleta de informa\u00e7\u00f5es pessoais de crian\u00e7as menores de 13 anos, a Lei de Prote\u00e7\u00e3o \u00e0 Privacidade Online de Crian\u00e7as (COPPA) coloca os pais no controle. A Comiss\u00e3o Federal de Com\u00e9rcio, a ag\u00eancia de prote\u00e7\u00e3o ao consumidor do pa\u00eds, aplica a Regra COPPA, que define o que os operadores de sites e servi\u00e7os online devem fazer para proteger a privacidade e a seguran\u00e7a das crian\u00e7as online.<\/p>\n<p style=\"--bdt-inverse: initial; color: rgb(57, 60, 65); font-family: Inter, sans-serif; font-size: 15px;\">N\u00e3o fazemos marketing especificamente para crian\u00e7as menores de 13 anos.<\/p>\n<p style=\"--bdt-inverse: initial; color: rgb(57, 60, 65); font-family: Inter, sans-serif; font-size: 15px;\">Pr\u00e1ticas de Informa\u00e7\u00e3o Justa<\/p>\n<p style=\"--bdt-inverse: initial; color: rgb(57, 60, 65); font-family: Inter, sans-serif; font-size: 15px;\">Os Princ\u00edpios de Pr\u00e1ticas Justas de Informa\u00e7\u00e3o constituem a espinha dorsal da legisla\u00e7\u00e3o de privacidade nos Estados Unidos e os conceitos que eles incluem desempenharam um papel significativo no desenvolvimento de leis de prote\u00e7\u00e3o de dados em todo o mundo. Compreender os Princ\u00edpios de Pr\u00e1ticas Justas de Informa\u00e7\u00e3o e como eles devem ser implementados \u00e9 fundamental para cumprir as diversas leis de privacidade que protegem informa\u00e7\u00f5es pessoais.<\/p>\n<p style=\"--bdt-inverse: initial; color: rgb(57, 60, 65); font-family: Inter, sans-serif; font-size: 15px;\">Para estar em conformidade com as Pr\u00e1ticas Justas de Informa\u00e7\u00e3o, tomaremos as seguintes medidas corretivas, caso ocorra uma viola\u00e7\u00e3o de dados:<br style=\"--bdt-inverse: initial;\">N\u00f3s notificaremos os usu\u00e1rios por e-mail<br style=\"--bdt-inverse: initial;\">\u2022 Dentro de 7 dias \u00fateis<br style=\"--bdt-inverse: initial;\">Notificaremos os usu\u00e1rios por meio de notifica\u00e7\u00e3o no site<br style=\"--bdt-inverse: initial;\">\u2022 Dentro de 7 dias \u00fateis<\/p>\n<p style=\"--bdt-inverse: initial; color: rgb(57, 60, 65); font-family: Inter, sans-serif; font-size: 15px;\">Tamb\u00e9m concordamos com o Princ\u00edpio da Repara\u00e7\u00e3o Individual, que exige que os indiv\u00edduos tenham o direito de buscar direitos legalmente exig\u00edveis contra coletores e processadores de dados que descumpram a lei. Este princ\u00edpio exige n\u00e3o apenas que os indiv\u00edduos tenham direitos exig\u00edveis contra usu\u00e1rios de dados, mas tamb\u00e9m que os indiv\u00edduos recorram a tribunais ou ag\u00eancias governamentais para investigar e\/ou processar o descumprimento por parte dos processadores de dados.<\/p>\n<p style=\"--bdt-inverse: initial; color: rgb(57, 60, 65); font-family: Inter, sans-serif; font-size: 15px;\">Lei CAN SPAM<\/p>\n<p style=\"--bdt-inverse: initial; color: rgb(57, 60, 65); font-family: Inter, sans-serif; font-size: 15px;\">A Lei CAN-SPAM \u00e9 uma lei que define as regras para e-mails comerciais, estabelece requisitos para mensagens comerciais, d\u00e1 aos destinat\u00e1rios o direito de impedir que e-mails sejam enviados a eles e define penalidades severas para viola\u00e7\u00f5es.<\/p>\n<p style=\"--bdt-inverse: initial; color: rgb(57, 60, 65); font-family: Inter, sans-serif; font-size: 15px;\">Coletamos seu endere\u00e7o de e-mail para:<br style=\"--bdt-inverse: initial;\">\u2022 Enviar informa\u00e7\u00f5es, responder a perguntas e\/ou outras solicita\u00e7\u00f5es ou perguntas.<br style=\"--bdt-inverse: initial;\">\u2022 Processar pedidos e enviar informa\u00e7\u00f5es e atualiza\u00e7\u00f5es referentes aos pedidos.<br style=\"--bdt-inverse: initial;\">\u2022 Tamb\u00e9m podemos enviar informa\u00e7\u00f5es adicionais relacionadas ao seu produto e\/ou servi\u00e7o.<br style=\"--bdt-inverse: initial;\">\u2022 Fa\u00e7a marketing para nossa lista de e-mails ou continue enviando e-mails para nossos clientes ap\u00f3s a transa\u00e7\u00e3o original ter ocorrido.<\/p>\n<p style=\"--bdt-inverse: initial; color: rgb(57, 60, 65); font-family: Inter, sans-serif; font-size: 15px;\">Para estar em conformidade com o CANSPAM, concordamos com o seguinte:<\/p>\n<p style=\"--bdt-inverse: initial; color: rgb(57, 60, 65); font-family: Inter, sans-serif; font-size: 15px;\">Se a qualquer momento voc\u00ea desejar cancelar o recebimento de e-mails futuros, envie um e-mail para<br style=\"--bdt-inverse: initial;\">e removeremos voc\u00ea imediatamente de TODA a correspond\u00eancia.<\/p>\n<p style=\"--bdt-inverse: initial; color: rgb(57, 60, 65); font-family: Inter, sans-serif; font-size: 15px;\">Entrando em contato conosco<\/p>\n<p style=\"--bdt-inverse: initial; color: rgb(57, 60, 65); font-family: Inter, sans-serif; font-size: 15px;\">Caso tenha alguma d\u00favida sobre esta pol\u00edtica de privacidade, entre em contato conosco usando as informa\u00e7\u00f5es abaixo.<\/p><p style=\"--bdt-inverse: initial;\"><font color=\"#393c41\" face=\"Inter, sans-serif\"><span style=\"font-size: 15px;\">Equipe BAVIN: https:\/\/bavin.net.cn\/<\/span><\/font><\/p>\t\t\t\t\t\t\t\t<\/div>\n\t\t\t\t<\/div>\n\t\t\t\t\t<\/div>\n\t\t\t\t<\/div>\n\t\t\t\t<\/div>","protected":false},"excerpt":{"rendered":"<p>This privacy policy has been compiled to better serve those who are concerned with how their \u2018Personally identifiable information\u2019 (PII) is being used online. PII, as used in US privacy law and information security, is information that can be used on its own or with other information to identify, contact, or locate a single person, [&hellip;]<\/p>","protected":false},"author":1,"featured_media":0,"parent":0,"menu_order":0,"comment_status":"closed","ping_status":"closed","template":"","meta":{"_acf_changed":false,"_seopress_robots_primary_cat":"","_seopress_titles_title":"","_seopress_titles_desc":"","_seopress_robots_index":"","footnotes":""},"class_list":["post-3594","page","type-page","status-publish","hentry"],"acf":[],"_links":{"self":[{"href":"https:\/\/bavin.net.cn\/pt\/wp-json\/wp\/v2\/pages\/3594","targetHints":{"allow":["GET"]}}],"collection":[{"href":"https:\/\/bavin.net.cn\/pt\/wp-json\/wp\/v2\/pages"}],"about":[{"href":"https:\/\/bavin.net.cn\/pt\/wp-json\/wp\/v2\/types\/page"}],"author":[{"embeddable":true,"href":"https:\/\/bavin.net.cn\/pt\/wp-json\/wp\/v2\/users\/1"}],"replies":[{"embeddable":true,"href":"https:\/\/bavin.net.cn\/pt\/wp-json\/wp\/v2\/comments?post=3594"}],"version-history":[{"count":5,"href":"https:\/\/bavin.net.cn\/pt\/wp-json\/wp\/v2\/pages\/3594\/revisions"}],"predecessor-version":[{"id":3601,"href":"https:\/\/bavin.net.cn\/pt\/wp-json\/wp\/v2\/pages\/3594\/revisions\/3601"}],"wp:attachment":[{"href":"https:\/\/bavin.net.cn\/pt\/wp-json\/wp\/v2\/media?parent=3594"}],"curies":[{"name":"wp","href":"https:\/\/api.w.org\/{rel}","templated":true}]}}