{"id":1530,"date":"2024-12-20T21:17:04","date_gmt":"2024-12-21T05:17:04","guid":{"rendered":"https:\/\/bavin.net.cn\/?post_type=product&#038;p=1530"},"modified":"2025-02-16T22:35:06","modified_gmt":"2025-02-17T06:35:06","slug":"cb327","status":"publish","type":"product","link":"https:\/\/bavin.net.cn\/pt\/produto\/cb327\/","title":{"rendered":"CB327"},"content":{"rendered":"<p><strong>\u00b7<\/strong> Cabo de dados magn\u00e9tico<\/p>\n<p><strong>\u00b7<\/strong> Suc\u00e7\u00e3o magn\u00e9tica multifios que se dobra sem emaranhar<\/p>\n<p><strong>\u00b7<\/strong> Compatibilidade robusta<\/p>\n<p><strong>\u00b7<\/strong> Carregue e transfira 2 em 1<\/p>","protected":false},"excerpt":{"rendered":"<p>cabo de carregamento de dados<\/p>","protected":false},"featured_media":1559,"template":"","meta":{"_acf_changed":false,"_seopress_robots_primary_cat":"none","_seopress_titles_title":"CB327 - BAVIN","_seopress_titles_desc":"30W 60W Magnetic data cable Multi-wire magnetic suction folds without tangling","_seopress_robots_index":""},"product_cat":[30],"product_tag":[],"class_list":{"0":"post-1530","1":"product","2":"type-product","3":"status-publish","4":"has-post-thumbnail","6":"product_cat-cable","7":"pa_color-black","8":"pa_color-blue","9":"pa_color-pink","10":"pa_color-white","12":"first","13":"instock","14":"shipping-taxable","15":"purchasable","16":"product-type-variable"},"acf":[],"_links":{"self":[{"href":"https:\/\/bavin.net.cn\/pt\/wp-json\/wp\/v2\/product\/1530","targetHints":{"allow":["GET"]}}],"collection":[{"href":"https:\/\/bavin.net.cn\/pt\/wp-json\/wp\/v2\/product"}],"about":[{"href":"https:\/\/bavin.net.cn\/pt\/wp-json\/wp\/v2\/types\/product"}],"wp:featuredmedia":[{"embeddable":true,"href":"https:\/\/bavin.net.cn\/pt\/wp-json\/wp\/v2\/media\/1559"}],"wp:attachment":[{"href":"https:\/\/bavin.net.cn\/pt\/wp-json\/wp\/v2\/media?parent=1530"}],"wp:term":[{"taxonomy":"product_cat","embeddable":true,"href":"https:\/\/bavin.net.cn\/pt\/wp-json\/wp\/v2\/product_cat?post=1530"},{"taxonomy":"product_tag","embeddable":true,"href":"https:\/\/bavin.net.cn\/pt\/wp-json\/wp\/v2\/product_tag?post=1530"}],"curies":[{"name":"wp","href":"https:\/\/api.w.org\/{rel}","templated":true}]}}