{"id":2391,"date":"2025-01-07T23:12:12","date_gmt":"2025-01-08T07:12:12","guid":{"rendered":"https:\/\/bavin.net.cn\/?post_type=product&#038;p=2391"},"modified":"2025-09-04T23:30:47","modified_gmt":"2025-09-05T07:30:47","slug":"ps73","status":"publish","type":"product","link":"https:\/\/bavin.net.cn\/pt\/produto\/ps73\/","title":{"rendered":"PS73"},"content":{"rendered":"<p><strong>\u00b7<\/strong> Modelos de ampla adapta\u00e7\u00e3o de 4,5 a 7,2 polegadas<\/p>\n<p><strong>\u00b7<\/strong> Rota\u00e7\u00e3o da cabe\u00e7a 360<\/p>\n<p><strong>\u00b7<\/strong> Fixa\u00e7\u00e3o autom\u00e1tica r\u00e1pida<\/p>\n<p><strong>\u00b7<\/strong> Peso m\u00e1ximo 10 kg<\/p>","protected":false},"excerpt":{"rendered":"<p>SUPORTES PARA CARRO<\/p>","protected":false},"featured_media":2406,"template":"","meta":{"_acf_changed":false,"_seopress_robots_primary_cat":"none","_seopress_titles_title":"PS73 - BAVIN","_seopress_titles_desc":"Wide adaptation 4.5-7.2 inch models, 360 head rotation, Quick automatic fixation, Maximum weight 10kg","_seopress_robots_index":""},"product_cat":[53,54],"product_tag":[],"class_list":{"0":"post-2391","1":"product","2":"type-product","3":"status-publish","4":"has-post-thumbnail","6":"product_cat-others","7":"product_cat-holder-others","8":"pa_color-black","10":"first","11":"instock","12":"shipping-taxable","13":"purchasable","14":"product-type-variable"},"acf":[],"_links":{"self":[{"href":"https:\/\/bavin.net.cn\/pt\/wp-json\/wp\/v2\/product\/2391","targetHints":{"allow":["GET"]}}],"collection":[{"href":"https:\/\/bavin.net.cn\/pt\/wp-json\/wp\/v2\/product"}],"about":[{"href":"https:\/\/bavin.net.cn\/pt\/wp-json\/wp\/v2\/types\/product"}],"wp:featuredmedia":[{"embeddable":true,"href":"https:\/\/bavin.net.cn\/pt\/wp-json\/wp\/v2\/media\/2406"}],"wp:attachment":[{"href":"https:\/\/bavin.net.cn\/pt\/wp-json\/wp\/v2\/media?parent=2391"}],"wp:term":[{"taxonomy":"product_cat","embeddable":true,"href":"https:\/\/bavin.net.cn\/pt\/wp-json\/wp\/v2\/product_cat?post=2391"},{"taxonomy":"product_tag","embeddable":true,"href":"https:\/\/bavin.net.cn\/pt\/wp-json\/wp\/v2\/product_tag?post=2391"}],"curies":[{"name":"wp","href":"https:\/\/api.w.org\/{rel}","templated":true}]}}