{"id":2468,"date":"2025-01-08T01:22:01","date_gmt":"2025-01-08T09:22:01","guid":{"rendered":"https:\/\/bavin.net.cn\/?post_type=product&#038;p=2468"},"modified":"2025-01-08T01:30:48","modified_gmt":"2025-01-08T09:30:48","slug":"ps65","status":"publish","type":"product","link":"https:\/\/bavin.net.cn\/pt\/produto\/ps65\/","title":{"rendered":"PS65"},"content":{"rendered":"<p><strong>\u00b7<\/strong> Suporte magn\u00e9tico<\/p>\n<p><strong>\u00b7<\/strong> Rota\u00e7\u00e3o multi-\u00e2ngulo<\/p>\n<p><strong>\u00b7<\/strong> Pot\u00eancia de suc\u00e7\u00e3o de 8000N<\/p>\n<p><strong>\u00b7<\/strong> Super resistente \u00e0 carga<\/p>","protected":false},"excerpt":{"rendered":"<p>SUPORTES PARA CARRO<\/p>","protected":false},"featured_media":2480,"template":"","meta":{"_acf_changed":false,"_seopress_robots_primary_cat":"none","_seopress_titles_title":"PS65 - BAVIN","_seopress_titles_desc":"Magnetic bracket, Multi-angle rotation, 8000N suction power, Super load-bearing","_seopress_robots_index":""},"product_cat":[53,54],"product_tag":[],"class_list":{"0":"post-2468","1":"product","2":"type-product","3":"status-publish","4":"has-post-thumbnail","6":"product_cat-others","7":"product_cat-holder-others","8":"pa_color-black","9":"pa_color-silver","11":"first","12":"instock","13":"shipping-taxable","14":"purchasable","15":"product-type-variable"},"acf":[],"_links":{"self":[{"href":"https:\/\/bavin.net.cn\/pt\/wp-json\/wp\/v2\/product\/2468","targetHints":{"allow":["GET"]}}],"collection":[{"href":"https:\/\/bavin.net.cn\/pt\/wp-json\/wp\/v2\/product"}],"about":[{"href":"https:\/\/bavin.net.cn\/pt\/wp-json\/wp\/v2\/types\/product"}],"wp:featuredmedia":[{"embeddable":true,"href":"https:\/\/bavin.net.cn\/pt\/wp-json\/wp\/v2\/media\/2480"}],"wp:attachment":[{"href":"https:\/\/bavin.net.cn\/pt\/wp-json\/wp\/v2\/media?parent=2468"}],"wp:term":[{"taxonomy":"product_cat","embeddable":true,"href":"https:\/\/bavin.net.cn\/pt\/wp-json\/wp\/v2\/product_cat?post=2468"},{"taxonomy":"product_tag","embeddable":true,"href":"https:\/\/bavin.net.cn\/pt\/wp-json\/wp\/v2\/product_tag?post=2468"}],"curies":[{"name":"wp","href":"https:\/\/api.w.org\/{rel}","templated":true}]}}