{"id":1258,"date":"2024-12-20T01:34:07","date_gmt":"2024-12-20T09:34:07","guid":{"rendered":"https:\/\/bavin.net.cn\/?post_type=product&#038;p=1258"},"modified":"2025-09-04T00:20:31","modified_gmt":"2025-09-04T08:20:31","slug":"pc927","status":"publish","type":"product","link":"https:\/\/bavin.net.cn\/tr\/urun\/pc927\/","title":{"rendered":"PC927"},"content":{"rendered":"<p><strong>\u00b7<\/strong> 100W s\u00fcper h\u0131zl\u0131 \u015farj<\/p>\n<p><strong>\u00b7<\/strong> Verimli \u0131s\u0131 da\u011f\u0131l\u0131m\u0131<\/p>\n<p><strong>\u00b7<\/strong> \u0130ki diz\u00fcst\u00fc bilgisayar\u0131 ayn\u0131 anda \u015farj etme<\/p>\n<p><strong>\u00b7<\/strong> H\u0131zl\u0131 \u015farj \u00e7ipi verimli \u015farj<\/p>","protected":false},"excerpt":{"rendered":"<p>Duvar \u015earj Cihaz\u0131<\/p>","protected":false},"featured_media":1270,"template":"","meta":{"_acf_changed":false,"_seopress_robots_primary_cat":"none","_seopress_titles_title":"PC927 - BAVIN","_seopress_titles_desc":"100W high power gan charger Notebook \/ Tablet \/ Phone","_seopress_robots_index":""},"product_cat":[26,27],"product_tag":[],"class_list":{"0":"post-1258","1":"product","2":"type-product","3":"status-publish","4":"has-post-thumbnail","6":"product_cat-charger","7":"product_cat-wall-charger","8":"pa_color-black","9":"pa_color-white","11":"first","12":"instock","13":"shipping-taxable","14":"purchasable","15":"product-type-variable"},"acf":[],"_links":{"self":[{"href":"https:\/\/bavin.net.cn\/tr\/wp-json\/wp\/v2\/product\/1258","targetHints":{"allow":["GET"]}}],"collection":[{"href":"https:\/\/bavin.net.cn\/tr\/wp-json\/wp\/v2\/product"}],"about":[{"href":"https:\/\/bavin.net.cn\/tr\/wp-json\/wp\/v2\/types\/product"}],"wp:featuredmedia":[{"embeddable":true,"href":"https:\/\/bavin.net.cn\/tr\/wp-json\/wp\/v2\/media\/1270"}],"wp:attachment":[{"href":"https:\/\/bavin.net.cn\/tr\/wp-json\/wp\/v2\/media?parent=1258"}],"wp:term":[{"taxonomy":"product_cat","embeddable":true,"href":"https:\/\/bavin.net.cn\/tr\/wp-json\/wp\/v2\/product_cat?post=1258"},{"taxonomy":"product_tag","embeddable":true,"href":"https:\/\/bavin.net.cn\/tr\/wp-json\/wp\/v2\/product_tag?post=1258"}],"curies":[{"name":"wp","href":"https:\/\/api.w.org\/{rel}","templated":true}]}}