{"id":1321,"date":"2024-12-20T02:51:24","date_gmt":"2024-12-20T10:51:24","guid":{"rendered":"https:\/\/bavin.net.cn\/?post_type=product&#038;p=1321"},"modified":"2025-02-21T00:05:47","modified_gmt":"2025-02-21T08:05:47","slug":"pc1095","status":"publish","type":"product","link":"https:\/\/bavin.net.cn\/tr\/urun\/pc1095\/","title":{"rendered":"PC1095"},"content":{"rendered":"<p><strong>\u00b7<\/strong> 15W manyetik h\u0131zl\u0131 \u015farj<\/p>\n<p><strong>\u00b7<\/strong> \u0130nce, hafif ve ta\u015f\u0131nabilir<\/p>\n<p><strong>\u00b7<\/strong> \u015earj olurken oynay\u0131n telefonunuza zarar vermeyin<\/p>\n<p><strong>\u00b7<\/strong> G\u00fc\u00e7l\u00fc manyetik kuvvet kararl\u0131 adsorpsiyon<\/p>","protected":false},"excerpt":{"rendered":"<p>Kablosuz powerbank<\/p>","protected":false},"featured_media":1339,"template":"","meta":{"_acf_changed":false,"_seopress_robots_primary_cat":"none","_seopress_titles_title":"PC1095 - BAVIN","_seopress_titles_desc":"Type-C PD 20W output | Three colours Compact and portable | Strong magnetic attraction Automatic wake-up: instant charging","_seopress_robots_index":""},"product_cat":[35,37],"product_tag":[],"class_list":{"0":"post-1321","1":"product","2":"type-product","3":"status-publish","4":"has-post-thumbnail","6":"product_cat-power-supply","7":"product_cat-wireless-power-bank","8":"pa_color-black","9":"pa_color-gold","10":"pa_color-silver","12":"first","13":"instock","14":"shipping-taxable","15":"purchasable","16":"product-type-variable"},"acf":[],"_links":{"self":[{"href":"https:\/\/bavin.net.cn\/tr\/wp-json\/wp\/v2\/product\/1321","targetHints":{"allow":["GET"]}}],"collection":[{"href":"https:\/\/bavin.net.cn\/tr\/wp-json\/wp\/v2\/product"}],"about":[{"href":"https:\/\/bavin.net.cn\/tr\/wp-json\/wp\/v2\/types\/product"}],"wp:featuredmedia":[{"embeddable":true,"href":"https:\/\/bavin.net.cn\/tr\/wp-json\/wp\/v2\/media\/1339"}],"wp:attachment":[{"href":"https:\/\/bavin.net.cn\/tr\/wp-json\/wp\/v2\/media?parent=1321"}],"wp:term":[{"taxonomy":"product_cat","embeddable":true,"href":"https:\/\/bavin.net.cn\/tr\/wp-json\/wp\/v2\/product_cat?post=1321"},{"taxonomy":"product_tag","embeddable":true,"href":"https:\/\/bavin.net.cn\/tr\/wp-json\/wp\/v2\/product_tag?post=1321"}],"curies":[{"name":"wp","href":"https:\/\/api.w.org\/{rel}","templated":true}]}}