{"id":1341,"date":"2024-12-20T03:11:39","date_gmt":"2024-12-20T11:11:39","guid":{"rendered":"https:\/\/bavin.net.cn\/?post_type=product&#038;p=1341"},"modified":"2025-02-21T00:05:30","modified_gmt":"2025-02-21T08:05:30","slug":"pc1093s","status":"publish","type":"product","link":"https:\/\/bavin.net.cn\/tr\/urun\/pc1093s\/","title":{"rendered":"PC1072"},"content":{"rendered":"<p><strong>\u00b7<\/strong> 22.5W s\u00fcper \u015farj<\/p>\n<p><strong>\u00b7<\/strong> 5 cihaz\u0131n ayn\u0131 anda \u015farj edilmesini destekler<\/p>\n<p><strong>\u00b7<\/strong> LED g\u00fc\u00e7 g\u00f6stergesi kullan\u0131m\u0131 daha rahat<\/p>\n<p><strong>\u00b7<\/strong> Endi\u015fesiz seyahat ta\u015f\u0131nabilir bini\u015f<\/p>","protected":false},"excerpt":{"rendered":"<p>10000mah powerbank<\/p>","protected":false},"featured_media":1362,"template":"","meta":{"_acf_changed":false,"_seopress_robots_primary_cat":"none","_seopress_titles_title":"PC1072 - BAVIN","_seopress_titles_desc":"comes with 3 data lines 10000mah supports IPH 15 | 22.5W super charging | PD20W fast charging | LED charge display","_seopress_robots_index":""},"product_cat":[85,35],"product_tag":[],"class_list":{"0":"post-1341","1":"product","2":"type-product","3":"status-publish","4":"has-post-thumbnail","6":"product_cat-power-bank","7":"product_cat-power-supply","8":"pa_color-black","9":"pa_color-blue","10":"pa_color-pink","11":"pa_color-white","13":"first","14":"instock","15":"shipping-taxable","16":"purchasable","17":"product-type-variable"},"acf":[],"_links":{"self":[{"href":"https:\/\/bavin.net.cn\/tr\/wp-json\/wp\/v2\/product\/1341","targetHints":{"allow":["GET"]}}],"collection":[{"href":"https:\/\/bavin.net.cn\/tr\/wp-json\/wp\/v2\/product"}],"about":[{"href":"https:\/\/bavin.net.cn\/tr\/wp-json\/wp\/v2\/types\/product"}],"wp:featuredmedia":[{"embeddable":true,"href":"https:\/\/bavin.net.cn\/tr\/wp-json\/wp\/v2\/media\/1362"}],"wp:attachment":[{"href":"https:\/\/bavin.net.cn\/tr\/wp-json\/wp\/v2\/media?parent=1341"}],"wp:term":[{"taxonomy":"product_cat","embeddable":true,"href":"https:\/\/bavin.net.cn\/tr\/wp-json\/wp\/v2\/product_cat?post=1341"},{"taxonomy":"product_tag","embeddable":true,"href":"https:\/\/bavin.net.cn\/tr\/wp-json\/wp\/v2\/product_tag?post=1341"}],"curies":[{"name":"wp","href":"https:\/\/api.w.org\/{rel}","templated":true}]}}