{"id":1379,"date":"2024-12-20T04:02:10","date_gmt":"2024-12-20T12:02:10","guid":{"rendered":"https:\/\/bavin.net.cn\/?post_type=product&#038;p=1379"},"modified":"2025-02-21T00:05:21","modified_gmt":"2025-02-21T08:05:21","slug":"pc1031s","status":"publish","type":"product","link":"https:\/\/bavin.net.cn\/tr\/urun\/pc1031s\/","title":{"rendered":"PC1031S"},"content":{"rendered":"<p><strong>\u00b7<\/strong> 22.5W h\u0131zl\u0131 \u015farj<\/p>\n<p><strong>\u00b7<\/strong> kendi \u00e7ift kablosunu getir<\/p>\n<p><strong>\u00b7<\/strong> 30000mah h\u0131zl\u0131 \u015farj<\/p>\n<p><strong>\u00b7<\/strong> lambal\u0131 g\u00fc\u00e7 bankas\u0131 ile<\/p>","protected":false},"excerpt":{"rendered":"<p>30000mah powerbank<\/p>","protected":false},"featured_media":1386,"template":"","meta":{"_acf_changed":false,"_seopress_robots_primary_cat":"none","_seopress_titles_title":"PC1031S - BAVIN","_seopress_titles_desc":"22.5W fast charge and about 50% of the power is charged in 30 minutes","_seopress_robots_index":""},"product_cat":[85,35],"product_tag":[],"class_list":{"0":"post-1379","1":"product","2":"type-product","3":"status-publish","4":"has-post-thumbnail","6":"product_cat-power-bank","7":"product_cat-power-supply","8":"pa_color-black","9":"pa_color-white","11":"first","12":"instock","13":"shipping-taxable","14":"purchasable","15":"product-type-variable"},"acf":[],"_links":{"self":[{"href":"https:\/\/bavin.net.cn\/tr\/wp-json\/wp\/v2\/product\/1379","targetHints":{"allow":["GET"]}}],"collection":[{"href":"https:\/\/bavin.net.cn\/tr\/wp-json\/wp\/v2\/product"}],"about":[{"href":"https:\/\/bavin.net.cn\/tr\/wp-json\/wp\/v2\/types\/product"}],"wp:featuredmedia":[{"embeddable":true,"href":"https:\/\/bavin.net.cn\/tr\/wp-json\/wp\/v2\/media\/1386"}],"wp:attachment":[{"href":"https:\/\/bavin.net.cn\/tr\/wp-json\/wp\/v2\/media?parent=1379"}],"wp:term":[{"taxonomy":"product_cat","embeddable":true,"href":"https:\/\/bavin.net.cn\/tr\/wp-json\/wp\/v2\/product_cat?post=1379"},{"taxonomy":"product_tag","embeddable":true,"href":"https:\/\/bavin.net.cn\/tr\/wp-json\/wp\/v2\/product_tag?post=1379"}],"curies":[{"name":"wp","href":"https:\/\/api.w.org\/{rel}","templated":true}]}}