{"id":1398,"date":"2024-12-20T18:36:36","date_gmt":"2024-12-21T02:36:36","guid":{"rendered":"https:\/\/bavin.net.cn\/?post_type=product&#038;p=1398"},"modified":"2025-01-20T22:44:30","modified_gmt":"2025-01-21T06:44:30","slug":"cb367","status":"publish","type":"product","link":"https:\/\/bavin.net.cn\/tr\/urun\/cb367\/","title":{"rendered":"CB367"},"content":{"rendered":"<p><strong>\u00b7<\/strong> iPhone 15 i\u00e7in uygundur g\u00fcvenli ve h\u0131zl\u0131 \u015farj<\/p>\n<p><strong>\u00b7<\/strong> Kalay kapl\u0131 bak\u0131r \u00e7ekirdek h\u0131zland\u0131r\u0131r ve dengeler<\/p>\n<p><strong>\u00b7<\/strong> \u015earj ve transfer 2&#039;si 1 arada<\/p>\n<p><strong>\u00b7<\/strong> Fi\u015ften \u00e7ekme testi<\/p>","protected":false},"excerpt":{"rendered":"<p>\u015farj veri kablosu<\/p>","protected":false},"featured_media":1407,"template":"","meta":{"_acf_changed":false,"_seopress_robots_primary_cat":"none","_seopress_titles_title":"CB367 - BAVIN","_seopress_titles_desc":"12W 18W 30W 60W fast charging suitable for iph 15 series","_seopress_robots_index":""},"product_cat":[30],"product_tag":[],"class_list":{"0":"post-1398","1":"product","2":"type-product","3":"status-publish","4":"has-post-thumbnail","6":"product_cat-cable","7":"pa_color-black","9":"first","10":"instock","11":"shipping-taxable","12":"purchasable","13":"product-type-variable"},"acf":[],"_links":{"self":[{"href":"https:\/\/bavin.net.cn\/tr\/wp-json\/wp\/v2\/product\/1398","targetHints":{"allow":["GET"]}}],"collection":[{"href":"https:\/\/bavin.net.cn\/tr\/wp-json\/wp\/v2\/product"}],"about":[{"href":"https:\/\/bavin.net.cn\/tr\/wp-json\/wp\/v2\/types\/product"}],"wp:featuredmedia":[{"embeddable":true,"href":"https:\/\/bavin.net.cn\/tr\/wp-json\/wp\/v2\/media\/1407"}],"wp:attachment":[{"href":"https:\/\/bavin.net.cn\/tr\/wp-json\/wp\/v2\/media?parent=1398"}],"wp:term":[{"taxonomy":"product_cat","embeddable":true,"href":"https:\/\/bavin.net.cn\/tr\/wp-json\/wp\/v2\/product_cat?post=1398"},{"taxonomy":"product_tag","embeddable":true,"href":"https:\/\/bavin.net.cn\/tr\/wp-json\/wp\/v2\/product_tag?post=1398"}],"curies":[{"name":"wp","href":"https:\/\/api.w.org\/{rel}","templated":true}]}}