{"id":1506,"date":"2024-12-20T20:05:16","date_gmt":"2024-12-21T04:05:16","guid":{"rendered":"https:\/\/bavin.net.cn\/?post_type=product&#038;p=1506"},"modified":"2025-01-20T22:49:19","modified_gmt":"2025-01-21T06:49:19","slug":"cb351","status":"publish","type":"product","link":"https:\/\/bavin.net.cn\/tr\/urun\/cb351\/","title":{"rendered":"CB351"},"content":{"rendered":"<p><strong>\u00b7<\/strong> Geni\u015f uyumlu bir kablo yeterli olacakt\u0131r<\/p>\n<p><strong>\u00b7<\/strong> iPhone 15 i\u00e7in uygundur g\u00fcvenli ve h\u0131zl\u0131 \u015farj<\/p>\n<p><strong>\u00b7<\/strong> 2M, 3M, 4M,5M \u00fc\u00e7 uzunluk<\/p>\n<p><strong>\u00b7<\/strong> \u015earj ve transfer 2&#039;si 1 arada<\/p>","protected":false},"excerpt":{"rendered":"<p>\u015farj veri kablosu<\/p>","protected":false},"featured_media":1514,"template":"","meta":{"_acf_changed":false,"_seopress_robots_primary_cat":"none","_seopress_titles_title":"CB351 - BAVIN","_seopress_titles_desc":"12W 18W 30W 60W 2M, 3M, 4M,5M three lengths data cable","_seopress_robots_index":""},"product_cat":[30],"product_tag":[],"class_list":{"0":"post-1506","1":"product","2":"type-product","3":"status-publish","4":"has-post-thumbnail","6":"product_cat-cable","7":"pa_color-white","9":"first","10":"instock","11":"shipping-taxable","12":"purchasable","13":"product-type-variable"},"acf":[],"_links":{"self":[{"href":"https:\/\/bavin.net.cn\/tr\/wp-json\/wp\/v2\/product\/1506","targetHints":{"allow":["GET"]}}],"collection":[{"href":"https:\/\/bavin.net.cn\/tr\/wp-json\/wp\/v2\/product"}],"about":[{"href":"https:\/\/bavin.net.cn\/tr\/wp-json\/wp\/v2\/types\/product"}],"wp:featuredmedia":[{"embeddable":true,"href":"https:\/\/bavin.net.cn\/tr\/wp-json\/wp\/v2\/media\/1514"}],"wp:attachment":[{"href":"https:\/\/bavin.net.cn\/tr\/wp-json\/wp\/v2\/media?parent=1506"}],"wp:term":[{"taxonomy":"product_cat","embeddable":true,"href":"https:\/\/bavin.net.cn\/tr\/wp-json\/wp\/v2\/product_cat?post=1506"},{"taxonomy":"product_tag","embeddable":true,"href":"https:\/\/bavin.net.cn\/tr\/wp-json\/wp\/v2\/product_tag?post=1506"}],"curies":[{"name":"wp","href":"https:\/\/api.w.org\/{rel}","templated":true}]}}