{"id":1698,"date":"2024-12-31T00:52:02","date_gmt":"2024-12-31T08:52:02","guid":{"rendered":"https:\/\/bavin.net.cn\/?post_type=product&#038;p=1698"},"modified":"2025-02-21T00:05:02","modified_gmt":"2025-02-21T08:05:02","slug":"pc1118","status":"publish","type":"product","link":"https:\/\/bavin.net.cn\/tr\/urun\/pc1118\/","title":{"rendered":"PC1118"},"content":{"rendered":"<p><strong>\u00b7<\/strong> 15W kablosuz \u015farj<\/p>\n<p><strong>\u00b7<\/strong> PD 22.5w h\u0131zl\u0131 \u015farj<\/p>\n<p><strong>\u00b7<\/strong> G\u00fcne\u015f enerjisiyle \u015farj<\/p>\n<p><strong>\u00b7<\/strong> 20000mAh h\u0131zl\u0131 \u015farj<\/p>","protected":false},"excerpt":{"rendered":"<p>G\u00dcNE\u015e ENERJ\u0130S\u0130 BANKASI<\/p>","protected":false},"featured_media":1718,"template":"","meta":{"_acf_changed":false,"_seopress_robots_primary_cat":"none","_seopress_titles_title":"PC1118 - BAVIN","_seopress_titles_desc":"15W wireless charging, PD 22.5w fast charge, Solar charging, 20000mAh fast charging","_seopress_robots_index":""},"product_cat":[85,35],"product_tag":[],"class_list":{"0":"post-1698","1":"product","2":"type-product","3":"status-publish","4":"has-post-thumbnail","6":"product_cat-power-bank","7":"product_cat-power-supply","8":"pa_color-black","10":"first","11":"instock","12":"shipping-taxable","13":"product-type-variable"},"acf":[],"_links":{"self":[{"href":"https:\/\/bavin.net.cn\/tr\/wp-json\/wp\/v2\/product\/1698","targetHints":{"allow":["GET"]}}],"collection":[{"href":"https:\/\/bavin.net.cn\/tr\/wp-json\/wp\/v2\/product"}],"about":[{"href":"https:\/\/bavin.net.cn\/tr\/wp-json\/wp\/v2\/types\/product"}],"wp:featuredmedia":[{"embeddable":true,"href":"https:\/\/bavin.net.cn\/tr\/wp-json\/wp\/v2\/media\/1718"}],"wp:attachment":[{"href":"https:\/\/bavin.net.cn\/tr\/wp-json\/wp\/v2\/media?parent=1698"}],"wp:term":[{"taxonomy":"product_cat","embeddable":true,"href":"https:\/\/bavin.net.cn\/tr\/wp-json\/wp\/v2\/product_cat?post=1698"},{"taxonomy":"product_tag","embeddable":true,"href":"https:\/\/bavin.net.cn\/tr\/wp-json\/wp\/v2\/product_tag?post=1698"}],"curies":[{"name":"wp","href":"https:\/\/api.w.org\/{rel}","templated":true}]}}