{"id":1727,"date":"2024-12-31T01:54:46","date_gmt":"2024-12-31T09:54:46","guid":{"rendered":"https:\/\/bavin.net.cn\/?post_type=product&#038;p=1727"},"modified":"2025-02-21T00:04:58","modified_gmt":"2025-02-21T08:04:58","slug":"pc1117","status":"publish","type":"product","link":"https:\/\/bavin.net.cn\/tr\/urun\/pc1117\/","title":{"rendered":"PC1117"},"content":{"rendered":"<p><strong>\u00b7<\/strong> 5W kablosuz \u015farj<\/p>\n<p><strong>\u00b7<\/strong> Su ge\u00e7irmez ve toz ge\u00e7irmez, ya\u011fmurdan korkmaz<\/p>\n<p><strong>\u00b7<\/strong> G\u00fcne\u015f enerjisiyle \u015farj<\/p>\n<p><strong>\u00b7<\/strong> Ta\u015f\u0131mas\u0131 kolay, rahat seyahatler.<\/p>","protected":false},"excerpt":{"rendered":"<p>G\u00dcNE\u015e ENERJ\u0130S\u0130 BANKASI<\/p>","protected":false},"featured_media":1738,"template":"","meta":{"_acf_changed":false,"_seopress_robots_primary_cat":"none","_seopress_titles_title":"PC1117 - BAVIN","_seopress_titles_desc":"5W wireless charging, Waterproof & dustproof not afraid of rain, Solar charging, Easy to carry,carefree travel.","_seopress_robots_index":""},"product_cat":[85,35],"product_tag":[],"class_list":{"0":"post-1727","1":"product","2":"type-product","3":"status-publish","4":"has-post-thumbnail","6":"product_cat-power-bank","7":"product_cat-power-supply","8":"pa_color-black","10":"first","11":"instock","12":"shipping-taxable","13":"purchasable","14":"product-type-variable"},"acf":[],"_links":{"self":[{"href":"https:\/\/bavin.net.cn\/tr\/wp-json\/wp\/v2\/product\/1727","targetHints":{"allow":["GET"]}}],"collection":[{"href":"https:\/\/bavin.net.cn\/tr\/wp-json\/wp\/v2\/product"}],"about":[{"href":"https:\/\/bavin.net.cn\/tr\/wp-json\/wp\/v2\/types\/product"}],"wp:featuredmedia":[{"embeddable":true,"href":"https:\/\/bavin.net.cn\/tr\/wp-json\/wp\/v2\/media\/1738"}],"wp:attachment":[{"href":"https:\/\/bavin.net.cn\/tr\/wp-json\/wp\/v2\/media?parent=1727"}],"wp:term":[{"taxonomy":"product_cat","embeddable":true,"href":"https:\/\/bavin.net.cn\/tr\/wp-json\/wp\/v2\/product_cat?post=1727"},{"taxonomy":"product_tag","embeddable":true,"href":"https:\/\/bavin.net.cn\/tr\/wp-json\/wp\/v2\/product_tag?post=1727"}],"curies":[{"name":"wp","href":"https:\/\/api.w.org\/{rel}","templated":true}]}}