{"id":2374,"date":"2025-01-07T02:52:15","date_gmt":"2025-01-07T10:52:15","guid":{"rendered":"https:\/\/bavin.net.cn\/?post_type=product&#038;p=2374"},"modified":"2025-09-04T23:29:51","modified_gmt":"2025-09-05T07:29:51","slug":"ps74","status":"publish","type":"product","link":"https:\/\/bavin.net.cn\/tr\/urun\/ps74\/","title":{"rendered":"PS74"},"content":{"rendered":"<p><strong>\u00b7<\/strong> Geni\u015f adaptasyon 4,5-7,2 in\u00e7 modeller<\/p>\n<p><strong>\u00b7<\/strong> 360 derece ba\u015f d\u00f6n\u00fc\u015f\u00fc<\/p>\n<p><strong>\u00b7<\/strong> H\u0131zl\u0131 otomatik sabitleme<\/p>\n<p><strong>\u00b7<\/strong> Maksimum a\u011f\u0131rl\u0131k 10kg<\/p>","protected":false},"excerpt":{"rendered":"<p>ARA\u00c7 MONTAJLARI<\/p>","protected":false},"featured_media":2377,"template":"","meta":{"_acf_changed":false,"_seopress_robots_primary_cat":"none","_seopress_titles_title":"PS74 - BAVIN","_seopress_titles_desc":"Wide adaptation 4.5-7.2 inch models, 360 head rotation, Quick automatic fixation, Maximum weight 10kg","_seopress_robots_index":""},"product_cat":[53,54],"product_tag":[],"class_list":{"0":"post-2374","1":"product","2":"type-product","3":"status-publish","4":"has-post-thumbnail","6":"product_cat-others","7":"product_cat-holder-others","8":"pa_color-black","10":"first","11":"instock","12":"shipping-taxable","13":"purchasable","14":"product-type-variable"},"acf":[],"_links":{"self":[{"href":"https:\/\/bavin.net.cn\/tr\/wp-json\/wp\/v2\/product\/2374","targetHints":{"allow":["GET"]}}],"collection":[{"href":"https:\/\/bavin.net.cn\/tr\/wp-json\/wp\/v2\/product"}],"about":[{"href":"https:\/\/bavin.net.cn\/tr\/wp-json\/wp\/v2\/types\/product"}],"wp:featuredmedia":[{"embeddable":true,"href":"https:\/\/bavin.net.cn\/tr\/wp-json\/wp\/v2\/media\/2377"}],"wp:attachment":[{"href":"https:\/\/bavin.net.cn\/tr\/wp-json\/wp\/v2\/media?parent=2374"}],"wp:term":[{"taxonomy":"product_cat","embeddable":true,"href":"https:\/\/bavin.net.cn\/tr\/wp-json\/wp\/v2\/product_cat?post=2374"},{"taxonomy":"product_tag","embeddable":true,"href":"https:\/\/bavin.net.cn\/tr\/wp-json\/wp\/v2\/product_tag?post=2374"}],"curies":[{"name":"wp","href":"https:\/\/api.w.org\/{rel}","templated":true}]}}