{"id":2436,"date":"2025-01-08T00:33:22","date_gmt":"2025-01-08T08:33:22","guid":{"rendered":"https:\/\/bavin.net.cn\/?post_type=product&#038;p=2436"},"modified":"2025-01-08T00:55:00","modified_gmt":"2025-01-08T08:55:00","slug":"ps71","status":"publish","type":"product","link":"https:\/\/bavin.net.cn\/tr\/urun\/ps71\/","title":{"rendered":"PS71"},"content":{"rendered":"<p><strong>\u00b7<\/strong> 15W kablosuz \u015farj<\/p>\n<p><strong>\u00b7<\/strong> 360\u00b0 d\u00f6n\u00fc\u015f<\/p>\n<p><strong>\u00b7<\/strong> Otomatik kilidi s\u0131k\u0131ca kayd\u0131r\u0131n<\/p>\n<p><strong>\u00b7<\/strong> Haf\u0131zal\u0131 metal yumu\u015fak kol<\/p>","protected":false},"excerpt":{"rendered":"<p>ARA\u00c7 MONTAJLARI<\/p>","protected":false},"featured_media":2440,"template":"","meta":{"_acf_changed":false,"_seopress_robots_primary_cat":"none","_seopress_titles_title":"PS71 - BAVIN","_seopress_titles_desc":"15W wireless charging, 360\u00b0 rotation, Just slide inauto lock tightly, Memory metal soft lever","_seopress_robots_index":""},"product_cat":[53,54],"product_tag":[],"class_list":{"0":"post-2436","1":"product","2":"type-product","3":"status-publish","4":"has-post-thumbnail","6":"product_cat-others","7":"product_cat-holder-others","8":"pa_color-black","10":"first","11":"instock","12":"shipping-taxable","13":"purchasable","14":"product-type-variable"},"acf":[],"_links":{"self":[{"href":"https:\/\/bavin.net.cn\/tr\/wp-json\/wp\/v2\/product\/2436","targetHints":{"allow":["GET"]}}],"collection":[{"href":"https:\/\/bavin.net.cn\/tr\/wp-json\/wp\/v2\/product"}],"about":[{"href":"https:\/\/bavin.net.cn\/tr\/wp-json\/wp\/v2\/types\/product"}],"wp:featuredmedia":[{"embeddable":true,"href":"https:\/\/bavin.net.cn\/tr\/wp-json\/wp\/v2\/media\/2440"}],"wp:attachment":[{"href":"https:\/\/bavin.net.cn\/tr\/wp-json\/wp\/v2\/media?parent=2436"}],"wp:term":[{"taxonomy":"product_cat","embeddable":true,"href":"https:\/\/bavin.net.cn\/tr\/wp-json\/wp\/v2\/product_cat?post=2436"},{"taxonomy":"product_tag","embeddable":true,"href":"https:\/\/bavin.net.cn\/tr\/wp-json\/wp\/v2\/product_tag?post=2436"}],"curies":[{"name":"wp","href":"https:\/\/api.w.org\/{rel}","templated":true}]}}