{"id":2512,"date":"2025-01-08T02:27:17","date_gmt":"2025-01-08T10:27:17","guid":{"rendered":"https:\/\/bavin.net.cn\/?post_type=product&#038;p=2512"},"modified":"2025-01-08T02:37:09","modified_gmt":"2025-01-08T10:37:09","slug":"ps51","status":"publish","type":"product","link":"https:\/\/bavin.net.cn\/tr\/urun\/ps51\/","title":{"rendered":"PS51"},"content":{"rendered":"<p><strong>\u00b7<\/strong> Tablet\/Diz\u00fcst\u00fc bilgisayar evrensel<\/p>\n<p><strong>\u00b7<\/strong> 360\u00b0 d\u00f6n\u00fc\u015f<\/p>\n<p><strong>\u00b7<\/strong> Al\u00fcminyum ala\u015f\u0131ml\u0131 destek \u00e7ubu\u011fu<\/p>\n<p><strong>\u00b7<\/strong> H\u0131zl\u0131 \u0131s\u0131 sal\u0131n\u0131m\u0131 i\u00e7in a\u00e7\u0131k i\u015f<\/p>","protected":false},"excerpt":{"rendered":"<p>MASA\u00dcST\u00dc MONTAJLARI<\/p>","protected":false},"featured_media":2522,"template":"","meta":{"_acf_changed":false,"_seopress_robots_primary_cat":"none","_seopress_titles_title":"PS51 - BAVIN","_seopress_titles_desc":"Tablet\/Laptop universal, 360\u00b0 rotation, Aluminium alloy support rod, Openwork for rapid heat release","_seopress_robots_index":""},"product_cat":[53,54],"product_tag":[],"class_list":{"0":"post-2512","1":"product","2":"type-product","3":"status-publish","4":"has-post-thumbnail","6":"product_cat-others","7":"product_cat-holder-others","8":"pa_color-black","9":"pa_color-silver","11":"first","12":"instock","13":"shipping-taxable","14":"purchasable","15":"product-type-variable"},"acf":[],"_links":{"self":[{"href":"https:\/\/bavin.net.cn\/tr\/wp-json\/wp\/v2\/product\/2512","targetHints":{"allow":["GET"]}}],"collection":[{"href":"https:\/\/bavin.net.cn\/tr\/wp-json\/wp\/v2\/product"}],"about":[{"href":"https:\/\/bavin.net.cn\/tr\/wp-json\/wp\/v2\/types\/product"}],"wp:featuredmedia":[{"embeddable":true,"href":"https:\/\/bavin.net.cn\/tr\/wp-json\/wp\/v2\/media\/2522"}],"wp:attachment":[{"href":"https:\/\/bavin.net.cn\/tr\/wp-json\/wp\/v2\/media?parent=2512"}],"wp:term":[{"taxonomy":"product_cat","embeddable":true,"href":"https:\/\/bavin.net.cn\/tr\/wp-json\/wp\/v2\/product_cat?post=2512"},{"taxonomy":"product_tag","embeddable":true,"href":"https:\/\/bavin.net.cn\/tr\/wp-json\/wp\/v2\/product_tag?post=2512"}],"curies":[{"name":"wp","href":"https:\/\/api.w.org\/{rel}","templated":true}]}}