{"id":2584,"date":"2025-01-09T00:39:36","date_gmt":"2025-01-09T08:39:36","guid":{"rendered":"https:\/\/bavin.net.cn\/?post_type=product&#038;p=2584"},"modified":"2025-02-19T22:23:59","modified_gmt":"2025-02-20T06:23:59","slug":"cb375","status":"publish","type":"product","link":"https:\/\/bavin.net.cn\/tr\/urun\/cb375\/","title":{"rendered":"CB375 120CM"},"content":{"rendered":"<p><strong>\u00b7<\/strong> PD 30W h\u0131zl\u0131 \u015farj<\/p>\n<p><strong>\u00b7<\/strong> Y\u00fcksek kaliteli tel<\/p>\n<p><strong>\u00b7<\/strong> \u015eanz\u0131man ve \u015farj<\/p>\n<p><strong>\u00b7<\/strong> \u00c7inko ala\u015f\u0131ml\u0131 kilidi y\u00fckseltin<\/p>","protected":false},"excerpt":{"rendered":"<p>\u015farj veri kablosu<\/p>","protected":false},"featured_media":2598,"template":"","meta":{"_acf_changed":false,"_seopress_robots_primary_cat":"none","_seopress_titles_title":"CB375 120CM - BAVIN","_seopress_titles_desc":"PD 30W fast charging, High quality wire, Transmission & charging, Upgrade zinc alloy lock","_seopress_robots_index":""},"product_cat":[30,31],"product_tag":[],"class_list":{"0":"post-2584","1":"product","2":"type-product","3":"status-publish","4":"has-post-thumbnail","6":"product_cat-cable","7":"product_cat-lightning","8":"pa_color-black","10":"first","11":"instock","12":"shipping-taxable","13":"purchasable","14":"product-type-variable"},"acf":[],"_links":{"self":[{"href":"https:\/\/bavin.net.cn\/tr\/wp-json\/wp\/v2\/product\/2584","targetHints":{"allow":["GET"]}}],"collection":[{"href":"https:\/\/bavin.net.cn\/tr\/wp-json\/wp\/v2\/product"}],"about":[{"href":"https:\/\/bavin.net.cn\/tr\/wp-json\/wp\/v2\/types\/product"}],"wp:featuredmedia":[{"embeddable":true,"href":"https:\/\/bavin.net.cn\/tr\/wp-json\/wp\/v2\/media\/2598"}],"wp:attachment":[{"href":"https:\/\/bavin.net.cn\/tr\/wp-json\/wp\/v2\/media?parent=2584"}],"wp:term":[{"taxonomy":"product_cat","embeddable":true,"href":"https:\/\/bavin.net.cn\/tr\/wp-json\/wp\/v2\/product_cat?post=2584"},{"taxonomy":"product_tag","embeddable":true,"href":"https:\/\/bavin.net.cn\/tr\/wp-json\/wp\/v2\/product_tag?post=2584"}],"curies":[{"name":"wp","href":"https:\/\/api.w.org\/{rel}","templated":true}]}}