{"id":2853,"date":"2025-01-10T01:56:28","date_gmt":"2025-01-10T09:56:28","guid":{"rendered":"https:\/\/bavin.net.cn\/?post_type=product&#038;p=2853"},"modified":"2025-02-19T22:31:27","modified_gmt":"2025-02-20T06:31:27","slug":"cb332","status":"publish","type":"product","link":"https:\/\/bavin.net.cn\/tr\/urun\/cb332\/","title":{"rendered":"CB332"},"content":{"rendered":"<p><strong>\u00b7<\/strong> 90\u00b0 tasar\u0131m asla eli engellemez<\/p>\n<p><strong>\u00b7<\/strong> Ak\u0131ll\u0131 \u00e7ip yerle\u015fik<\/p>\n<p><strong>\u00b7<\/strong> \u015earj ve transfer 2&#039;si 1 arada<\/p>\n<p><strong>\u00b7<\/strong> Damlama \u00fccreti<\/p>","protected":false},"excerpt":{"rendered":"<p>\u015farj veri kablosu<\/p>","protected":false},"featured_media":2856,"template":"","meta":{"_acf_changed":false,"_seopress_robots_primary_cat":"none","_seopress_titles_title":"CB332 - BAVIN","_seopress_titles_desc":"90\u00b0 design never blocks hand, Built in smart chip, Charging and transfering 2 in 1, Trickle charge","_seopress_robots_index":""},"product_cat":[30,31,32],"product_tag":[],"class_list":{"0":"post-2853","1":"product","2":"type-product","3":"status-publish","4":"has-post-thumbnail","6":"product_cat-cable","7":"product_cat-lightning","8":"product_cat-type-c","9":"pa_color-black","11":"first","12":"instock","13":"shipping-taxable","14":"purchasable","15":"product-type-variable"},"acf":[],"_links":{"self":[{"href":"https:\/\/bavin.net.cn\/tr\/wp-json\/wp\/v2\/product\/2853","targetHints":{"allow":["GET"]}}],"collection":[{"href":"https:\/\/bavin.net.cn\/tr\/wp-json\/wp\/v2\/product"}],"about":[{"href":"https:\/\/bavin.net.cn\/tr\/wp-json\/wp\/v2\/types\/product"}],"wp:featuredmedia":[{"embeddable":true,"href":"https:\/\/bavin.net.cn\/tr\/wp-json\/wp\/v2\/media\/2856"}],"wp:attachment":[{"href":"https:\/\/bavin.net.cn\/tr\/wp-json\/wp\/v2\/media?parent=2853"}],"wp:term":[{"taxonomy":"product_cat","embeddable":true,"href":"https:\/\/bavin.net.cn\/tr\/wp-json\/wp\/v2\/product_cat?post=2853"},{"taxonomy":"product_tag","embeddable":true,"href":"https:\/\/bavin.net.cn\/tr\/wp-json\/wp\/v2\/product_tag?post=2853"}],"curies":[{"name":"wp","href":"https:\/\/api.w.org\/{rel}","templated":true}]}}