{"id":3003,"date":"2025-01-11T02:21:38","date_gmt":"2025-01-11T10:21:38","guid":{"rendered":"https:\/\/bavin.net.cn\/?post_type=product&#038;p=3003"},"modified":"2025-02-18T01:32:42","modified_gmt":"2025-02-18T09:32:42","slug":"cb291","status":"publish","type":"product","link":"https:\/\/bavin.net.cn\/tr\/urun\/cb291\/","title":{"rendered":"CB291"},"content":{"rendered":"<p><strong>\u00b7 <\/strong>H\u0131zl\u0131 \u015farj<\/p>\n<p><strong>\u00b7<\/strong> 480 Mbp\/s veri iletimi<\/p>\n<p><strong>\u00b7<\/strong> S\u0131k\u0131 kalite kontrol\u00fc<\/p>\n<p><strong>\u00b7<\/strong> G\u00fcvenli ve dayan\u0131kl\u0131<\/p>","protected":false},"excerpt":{"rendered":"<p>\u015farj veri kablosu<\/p>","protected":false},"featured_media":3006,"template":"","meta":{"_acf_changed":false,"_seopress_robots_primary_cat":"none","_seopress_titles_title":"CB291 - BAVIN","_seopress_titles_desc":"Fast charging, 480Mbp\/s data transmission, Strict quality control, Safe & durable","_seopress_robots_index":""},"product_cat":[30,31,32],"product_tag":[],"class_list":{"0":"post-3003","1":"product","2":"type-product","3":"status-publish","4":"has-post-thumbnail","6":"product_cat-cable","7":"product_cat-lightning","8":"product_cat-type-c","9":"pa_color-black","11":"first","12":"instock","13":"shipping-taxable","14":"purchasable","15":"product-type-variable"},"acf":[],"_links":{"self":[{"href":"https:\/\/bavin.net.cn\/tr\/wp-json\/wp\/v2\/product\/3003","targetHints":{"allow":["GET"]}}],"collection":[{"href":"https:\/\/bavin.net.cn\/tr\/wp-json\/wp\/v2\/product"}],"about":[{"href":"https:\/\/bavin.net.cn\/tr\/wp-json\/wp\/v2\/types\/product"}],"wp:featuredmedia":[{"embeddable":true,"href":"https:\/\/bavin.net.cn\/tr\/wp-json\/wp\/v2\/media\/3006"}],"wp:attachment":[{"href":"https:\/\/bavin.net.cn\/tr\/wp-json\/wp\/v2\/media?parent=3003"}],"wp:term":[{"taxonomy":"product_cat","embeddable":true,"href":"https:\/\/bavin.net.cn\/tr\/wp-json\/wp\/v2\/product_cat?post=3003"},{"taxonomy":"product_tag","embeddable":true,"href":"https:\/\/bavin.net.cn\/tr\/wp-json\/wp\/v2\/product_tag?post=3003"}],"curies":[{"name":"wp","href":"https:\/\/api.w.org\/{rel}","templated":true}]}}