{"id":3122,"date":"2025-01-13T01:07:32","date_gmt":"2025-01-13T09:07:32","guid":{"rendered":"https:\/\/bavin.net.cn\/?post_type=product&#038;p=3122"},"modified":"2025-02-16T23:32:35","modified_gmt":"2025-02-17T07:32:35","slug":"cb284-3-in-1","status":"publish","type":"product","link":"https:\/\/bavin.net.cn\/tr\/urun\/cb284-3-in-1\/","title":{"rendered":"CB284 3&#039;\u00fc 1 arada"},"content":{"rendered":"<p><strong>\u00b7 <\/strong>3&#039;\u00fc 1 arada veri kablosu<\/p>\n<p><strong>\u00b7<\/strong> Be\u015f renk se\u00e7ene\u011fi<\/p>\n<p><strong>\u00b7<\/strong> 2.4A H\u0131zl\u0131 \u015farj<\/p>\n<p><strong>\u00b7<\/strong> 3 cep telefonu ta\u015f\u0131yan k\u0131r\u0131lmaz<\/p>","protected":false},"excerpt":{"rendered":"<p>3&#039;\u00fc 1 arada veri kablosu<\/p>","protected":false},"featured_media":3128,"template":"","meta":{"_acf_changed":false,"_seopress_robots_primary_cat":"none","_seopress_titles_title":"CB284 3 in 1 - BAVIN","_seopress_titles_desc":"3 in 1 data cable, Five color choices, 2.4A Fast charging, Bearing 3 mobile phones will not break","_seopress_robots_index":""},"product_cat":[30,34],"product_tag":[],"class_list":{"0":"post-3122","1":"product","2":"type-product","3":"status-publish","4":"has-post-thumbnail","6":"product_cat-cable","7":"product_cat-multiple","8":"pa_color-black","9":"pa_color-blue","10":"pa_color-pink","11":"pa_color-purple","12":"pa_color-white","14":"first","15":"instock","16":"shipping-taxable","17":"purchasable","18":"product-type-variable"},"acf":[],"_links":{"self":[{"href":"https:\/\/bavin.net.cn\/tr\/wp-json\/wp\/v2\/product\/3122","targetHints":{"allow":["GET"]}}],"collection":[{"href":"https:\/\/bavin.net.cn\/tr\/wp-json\/wp\/v2\/product"}],"about":[{"href":"https:\/\/bavin.net.cn\/tr\/wp-json\/wp\/v2\/types\/product"}],"wp:featuredmedia":[{"embeddable":true,"href":"https:\/\/bavin.net.cn\/tr\/wp-json\/wp\/v2\/media\/3128"}],"wp:attachment":[{"href":"https:\/\/bavin.net.cn\/tr\/wp-json\/wp\/v2\/media?parent=3122"}],"wp:term":[{"taxonomy":"product_cat","embeddable":true,"href":"https:\/\/bavin.net.cn\/tr\/wp-json\/wp\/v2\/product_cat?post=3122"},{"taxonomy":"product_tag","embeddable":true,"href":"https:\/\/bavin.net.cn\/tr\/wp-json\/wp\/v2\/product_tag?post=3122"}],"curies":[{"name":"wp","href":"https:\/\/api.w.org\/{rel}","templated":true}]}}