{"id":3173,"date":"2025-01-13T01:43:33","date_gmt":"2025-01-13T09:43:33","guid":{"rendered":"https:\/\/bavin.net.cn\/?post_type=product&#038;p=3173"},"modified":"2025-02-21T00:03:10","modified_gmt":"2025-02-21T08:03:10","slug":"cb264","status":"publish","type":"product","link":"https:\/\/bavin.net.cn\/tr\/urun\/cb264\/","title":{"rendered":"CB264"},"content":{"rendered":"<p><strong>\u00b7 <\/strong>100W h\u0131zl\u0131 \u015farj<\/p>\n<p><strong>\u00b7<\/strong> 2M uzunlu\u011funda<\/p>\n<p><strong>\u00b7<\/strong> Kal\u0131n bak\u0131r tel \u00e7ekirde\u011fi daha h\u0131zl\u0131 ve daha kararl\u0131<\/p>\n<p><strong>\u00b7<\/strong> Macbook&#039;u \u015farj etme deste\u011fi<\/p>","protected":false},"excerpt":{"rendered":"<p>\u015farj veri kablosu<\/p>","protected":false},"featured_media":3243,"template":"","meta":{"_acf_changed":false,"_seopress_robots_primary_cat":"none","_seopress_titles_title":"CB264 - BAVIN","_seopress_titles_desc":"100W fast charging, 2M long, Thick copper wire core faster and more stable, Support to charge macbook","_seopress_robots_index":""},"product_cat":[30,32],"product_tag":[],"class_list":{"0":"post-3173","1":"product","2":"type-product","3":"status-publish","4":"has-post-thumbnail","6":"product_cat-cable","7":"product_cat-type-c","8":"pa_color-black","10":"first","11":"instock","12":"shipping-taxable","13":"product-type-variable"},"acf":[],"_links":{"self":[{"href":"https:\/\/bavin.net.cn\/tr\/wp-json\/wp\/v2\/product\/3173","targetHints":{"allow":["GET"]}}],"collection":[{"href":"https:\/\/bavin.net.cn\/tr\/wp-json\/wp\/v2\/product"}],"about":[{"href":"https:\/\/bavin.net.cn\/tr\/wp-json\/wp\/v2\/types\/product"}],"wp:featuredmedia":[{"embeddable":true,"href":"https:\/\/bavin.net.cn\/tr\/wp-json\/wp\/v2\/media\/3243"}],"wp:attachment":[{"href":"https:\/\/bavin.net.cn\/tr\/wp-json\/wp\/v2\/media?parent=3173"}],"wp:term":[{"taxonomy":"product_cat","embeddable":true,"href":"https:\/\/bavin.net.cn\/tr\/wp-json\/wp\/v2\/product_cat?post=3173"},{"taxonomy":"product_tag","embeddable":true,"href":"https:\/\/bavin.net.cn\/tr\/wp-json\/wp\/v2\/product_tag?post=3173"}],"curies":[{"name":"wp","href":"https:\/\/api.w.org\/{rel}","templated":true}]}}