{"id":3715,"date":"2025-05-22T00:38:03","date_gmt":"2025-05-22T08:38:03","guid":{"rendered":"https:\/\/bavin.net.cn\/?post_type=product&#038;p=3715"},"modified":"2025-09-05T00:32:30","modified_gmt":"2025-09-05T08:32:30","slug":"pc1162-pc1163","status":"publish","type":"product","link":"https:\/\/bavin.net.cn\/tr\/urun\/pc1162-pc1163\/","title":{"rendered":"PC1162 ve PC1163"},"content":{"rendered":"<p><strong>\u00b7<\/strong> Cep telefonu tutucusu olarak kullan\u0131labilir<\/p>\n<p><strong>\u00b7<\/strong> 15W Kablosuz \u015farj<\/p>\n<p><strong>\u00b7<\/strong> Type-C Line 22,5W H\u0131zl\u0131 \u015earj<\/p>\n<p><strong>\u00b7<\/strong> Boyun ask\u0131s\u0131 tarz\u0131 tasar\u0131m<\/p>","protected":false},"excerpt":{"rendered":"<p>Kablosuz powerbank<\/p>","protected":false},"featured_media":3741,"template":"","meta":{"_acf_changed":false,"_seopress_robots_primary_cat":"none","_seopress_titles_title":"PC1162 & PC1163 - BAVIN","_seopress_titles_desc":"Can be used as a cell phone holder, 15W Wireless charging, Type-C Line 22.5W Fast Charge, Lanyard -style design","_seopress_robots_index":""},"product_cat":[35,37],"product_tag":[],"class_list":{"0":"post-3715","1":"product","2":"type-product","3":"status-publish","4":"has-post-thumbnail","6":"product_cat-power-supply","7":"product_cat-wireless-power-bank","9":"first","10":"instock","11":"shipping-taxable","12":"purchasable","13":"product-type-variable"},"acf":[],"_links":{"self":[{"href":"https:\/\/bavin.net.cn\/tr\/wp-json\/wp\/v2\/product\/3715","targetHints":{"allow":["GET"]}}],"collection":[{"href":"https:\/\/bavin.net.cn\/tr\/wp-json\/wp\/v2\/product"}],"about":[{"href":"https:\/\/bavin.net.cn\/tr\/wp-json\/wp\/v2\/types\/product"}],"wp:featuredmedia":[{"embeddable":true,"href":"https:\/\/bavin.net.cn\/tr\/wp-json\/wp\/v2\/media\/3741"}],"wp:attachment":[{"href":"https:\/\/bavin.net.cn\/tr\/wp-json\/wp\/v2\/media?parent=3715"}],"wp:term":[{"taxonomy":"product_cat","embeddable":true,"href":"https:\/\/bavin.net.cn\/tr\/wp-json\/wp\/v2\/product_cat?post=3715"},{"taxonomy":"product_tag","embeddable":true,"href":"https:\/\/bavin.net.cn\/tr\/wp-json\/wp\/v2\/product_tag?post=3715"}],"curies":[{"name":"wp","href":"https:\/\/api.w.org\/{rel}","templated":true}]}}