{"id":3766,"date":"2025-05-22T02:23:24","date_gmt":"2025-05-22T10:23:24","guid":{"rendered":"https:\/\/bavin.net.cn\/?post_type=product&#038;p=3766"},"modified":"2025-09-05T00:33:29","modified_gmt":"2025-09-05T08:33:29","slug":"pc1160","status":"publish","type":"product","link":"https:\/\/bavin.net.cn\/tr\/urun\/pc1160\/","title":{"rendered":"PC1160"},"content":{"rendered":"<p><strong>\u00b7<\/strong> 85W G\u00fc\u00e7 Motoru<\/p>\n<p><strong>\u00b7<\/strong> LED El Feneri i\u015flevi<\/p>\n<p><strong>\u00b7<\/strong> Lastik Bas\u0131nc\u0131n\u0131 \u00d6l\u00e7\u00fcn<\/p>\n<p><strong>\u00b7<\/strong> Power Bank (UsB \u00e7\u0131k\u0131\u015f\u0131)<\/p>","protected":false},"excerpt":{"rendered":"<p>Ta\u015f\u0131nabilir Araba Atlama Mar\u015f\u0131 G\u00fc\u00e7 Bankas\u0131<\/p>","protected":false},"featured_media":3784,"template":"","meta":{"_acf_changed":false,"_seopress_robots_primary_cat":"none","_seopress_titles_title":"PC1160","_seopress_titles_desc":"85W Power Motor, LED Torch function, Measure Tire Pressure, Power Bank(UsB out)","_seopress_robots_index":""},"product_cat":[85,35],"product_tag":[],"class_list":{"0":"post-3766","1":"product","2":"type-product","3":"status-publish","4":"has-post-thumbnail","6":"product_cat-power-bank","7":"product_cat-power-supply","8":"pa_color-black","10":"first","11":"instock","12":"shipping-taxable","13":"purchasable","14":"product-type-variable"},"acf":[],"_links":{"self":[{"href":"https:\/\/bavin.net.cn\/tr\/wp-json\/wp\/v2\/product\/3766","targetHints":{"allow":["GET"]}}],"collection":[{"href":"https:\/\/bavin.net.cn\/tr\/wp-json\/wp\/v2\/product"}],"about":[{"href":"https:\/\/bavin.net.cn\/tr\/wp-json\/wp\/v2\/types\/product"}],"wp:featuredmedia":[{"embeddable":true,"href":"https:\/\/bavin.net.cn\/tr\/wp-json\/wp\/v2\/media\/3784"}],"wp:attachment":[{"href":"https:\/\/bavin.net.cn\/tr\/wp-json\/wp\/v2\/media?parent=3766"}],"wp:term":[{"taxonomy":"product_cat","embeddable":true,"href":"https:\/\/bavin.net.cn\/tr\/wp-json\/wp\/v2\/product_cat?post=3766"},{"taxonomy":"product_tag","embeddable":true,"href":"https:\/\/bavin.net.cn\/tr\/wp-json\/wp\/v2\/product_tag?post=3766"}],"curies":[{"name":"wp","href":"https:\/\/api.w.org\/{rel}","templated":true}]}}