{"id":3788,"date":"2025-05-22T22:24:19","date_gmt":"2025-05-23T06:24:19","guid":{"rendered":"https:\/\/bavin.net.cn\/?post_type=product&#038;p=3788"},"modified":"2025-09-05T00:35:35","modified_gmt":"2025-09-05T08:35:35","slug":"pc1152s-pc1153s","status":"publish","type":"product","link":"https:\/\/bavin.net.cn\/tr\/urun\/pc1152s-pc1153s\/","title":{"rendered":"PC1152S ve PC1153S"},"content":{"rendered":"<p><strong>\u00b7<\/strong> Ayn\u0131 anda d\u00f6rt cihaz\u0131 \u015farj edin<\/p>\n<p><strong>\u00b7<\/strong> Dahili \u00e7ift \u015farj kablosu<\/p>\n<p><strong>\u00b7<\/strong> LED pil % ekran<\/p>\n<p><strong>\u00b7<\/strong> 22,5W HIZLI \u015eARJ<\/p>","protected":false},"excerpt":{"rendered":"<p>Kablolu powerbank ile<\/p>","protected":false},"featured_media":3791,"template":"","meta":{"_acf_changed":false,"_seopress_robots_primary_cat":"none","_seopress_titles_title":"PC1152S & PC1153S","_seopress_titles_desc":"Charge four devices at once, Built-in dual charging cables, LED battery % display, 22.5W FAST CHARGING","_seopress_robots_index":""},"product_cat":[85,35],"product_tag":[],"class_list":{"0":"post-3788","1":"product","2":"type-product","3":"status-publish","4":"has-post-thumbnail","6":"product_cat-power-bank","7":"product_cat-power-supply","8":"pa_color-black","9":"pa_color-white","11":"first","12":"instock","13":"shipping-taxable","14":"purchasable","15":"product-type-variable"},"acf":[],"_links":{"self":[{"href":"https:\/\/bavin.net.cn\/tr\/wp-json\/wp\/v2\/product\/3788","targetHints":{"allow":["GET"]}}],"collection":[{"href":"https:\/\/bavin.net.cn\/tr\/wp-json\/wp\/v2\/product"}],"about":[{"href":"https:\/\/bavin.net.cn\/tr\/wp-json\/wp\/v2\/types\/product"}],"wp:featuredmedia":[{"embeddable":true,"href":"https:\/\/bavin.net.cn\/tr\/wp-json\/wp\/v2\/media\/3791"}],"wp:attachment":[{"href":"https:\/\/bavin.net.cn\/tr\/wp-json\/wp\/v2\/media?parent=3788"}],"wp:term":[{"taxonomy":"product_cat","embeddable":true,"href":"https:\/\/bavin.net.cn\/tr\/wp-json\/wp\/v2\/product_cat?post=3788"},{"taxonomy":"product_tag","embeddable":true,"href":"https:\/\/bavin.net.cn\/tr\/wp-json\/wp\/v2\/product_tag?post=3788"}],"curies":[{"name":"wp","href":"https:\/\/api.w.org\/{rel}","templated":true}]}}