{"id":3809,"date":"2025-05-25T20:04:02","date_gmt":"2025-05-26T04:04:02","guid":{"rendered":"https:\/\/bavin.net.cn\/?post_type=product&#038;p=3809"},"modified":"2025-09-05T00:38:25","modified_gmt":"2025-09-05T08:38:25","slug":"pc1150","status":"publish","type":"product","link":"https:\/\/bavin.net.cn\/tr\/urun\/pc1150\/","title":{"rendered":"PC1150"},"content":{"rendered":"<p><strong>\u00b7<\/strong> Diz\u00fcst\u00fc bilgisayar dostu \u015farj<\/p>\n<p><strong>\u00b7<\/strong> Ayn\u0131 anda 5 cihaz\u0131 \u00e7al\u0131\u015ft\u0131r\u0131r<\/p>\n<p><strong>\u00b7<\/strong> 65W s\u00fcper \u015farj<\/p>\n<p><strong>\u00b7<\/strong> 50000mah y\u00fcksek kapasite<\/p>","protected":false},"excerpt":{"rendered":"<p>50000mah powerbank<\/p>","protected":false},"featured_media":3820,"template":"","meta":{"_acf_changed":false,"_seopress_robots_primary_cat":"none","_seopress_titles_title":"PC1150","_seopress_titles_desc":"Laptop-friendly charging, Powers up 5 gadgets simultaneously, 65W super charging, 50000mah high capacity","_seopress_robots_index":""},"product_cat":[85,35],"product_tag":[],"class_list":{"0":"post-3809","1":"product","2":"type-product","3":"status-publish","4":"has-post-thumbnail","6":"product_cat-power-bank","7":"product_cat-power-supply","8":"pa_color-black","10":"first","11":"instock","12":"shipping-taxable","13":"purchasable","14":"product-type-variable"},"acf":[],"_links":{"self":[{"href":"https:\/\/bavin.net.cn\/tr\/wp-json\/wp\/v2\/product\/3809","targetHints":{"allow":["GET"]}}],"collection":[{"href":"https:\/\/bavin.net.cn\/tr\/wp-json\/wp\/v2\/product"}],"about":[{"href":"https:\/\/bavin.net.cn\/tr\/wp-json\/wp\/v2\/types\/product"}],"wp:featuredmedia":[{"embeddable":true,"href":"https:\/\/bavin.net.cn\/tr\/wp-json\/wp\/v2\/media\/3820"}],"wp:attachment":[{"href":"https:\/\/bavin.net.cn\/tr\/wp-json\/wp\/v2\/media?parent=3809"}],"wp:term":[{"taxonomy":"product_cat","embeddable":true,"href":"https:\/\/bavin.net.cn\/tr\/wp-json\/wp\/v2\/product_cat?post=3809"},{"taxonomy":"product_tag","embeddable":true,"href":"https:\/\/bavin.net.cn\/tr\/wp-json\/wp\/v2\/product_tag?post=3809"}],"curies":[{"name":"wp","href":"https:\/\/api.w.org\/{rel}","templated":true}]}}