{"id":3847,"date":"2025-05-25T23:20:07","date_gmt":"2025-05-26T07:20:07","guid":{"rendered":"https:\/\/bavin.net.cn\/?post_type=product&#038;p=3847"},"modified":"2025-09-05T00:45:14","modified_gmt":"2025-09-05T08:45:14","slug":"pc1137s","status":"publish","type":"product","link":"https:\/\/bavin.net.cn\/tr\/urun\/pc1137s\/","title":{"rendered":"PC1137S"},"content":{"rendered":"<p><strong>\u00b7<\/strong> Boyut olarak 50% daha k\u00fc\u00e7\u00fck<\/p>\n<p><strong>\u00b7<\/strong> G\u00fcvenli \u00e7ip<\/p>\n<p><strong>\u00b7<\/strong> \u00dc\u00e7 \u00fcnite i\u00e7in e\u015f zamanl\u0131 \u015farj,<\/p>\n<p><strong>\u00b7<\/strong> 10000mAh b\u00fcy\u00fck g\u00fc\u00e7<\/p>","protected":false},"excerpt":{"rendered":"<p>10000mah powerbank<\/p>","protected":false},"featured_media":3862,"template":"","meta":{"_acf_changed":false,"_seopress_robots_primary_cat":"none","_seopress_titles_title":"PC1137S","_seopress_titles_desc":"It's 50% smaller in size, Secure chip, Simultaneous charge for three units, 10000mAh large power","_seopress_robots_index":""},"product_cat":[85,35],"product_tag":[],"class_list":{"0":"post-3847","1":"product","2":"type-product","3":"status-publish","4":"has-post-thumbnail","6":"product_cat-power-bank","7":"product_cat-power-supply","8":"pa_color-black","9":"pa_color-silver","11":"first","12":"instock","13":"shipping-taxable","14":"purchasable","15":"product-type-variable"},"acf":[],"_links":{"self":[{"href":"https:\/\/bavin.net.cn\/tr\/wp-json\/wp\/v2\/product\/3847","targetHints":{"allow":["GET"]}}],"collection":[{"href":"https:\/\/bavin.net.cn\/tr\/wp-json\/wp\/v2\/product"}],"about":[{"href":"https:\/\/bavin.net.cn\/tr\/wp-json\/wp\/v2\/types\/product"}],"wp:featuredmedia":[{"embeddable":true,"href":"https:\/\/bavin.net.cn\/tr\/wp-json\/wp\/v2\/media\/3862"}],"wp:attachment":[{"href":"https:\/\/bavin.net.cn\/tr\/wp-json\/wp\/v2\/media?parent=3847"}],"wp:term":[{"taxonomy":"product_cat","embeddable":true,"href":"https:\/\/bavin.net.cn\/tr\/wp-json\/wp\/v2\/product_cat?post=3847"},{"taxonomy":"product_tag","embeddable":true,"href":"https:\/\/bavin.net.cn\/tr\/wp-json\/wp\/v2\/product_tag?post=3847"}],"curies":[{"name":"wp","href":"https:\/\/api.w.org\/{rel}","templated":true}]}}