{"id":3867,"date":"2025-05-25T23:55:29","date_gmt":"2025-05-26T07:55:29","guid":{"rendered":"https:\/\/bavin.net.cn\/?post_type=product&#038;p=3867"},"modified":"2025-05-26T00:09:52","modified_gmt":"2025-05-26T08:09:52","slug":"pc1136s","status":"publish","type":"product","link":"https:\/\/bavin.net.cn\/tr\/urun\/pc1136s\/","title":{"rendered":"PC1136S"},"content":{"rendered":"<p><strong>\u00b7<\/strong> 20000mah<\/p>\n<p><strong>\u00b7<\/strong> 55 cm geri \u00e7ekilebilir kablo ile birlikte gelir<\/p>\n<p><strong>\u00b7<\/strong> Type-C 22.5W geri \u00e7ekilebilir h\u0131zl\u0131 \u015farj kablosu dahildir<\/p>\n<p><strong>\u00b7<\/strong> iPh 20W h\u0131zl\u0131 \u015farj kablosu<\/p>","protected":false},"excerpt":{"rendered":"<p>Geri \u00e7ekilebilir powerbank<\/p>","protected":false},"featured_media":3871,"template":"","meta":{"_acf_changed":false,"_seopress_robots_primary_cat":"none","_seopress_titles_title":"PC1136S","_seopress_titles_desc":"20000mah, Comes with 55cm retractable cable, Type-C 22.5W retractable fast charging cable included, iPh 20W fast charging cable","_seopress_robots_index":""},"product_cat":[85,35],"product_tag":[],"class_list":{"0":"post-3867","1":"product","2":"type-product","3":"status-publish","4":"has-post-thumbnail","6":"product_cat-power-bank","7":"product_cat-power-supply","8":"pa_color-black","9":"pa_color-white","11":"first","12":"instock","13":"shipping-taxable","14":"purchasable","15":"product-type-variable"},"acf":[],"_links":{"self":[{"href":"https:\/\/bavin.net.cn\/tr\/wp-json\/wp\/v2\/product\/3867","targetHints":{"allow":["GET"]}}],"collection":[{"href":"https:\/\/bavin.net.cn\/tr\/wp-json\/wp\/v2\/product"}],"about":[{"href":"https:\/\/bavin.net.cn\/tr\/wp-json\/wp\/v2\/types\/product"}],"wp:featuredmedia":[{"embeddable":true,"href":"https:\/\/bavin.net.cn\/tr\/wp-json\/wp\/v2\/media\/3871"}],"wp:attachment":[{"href":"https:\/\/bavin.net.cn\/tr\/wp-json\/wp\/v2\/media?parent=3867"}],"wp:term":[{"taxonomy":"product_cat","embeddable":true,"href":"https:\/\/bavin.net.cn\/tr\/wp-json\/wp\/v2\/product_cat?post=3867"},{"taxonomy":"product_tag","embeddable":true,"href":"https:\/\/bavin.net.cn\/tr\/wp-json\/wp\/v2\/product_tag?post=3867"}],"curies":[{"name":"wp","href":"https:\/\/api.w.org\/{rel}","templated":true}]}}