{"id":3897,"date":"2025-05-26T01:03:08","date_gmt":"2025-05-26T09:03:08","guid":{"rendered":"https:\/\/bavin.net.cn\/?post_type=product&#038;p=3897"},"modified":"2025-09-05T00:51:14","modified_gmt":"2025-09-05T08:51:14","slug":"pc1123","status":"publish","type":"product","link":"https:\/\/bavin.net.cn\/tr\/urun\/pc1123\/","title":{"rendered":"PC1123"},"content":{"rendered":"<p><strong>\u00b7<\/strong> 22,5W + PD20W<\/p>\n<p><strong>\u00b7<\/strong> 15W kablosuz<\/p>\n<p><strong>\u00b7<\/strong> AC katlan\u0131r fi\u015f<\/p>\n<p><strong>\u00b7<\/strong> Telefon tutucu<\/p>","protected":false},"excerpt":{"rendered":"<p>Manyetik g\u00fc\u00e7 bankas\u0131 kombosu<\/p>","protected":false},"featured_media":3917,"template":"","meta":{"_acf_changed":false,"_seopress_robots_primary_cat":"none","_seopress_titles_title":"PC1123","_seopress_titles_desc":"22.5W+PD20W, 15W wireless, AC folding plug, Phone holder","_seopress_robots_index":""},"product_cat":[35,37],"product_tag":[],"class_list":{"0":"post-3897","1":"product","2":"type-product","3":"status-publish","4":"has-post-thumbnail","6":"product_cat-power-supply","7":"product_cat-wireless-power-bank","8":"pa_color-black","9":"pa_color-white","11":"first","12":"instock","13":"shipping-taxable","14":"purchasable","15":"product-type-variable"},"acf":[],"_links":{"self":[{"href":"https:\/\/bavin.net.cn\/tr\/wp-json\/wp\/v2\/product\/3897","targetHints":{"allow":["GET"]}}],"collection":[{"href":"https:\/\/bavin.net.cn\/tr\/wp-json\/wp\/v2\/product"}],"about":[{"href":"https:\/\/bavin.net.cn\/tr\/wp-json\/wp\/v2\/types\/product"}],"wp:featuredmedia":[{"embeddable":true,"href":"https:\/\/bavin.net.cn\/tr\/wp-json\/wp\/v2\/media\/3917"}],"wp:attachment":[{"href":"https:\/\/bavin.net.cn\/tr\/wp-json\/wp\/v2\/media?parent=3897"}],"wp:term":[{"taxonomy":"product_cat","embeddable":true,"href":"https:\/\/bavin.net.cn\/tr\/wp-json\/wp\/v2\/product_cat?post=3897"},{"taxonomy":"product_tag","embeddable":true,"href":"https:\/\/bavin.net.cn\/tr\/wp-json\/wp\/v2\/product_tag?post=3897"}],"curies":[{"name":"wp","href":"https:\/\/api.w.org\/{rel}","templated":true}]}}