{"id":4082,"date":"2025-06-15T23:26:50","date_gmt":"2025-06-16T07:26:50","guid":{"rendered":"https:\/\/bavin.net.cn\/?post_type=product&#038;p=4082"},"modified":"2025-09-05T01:18:20","modified_gmt":"2025-09-05T09:18:20","slug":"pc1037s","status":"publish","type":"product","link":"https:\/\/bavin.net.cn\/tr\/urun\/pc1037s\/","title":{"rendered":"PC1037S"},"content":{"rendered":"<p><strong>\u00b7<\/strong> Dahili kablolar (15W Type-C+ 12W iPhone)<\/p>\n<p><strong>\u00b7<\/strong> A\u00e7\u0131l\u0131r kapan\u0131r stand \u2013 her \u015fey haz\u0131r.<\/p>\n<p><strong>\u00b7<\/strong> PD 20W h\u0131zl\u0131 \u015farj<\/p>\n<p><strong>\u00b7<\/strong> 15W h\u0131zl\u0131 \u015farj<\/p>","protected":false},"excerpt":{"rendered":"<p>5000mah G\u00dc\u00c7 BANKASI<\/p>","protected":false},"featured_media":4086,"template":"","meta":{"_acf_changed":false,"_seopress_robots_primary_cat":"none","_seopress_titles_title":"PC1037S - BAVIN","_seopress_titles_desc":"Built-in cables (15W Type-C+ 12W iPhone), Flick-out stand - all sorted, PD 20W speedy charge, 15W fast charging","_seopress_robots_index":""},"product_cat":[35,37],"product_tag":[],"class_list":{"0":"post-4082","1":"product","2":"type-product","3":"status-publish","4":"has-post-thumbnail","6":"product_cat-power-supply","7":"product_cat-wireless-power-bank","8":"pa_color-black","9":"pa_color-white","11":"first","12":"instock","13":"shipping-taxable","14":"purchasable","15":"product-type-variable"},"acf":[],"_links":{"self":[{"href":"https:\/\/bavin.net.cn\/tr\/wp-json\/wp\/v2\/product\/4082","targetHints":{"allow":["GET"]}}],"collection":[{"href":"https:\/\/bavin.net.cn\/tr\/wp-json\/wp\/v2\/product"}],"about":[{"href":"https:\/\/bavin.net.cn\/tr\/wp-json\/wp\/v2\/types\/product"}],"wp:featuredmedia":[{"embeddable":true,"href":"https:\/\/bavin.net.cn\/tr\/wp-json\/wp\/v2\/media\/4086"}],"wp:attachment":[{"href":"https:\/\/bavin.net.cn\/tr\/wp-json\/wp\/v2\/media?parent=4082"}],"wp:term":[{"taxonomy":"product_cat","embeddable":true,"href":"https:\/\/bavin.net.cn\/tr\/wp-json\/wp\/v2\/product_cat?post=4082"},{"taxonomy":"product_tag","embeddable":true,"href":"https:\/\/bavin.net.cn\/tr\/wp-json\/wp\/v2\/product_tag?post=4082"}],"curies":[{"name":"wp","href":"https:\/\/api.w.org\/{rel}","templated":true}]}}