{"id":4102,"date":"2025-06-16T00:15:24","date_gmt":"2025-06-16T08:15:24","guid":{"rendered":"https:\/\/bavin.net.cn\/?post_type=product&#038;p=4102"},"modified":"2025-09-05T01:20:52","modified_gmt":"2025-09-05T09:20:52","slug":"pc1171s","status":"publish","type":"product","link":"https:\/\/bavin.net.cn\/tr\/urun\/pc1171s\/","title":{"rendered":"PC1171S"},"content":{"rendered":"<p><strong>\u00b7<\/strong> 22.5W h\u0131zl\u0131 \u015farj<\/p>\n<p><strong>\u00b7<\/strong> Ayn\u0131 anda 4 cihaz\u0131 \u015farj edin<\/p>\n<p><strong>\u00b7<\/strong> \u00c7ift dahili kablo<\/p>\n<p><strong>\u00b7<\/strong> LED dijital ekran<\/p>","protected":false},"excerpt":{"rendered":"<p>20000mah powerbank<\/p>","protected":false},"featured_media":4106,"template":"","meta":{"_acf_changed":false,"_seopress_robots_primary_cat":"none","_seopress_titles_title":"PC1171S - BAVIN","_seopress_titles_desc":"22.5W fast charging, Charge 4 devices at the same time, Dual built-in cables, LED digital display","_seopress_robots_index":""},"product_cat":[85,35],"product_tag":[],"class_list":{"0":"post-4102","1":"product","2":"type-product","3":"status-publish","4":"has-post-thumbnail","6":"product_cat-power-bank","7":"product_cat-power-supply","8":"pa_color-black","9":"pa_color-white","11":"first","12":"instock","13":"shipping-taxable","14":"purchasable","15":"product-type-variable"},"acf":[],"_links":{"self":[{"href":"https:\/\/bavin.net.cn\/tr\/wp-json\/wp\/v2\/product\/4102","targetHints":{"allow":["GET"]}}],"collection":[{"href":"https:\/\/bavin.net.cn\/tr\/wp-json\/wp\/v2\/product"}],"about":[{"href":"https:\/\/bavin.net.cn\/tr\/wp-json\/wp\/v2\/types\/product"}],"wp:featuredmedia":[{"embeddable":true,"href":"https:\/\/bavin.net.cn\/tr\/wp-json\/wp\/v2\/media\/4106"}],"wp:attachment":[{"href":"https:\/\/bavin.net.cn\/tr\/wp-json\/wp\/v2\/media?parent=4102"}],"wp:term":[{"taxonomy":"product_cat","embeddable":true,"href":"https:\/\/bavin.net.cn\/tr\/wp-json\/wp\/v2\/product_cat?post=4102"},{"taxonomy":"product_tag","embeddable":true,"href":"https:\/\/bavin.net.cn\/tr\/wp-json\/wp\/v2\/product_tag?post=4102"}],"curies":[{"name":"wp","href":"https:\/\/api.w.org\/{rel}","templated":true}]}}