{"id":4150,"date":"2025-06-16T01:55:58","date_gmt":"2025-06-16T09:55:58","guid":{"rendered":"https:\/\/bavin.net.cn\/?post_type=product&#038;p=4150"},"modified":"2025-09-05T01:25:27","modified_gmt":"2025-09-05T09:25:27","slug":"pc1088","status":"publish","type":"product","link":"https:\/\/bavin.net.cn\/tr\/urun\/pc1088\/","title":{"rendered":"PC1088"},"content":{"rendered":"<p><strong>\u00b7<\/strong> 22.5W h\u0131zl\u0131 \u015farj<\/p>\n<p><strong>\u00b7<\/strong> 360\u00b0 d\u00f6nebilen ve katlanabilen stand<\/p>\n<p><strong>\u00b7<\/strong> Boyun ask\u0131s\u0131 \u2013 stil tasar\u0131m\u0131<\/p>\n<p><strong>\u00b7<\/strong> 15W kablosuz<\/p>","protected":false},"excerpt":{"rendered":"<p>kablosuz g\u00fc\u00e7 bankas\u0131<\/p>","protected":false},"featured_media":4154,"template":"","meta":{"_acf_changed":false,"_seopress_robots_primary_cat":"none","_seopress_titles_title":"PC1088- BAVIN","_seopress_titles_desc":"22.5W fast charging, 360\u00b0 rotatable & foldable stand, Lanyard - style design, 15W wireless","_seopress_robots_index":""},"product_cat":[35,37],"product_tag":[],"class_list":{"0":"post-4150","1":"product","2":"type-product","3":"status-publish","4":"has-post-thumbnail","6":"product_cat-power-supply","7":"product_cat-wireless-power-bank","8":"pa_color-black","9":"pa_color-white","11":"first","12":"instock","13":"shipping-taxable","14":"purchasable","15":"product-type-variable"},"acf":[],"_links":{"self":[{"href":"https:\/\/bavin.net.cn\/tr\/wp-json\/wp\/v2\/product\/4150","targetHints":{"allow":["GET"]}}],"collection":[{"href":"https:\/\/bavin.net.cn\/tr\/wp-json\/wp\/v2\/product"}],"about":[{"href":"https:\/\/bavin.net.cn\/tr\/wp-json\/wp\/v2\/types\/product"}],"wp:featuredmedia":[{"embeddable":true,"href":"https:\/\/bavin.net.cn\/tr\/wp-json\/wp\/v2\/media\/4154"}],"wp:attachment":[{"href":"https:\/\/bavin.net.cn\/tr\/wp-json\/wp\/v2\/media?parent=4150"}],"wp:term":[{"taxonomy":"product_cat","embeddable":true,"href":"https:\/\/bavin.net.cn\/tr\/wp-json\/wp\/v2\/product_cat?post=4150"},{"taxonomy":"product_tag","embeddable":true,"href":"https:\/\/bavin.net.cn\/tr\/wp-json\/wp\/v2\/product_tag?post=4150"}],"curies":[{"name":"wp","href":"https:\/\/api.w.org\/{rel}","templated":true}]}}