{"id":4210,"date":"2025-08-12T01:12:47","date_gmt":"2025-08-12T09:12:47","guid":{"rendered":"https:\/\/bavin.net.cn\/?post_type=product&#038;p=4210"},"modified":"2025-09-05T01:29:39","modified_gmt":"2025-09-05T09:29:39","slug":"pc1151s","status":"publish","type":"product","link":"https:\/\/bavin.net.cn\/tr\/urun\/pc1151s\/","title":{"rendered":"PC1151S"},"content":{"rendered":"<p><strong>\u00b7<\/strong> 22.5W h\u0131zl\u0131 \u015farj<\/p>\n<p><strong>\u00b7<\/strong> Entegre \u00e7ift kablolar<\/p>\n<p><strong>\u00b7<\/strong> Ak\u0131ll\u0131 LED pil g\u00f6stergesi<\/p>\n<p><strong>\u00b7<\/strong> Siyah veya beyaz kaplama<\/p>","protected":false},"excerpt":{"rendered":"<p>22,5 W g\u00fc\u00e7 bankas\u0131<\/p>","protected":false},"featured_media":4217,"template":"","meta":{"_acf_changed":false,"_seopress_robots_primary_cat":"none","_seopress_titles_title":"PC1151S - BAVIN","_seopress_titles_desc":"22.5W fast charging, Integrated dual cables, Smart LED battery display, Black or white finish","_seopress_robots_index":""},"product_cat":[85,35],"product_tag":[],"class_list":{"0":"post-4210","1":"product","2":"type-product","3":"status-publish","4":"has-post-thumbnail","6":"product_cat-power-bank","7":"product_cat-power-supply","8":"pa_color-black","9":"pa_color-white","11":"first","12":"instock","13":"shipping-taxable","14":"purchasable","15":"product-type-variable"},"acf":[],"_links":{"self":[{"href":"https:\/\/bavin.net.cn\/tr\/wp-json\/wp\/v2\/product\/4210","targetHints":{"allow":["GET"]}}],"collection":[{"href":"https:\/\/bavin.net.cn\/tr\/wp-json\/wp\/v2\/product"}],"about":[{"href":"https:\/\/bavin.net.cn\/tr\/wp-json\/wp\/v2\/types\/product"}],"wp:featuredmedia":[{"embeddable":true,"href":"https:\/\/bavin.net.cn\/tr\/wp-json\/wp\/v2\/media\/4217"}],"wp:attachment":[{"href":"https:\/\/bavin.net.cn\/tr\/wp-json\/wp\/v2\/media?parent=4210"}],"wp:term":[{"taxonomy":"product_cat","embeddable":true,"href":"https:\/\/bavin.net.cn\/tr\/wp-json\/wp\/v2\/product_cat?post=4210"},{"taxonomy":"product_tag","embeddable":true,"href":"https:\/\/bavin.net.cn\/tr\/wp-json\/wp\/v2\/product_tag?post=4210"}],"curies":[{"name":"wp","href":"https:\/\/api.w.org\/{rel}","templated":true}]}}