{"id":4228,"date":"2025-08-13T22:20:31","date_gmt":"2025-08-14T06:20:31","guid":{"rendered":"https:\/\/bavin.net.cn\/?post_type=product&#038;p=4228"},"modified":"2025-09-05T01:32:04","modified_gmt":"2025-09-05T09:32:04","slug":"pc1185-pc1191","status":"publish","type":"product","link":"https:\/\/bavin.net.cn\/tr\/urun\/pc1185-pc1191\/","title":{"rendered":"PC1185 ve PC1191"},"content":{"rendered":"<p><strong>\u00b7<\/strong> 22.5W h\u0131zl\u0131 \u015farj<\/p>\n<p><strong>\u00b7<\/strong> Dokulu kavrama<\/p>\n<p><strong>\u00b7<\/strong> \u00dc\u00e7 cihaza kadar \u015farj edin<\/p>\n<p><strong>\u00b7<\/strong> 10000mah ve 20000mah<\/p>","protected":false},"excerpt":{"rendered":"<p>22,5 W g\u00fc\u00e7 bankas\u0131<\/p>","protected":false},"featured_media":4232,"template":"","meta":{"_acf_changed":false,"_seopress_robots_primary_cat":"none","_seopress_titles_title":"PC1185 & PC1191 - BAVIN","_seopress_titles_desc":"22.5W fast charging, Textured grip, Charge up to three devices, 10000mah & 20000mah","_seopress_robots_index":""},"product_cat":[85,35],"product_tag":[],"class_list":{"0":"post-4228","1":"product","2":"type-product","3":"status-publish","4":"has-post-thumbnail","6":"product_cat-power-bank","7":"product_cat-power-supply","8":"pa_color-black","9":"pa_color-white","11":"first","12":"instock","13":"shipping-taxable","14":"purchasable","15":"product-type-variable"},"acf":[],"_links":{"self":[{"href":"https:\/\/bavin.net.cn\/tr\/wp-json\/wp\/v2\/product\/4228","targetHints":{"allow":["GET"]}}],"collection":[{"href":"https:\/\/bavin.net.cn\/tr\/wp-json\/wp\/v2\/product"}],"about":[{"href":"https:\/\/bavin.net.cn\/tr\/wp-json\/wp\/v2\/types\/product"}],"wp:featuredmedia":[{"embeddable":true,"href":"https:\/\/bavin.net.cn\/tr\/wp-json\/wp\/v2\/media\/4232"}],"wp:attachment":[{"href":"https:\/\/bavin.net.cn\/tr\/wp-json\/wp\/v2\/media?parent=4228"}],"wp:term":[{"taxonomy":"product_cat","embeddable":true,"href":"https:\/\/bavin.net.cn\/tr\/wp-json\/wp\/v2\/product_cat?post=4228"},{"taxonomy":"product_tag","embeddable":true,"href":"https:\/\/bavin.net.cn\/tr\/wp-json\/wp\/v2\/product_tag?post=4228"}],"curies":[{"name":"wp","href":"https:\/\/api.w.org\/{rel}","templated":true}]}}