{"id":4386,"date":"2025-09-11T22:15:15","date_gmt":"2025-09-12T06:15:15","guid":{"rendered":"https:\/\/bavin.net.cn\/?post_type=product&#038;p=4386"},"modified":"2025-09-11T22:53:00","modified_gmt":"2025-09-12T06:53:00","slug":"pc1187s","status":"publish","type":"product","link":"https:\/\/bavin.net.cn\/tr\/urun\/pc1187s\/","title":{"rendered":"PC1187S"},"content":{"rendered":"<p><strong>\u00b7<\/strong> 20W h\u0131zl\u0131 \u015farj<\/p>\n<p><strong>\u00b7<\/strong> 30 CM Dahili Kablo<\/p>\n<p><strong>\u00b7<\/strong> LED pil g\u00f6stergesi<\/p>\n<p><strong>\u00b7<\/strong> Mini Boyut<\/p>","protected":false},"excerpt":{"rendered":"<p>10000mah powerbank<\/p>","protected":false},"featured_media":4404,"template":"","meta":{"_acf_changed":false,"_seopress_robots_primary_cat":"none","_seopress_titles_title":"PC1187S - BAVIN","_seopress_titles_desc":"20W fast charging, 30CM Built-in Cable, LED battery indicator, Mini Size","_seopress_robots_index":""},"product_cat":[85,35],"product_tag":[],"class_list":{"0":"post-4386","1":"product","2":"type-product","3":"status-publish","4":"has-post-thumbnail","6":"product_cat-power-bank","7":"product_cat-power-supply","8":"pa_color-black","10":"first","11":"instock","12":"shipping-taxable","13":"purchasable","14":"product-type-variable"},"acf":[],"_links":{"self":[{"href":"https:\/\/bavin.net.cn\/tr\/wp-json\/wp\/v2\/product\/4386","targetHints":{"allow":["GET"]}}],"collection":[{"href":"https:\/\/bavin.net.cn\/tr\/wp-json\/wp\/v2\/product"}],"about":[{"href":"https:\/\/bavin.net.cn\/tr\/wp-json\/wp\/v2\/types\/product"}],"wp:featuredmedia":[{"embeddable":true,"href":"https:\/\/bavin.net.cn\/tr\/wp-json\/wp\/v2\/media\/4404"}],"wp:attachment":[{"href":"https:\/\/bavin.net.cn\/tr\/wp-json\/wp\/v2\/media?parent=4386"}],"wp:term":[{"taxonomy":"product_cat","embeddable":true,"href":"https:\/\/bavin.net.cn\/tr\/wp-json\/wp\/v2\/product_cat?post=4386"},{"taxonomy":"product_tag","embeddable":true,"href":"https:\/\/bavin.net.cn\/tr\/wp-json\/wp\/v2\/product_tag?post=4386"}],"curies":[{"name":"wp","href":"https:\/\/api.w.org\/{rel}","templated":true}]}}