{"id":4952,"date":"2025-09-12T23:51:28","date_gmt":"2025-09-13T07:51:28","guid":{"rendered":"https:\/\/bavin.net.cn\/?post_type=product&#038;p=4952"},"modified":"2025-09-13T00:00:26","modified_gmt":"2025-09-13T08:00:26","slug":"pc966","status":"publish","type":"product","link":"https:\/\/bavin.net.cn\/tr\/urun\/pc966\/","title":{"rendered":"PC966"},"content":{"rendered":"<p><strong>\u00b7<\/strong> 20W h\u0131zl\u0131 \u015farj<\/p>\n<p><strong>\u00b7<\/strong> Mini boyutu sayesinde ta\u015f\u0131mas\u0131 kolayd\u0131r<\/p>\n<p><strong>\u00b7<\/strong> 70%&#039;yi 40 dakikada \u015farj edin<\/p>\n<p><strong>\u00b7<\/strong> Kompakt Boyut Prizleri Kaplam\u0131yor<\/p>","protected":false},"excerpt":{"rendered":"<p>DUVAR \u015eARJI<\/p>","protected":false},"featured_media":4966,"template":"","meta":{"_acf_changed":false,"_seopress_robots_primary_cat":"none","_seopress_titles_title":"PC966 - BAVIN","_seopress_titles_desc":"20W fast charging, Mini size is easy to carry, Charge 70% in 40 minutes, Compact Size Doesn't Hog Outlets","_seopress_robots_index":""},"product_cat":[26,27],"product_tag":[],"class_list":{"0":"post-4952","1":"product","2":"type-product","3":"status-publish","4":"has-post-thumbnail","6":"product_cat-charger","7":"product_cat-wall-charger","8":"pa_color-black","9":"pa_color-white","11":"first","12":"instock","13":"shipping-taxable","14":"purchasable","15":"product-type-variable"},"acf":[],"_links":{"self":[{"href":"https:\/\/bavin.net.cn\/tr\/wp-json\/wp\/v2\/product\/4952","targetHints":{"allow":["GET"]}}],"collection":[{"href":"https:\/\/bavin.net.cn\/tr\/wp-json\/wp\/v2\/product"}],"about":[{"href":"https:\/\/bavin.net.cn\/tr\/wp-json\/wp\/v2\/types\/product"}],"wp:featuredmedia":[{"embeddable":true,"href":"https:\/\/bavin.net.cn\/tr\/wp-json\/wp\/v2\/media\/4966"}],"wp:attachment":[{"href":"https:\/\/bavin.net.cn\/tr\/wp-json\/wp\/v2\/media?parent=4952"}],"wp:term":[{"taxonomy":"product_cat","embeddable":true,"href":"https:\/\/bavin.net.cn\/tr\/wp-json\/wp\/v2\/product_cat?post=4952"},{"taxonomy":"product_tag","embeddable":true,"href":"https:\/\/bavin.net.cn\/tr\/wp-json\/wp\/v2\/product_tag?post=4952"}],"curies":[{"name":"wp","href":"https:\/\/api.w.org\/{rel}","templated":true}]}}