{"id":5078,"date":"2025-09-13T00:50:06","date_gmt":"2025-09-13T08:50:06","guid":{"rendered":"https:\/\/bavin.net.cn\/?post_type=product&#038;p=5078"},"modified":"2025-09-13T01:00:30","modified_gmt":"2025-09-13T09:00:30","slug":"pc913","status":"publish","type":"product","link":"https:\/\/bavin.net.cn\/tr\/urun\/pc913\/","title":{"rendered":"PC913"},"content":{"rendered":"<p><strong>\u00b7<\/strong> \u00c7ift USB \u00e7\u0131k\u0131\u015f portu<\/p>\n<p><strong>\u00b7<\/strong> 2.4A H\u0131zl\u0131 \u015farj<\/p>\n<p><strong>\u00b7<\/strong> \u00c7e\u015fitli ekipmanlar i\u00e7in h\u0131zl\u0131 \u015farjla tan\u0131\u015f\u0131n<\/p>\n<p><strong>\u00b7<\/strong> K\u00fc\u00e7\u00fck ve ta\u015f\u0131nmas\u0131 kolay<\/p>","protected":false},"excerpt":{"rendered":"<p>DUVAR \u015eARJI<\/p>","protected":false},"featured_media":5085,"template":"","meta":{"_acf_changed":false,"_seopress_robots_primary_cat":"none","_seopress_titles_title":"PC913 - BAVIN","_seopress_titles_desc":"Dual usb output port, 2.4A Fast charging, Meet the fast charging for a variety of equipment, Small and easy to carry","_seopress_robots_index":""},"product_cat":[26,27],"product_tag":[],"class_list":{"0":"post-5078","1":"product","2":"type-product","3":"status-publish","4":"has-post-thumbnail","6":"product_cat-charger","7":"product_cat-wall-charger","8":"pa_color-white","10":"first","11":"instock","12":"shipping-taxable","13":"purchasable","14":"product-type-variable"},"acf":[],"_links":{"self":[{"href":"https:\/\/bavin.net.cn\/tr\/wp-json\/wp\/v2\/product\/5078","targetHints":{"allow":["GET"]}}],"collection":[{"href":"https:\/\/bavin.net.cn\/tr\/wp-json\/wp\/v2\/product"}],"about":[{"href":"https:\/\/bavin.net.cn\/tr\/wp-json\/wp\/v2\/types\/product"}],"wp:featuredmedia":[{"embeddable":true,"href":"https:\/\/bavin.net.cn\/tr\/wp-json\/wp\/v2\/media\/5085"}],"wp:attachment":[{"href":"https:\/\/bavin.net.cn\/tr\/wp-json\/wp\/v2\/media?parent=5078"}],"wp:term":[{"taxonomy":"product_cat","embeddable":true,"href":"https:\/\/bavin.net.cn\/tr\/wp-json\/wp\/v2\/product_cat?post=5078"},{"taxonomy":"product_tag","embeddable":true,"href":"https:\/\/bavin.net.cn\/tr\/wp-json\/wp\/v2\/product_tag?post=5078"}],"curies":[{"name":"wp","href":"https:\/\/api.w.org\/{rel}","templated":true}]}}